{"id":1184,"date":"2020-12-08T22:45:21","date_gmt":"2020-12-08T21:45:21","guid":{"rendered":"http:\/\/erma-projet.groupecharbonnier.fr\/?page_id=1184"},"modified":"2024-05-17T15:57:03","modified_gmt":"2024-05-17T13:57:03","slug":"carrieres","status":"publish","type":"page","link":"https:\/\/www.erma-electronique.fr\/en\/carrieres\/","title":{"rendered":"Careers"},"content":{"rendered":"<div data-elementor-type=\"wp-page\" data-elementor-id=\"1184\" class=\"elementor elementor-1184\" data-elementor-post-type=\"page\">\n\t\t\t\t\t\t<section class=\"elementor-section elementor-top-section elementor-element elementor-element-2dc32d8 elementor-section-height-min-height elementor-section-items-bottom elementor-section-boxed elementor-section-height-default\" data-id=\"2dc32d8\" data-element_type=\"section\" data-settings=\"{&quot;background_background&quot;:&quot;classic&quot;}\">\n\t\t\t\t\t\t\t<div class=\"elementor-background-overlay\"><\/div>\n\t\t\t\t\t\t\t<div class=\"elementor-container elementor-column-gap-no\">\n\t\t\t\t\t<div class=\"elementor-column elementor-col-100 elementor-top-column elementor-element elementor-element-d3e90b5\" data-id=\"d3e90b5\" data-element_type=\"column\">\n\t\t\t<div class=\"elementor-widget-wrap elementor-element-populated\">\n\t\t\t\t\t\t<div class=\"elementor-element elementor-element-ae9448a elementor-widget elementor-widget-heading\" data-id=\"ae9448a\" data-element_type=\"widget\" data-widget_type=\"heading.default\">\n\t\t\t\t<div class=\"elementor-widget-container\">\n\t\t\t<h6 class=\"elementor-heading-title elementor-size-default\">ERMA ELECTRONIQUE<\/h6>\t\t<\/div>\n\t\t\t\t<\/div>\n\t\t\t\t<div class=\"elementor-element elementor-element-91f8def elementor-widget elementor-widget-heading\" data-id=\"91f8def\" data-element_type=\"widget\" data-widget_type=\"heading.default\">\n\t\t\t\t<div class=\"elementor-widget-container\">\n\t\t\t<h1 class=\"elementor-heading-title elementor-size-default\">Careers<\/h1>\t\t<\/div>\n\t\t\t\t<\/div>\n\t\t\t\t<div class=\"elementor-element elementor-element-7a4c74a elementor-widget elementor-widget-heading\" data-id=\"7a4c74a\" data-element_type=\"widget\" data-widget_type=\"heading.default\">\n\t\t\t\t<div class=\"elementor-widget-container\">\n\t\t\t<h3 class=\"elementor-heading-title elementor-size-default\">Nous recrutons 2 c\u00e2bleurs a\u00e9ronautiques \u00e0 Toulouse<br>Travail en atelier, sur planche, sur site Airbus, possibilit\u00e9 de travail en 2*8<\/h3>\t\t<\/div>\n\t\t\t\t<\/div>\n\t\t\t\t<div class=\"elementor-element elementor-element-1abf079 elementor-widget-divider--view-line elementor-widget elementor-widget-divider\" data-id=\"1abf079\" data-element_type=\"widget\" data-widget_type=\"divider.default\">\n\t\t\t\t<div class=\"elementor-widget-container\">\n\t\t\t\t\t<div class=\"elementor-divider\">\n\t\t\t<span class=\"elementor-divider-separator\">\n\t\t\t\t\t\t<\/span>\n\t\t<\/div>\n\t\t\t\t<\/div>\n\t\t\t\t<\/div>\n\t\t\t\t\t<\/div>\n\t\t<\/div>\n\t\t\t\t\t<\/div>\n\t\t<\/section>\n\t\t\t\t<section class=\"elementor-section elementor-top-section elementor-element elementor-element-5885891 elementor-section-boxed elementor-section-height-default elementor-section-height-default\" data-id=\"5885891\" data-element_type=\"section\">\n\t\t\t\t\t\t<div class=\"elementor-container elementor-column-gap-default\">\n\t\t\t\t\t<div class=\"elementor-column elementor-col-50 elementor-top-column elementor-element elementor-element-5b635a4\" data-id=\"5b635a4\" data-element_type=\"column\">\n\t\t\t<div class=\"elementor-widget-wrap elementor-element-populated\">\n\t\t\t\t\t\t<div class=\"elementor-element elementor-element-34c26c6 elementor-widget elementor-widget-shortcode\" data-id=\"34c26c6\" data-element_type=\"widget\" data-widget_type=\"shortcode.default\">\n\t\t\t\t<div class=\"elementor-widget-container\">\n\t\t\t\t\t<div class=\"elementor-shortcode\"><div class=\"job_listings\" data-location=\"\" data-keywords=\"\" data-show_filters=\"true\" data-show_pagination=\"false\" data-per_page=\"10\" data-orderby=\"featured\" data-order=\"DESC\" data-categories=\"\" data-disable-form-state-storage=\"\" data-post_id=\"1184\" >\n<form class=\"job_filters\" action=\"\">\n\t\n\t<div class=\"search_jobs\">\n\t\t\n\t\t<div class=\"search_keywords\">\n\t\t\t<label for=\"search_keywords\">Keywords<\/label>\n\t\t\t<input type=\"text\" name=\"search_keywords\" id=\"search_keywords\" placeholder=\"Keywords\" value=\"\" \/>\n\t\t<\/div>\n\n\t\t<div class=\"search_location\">\n\t\t\t<label for=\"search_location\">Location<\/label>\n\t\t\t<input type=\"text\" name=\"search_location\" id=\"search_location\" placeholder=\"Location\" value=\"\" \/>\n\t\t<\/div>\n\n\t\t\t\t\t<div class=\"search_remote_position\">\n\t\t\t\t<input type=\"checkbox\" class=\"input-checkbox\" name=\"remote_position\" id=\"remote_position\" placeholder=\"Location\" value=\"1\"  \/>\n\t\t\t\t<label for=\"remote_position\" id=\"remote_position_label\">Remote positions only<\/label>\n\t\t\t<\/div>\n\t\t\n\t\t<div style=\"clear: both\"><\/div>\n\n\t\t\n\t\t\t\t\t<div class=\"search_submit\">\n\t\t\t\t<input type=\"submit\" value=\"Search Jobs\">\n\t\t\t<\/div>\n\t\t\n\t\t\t<\/div>\n\n\t\t<ul class=\"job_types\">\n\t\t\t\t\t<li><label for=\"job_type_cableur\" class=\"cableur\"><input type=\"checkbox\" name=\"filter_job_type[]\" value=\"cableur\"  checked='checked' id=\"job_type_cableur\" \/> C\u00e2bleur<\/label><\/li>\n\t\t\t\t\t<li><label for=\"job_type_controleur\" class=\"controleur\"><input type=\"checkbox\" name=\"filter_job_type[]\" value=\"controleur\"  checked='checked' id=\"job_type_controleur\" \/> Contr\u00f4leur<\/label><\/li>\n\t\t\t\t\t<li><label for=\"job_type_ingenieur\" class=\"ingenieur\"><input type=\"checkbox\" name=\"filter_job_type[]\" value=\"ingenieur\"  checked='checked' id=\"job_type_ingenieur\" \/> Ing\u00e9nieur<\/label><\/li>\n\t\t\t\t\t<li><label for=\"job_type_instrumentaliste\" class=\"instrumentaliste\"><input type=\"checkbox\" name=\"filter_job_type[]\" value=\"instrumentaliste\"  checked='checked' id=\"job_type_instrumentaliste\" \/> Instrumentaliste<\/label><\/li>\n\t\t\t\t\t<li><label for=\"job_type_monteur\" class=\"monteur\"><input type=\"checkbox\" name=\"filter_job_type[]\" value=\"monteur\"  checked='checked' id=\"job_type_monteur\" \/> Monteur<\/label><\/li>\n\t\t\t\t\t<li><label for=\"job_type_technicien-superieur\" class=\"technicien-superieur\"><input type=\"checkbox\" name=\"filter_job_type[]\" value=\"technicien-superieur\"  checked='checked' id=\"job_type_technicien-superieur\" \/> Technicien sup\u00e9rieur<\/label><\/li>\n\t\t\t<\/ul>\n\t<input type=\"hidden\" name=\"filter_job_type[]\" value=\"\" \/>\n<div class=\"showing_jobs\"><\/div><input type=\"hidden\" name=\"trp-form-language\" value=\"en\"\/><\/form>\n\n\n<noscript>Your browser does not support JavaScript, or it is disabled. JavaScript must be enabled in order to view listings.<\/noscript>\n<ul class=\"job_listings\">\n<\/ul>\n<a class=\"load_more_jobs\" href=\"#\" style=\"display:none;\"><strong>Load more listings<\/strong><\/a><\/div><\/div>\n\t\t\t\t<\/div>\n\t\t\t\t<\/div>\n\t\t\t\t\t<\/div>\n\t\t<\/div>\n\t\t\t\t<div class=\"elementor-column elementor-col-50 elementor-top-column elementor-element elementor-element-01c9c7a\" data-id=\"01c9c7a\" data-element_type=\"column\">\n\t\t\t<div class=\"elementor-widget-wrap elementor-element-populated\">\n\t\t\t\t\t\t<div class=\"elementor-element elementor-element-c39f6b1 elementor-widget elementor-widget-heading\" data-id=\"c39f6b1\" data-element_type=\"widget\" data-widget_type=\"heading.default\">\n\t\t\t\t<div class=\"elementor-widget-container\">\n\t\t\t<h3 class=\"elementor-heading-title elementor-size-default\">Spontaneous application<\/h3>\t\t<\/div>\n\t\t\t\t<\/div>\n\t\t\t\t<div class=\"elementor-element elementor-element-df36ab4 elementor-widget elementor-widget-shortcode\" data-id=\"df36ab4\" data-element_type=\"widget\" data-widget_type=\"shortcode.default\">\n\t\t\t\t<div class=\"elementor-widget-container\">\n\t\t\t\t\t<div class=\"elementor-shortcode\">\n<div class=\"wpcf7 no-js\" id=\"wpcf7-f2292-o1\" lang=\"fr-FR\" dir=\"ltr\">\n<div class=\"screen-reader-response\"><p role=\"status\" aria-live=\"polite\" aria-atomic=\"true\"><\/p> <ul><\/ul><\/div>\n<form action=\"\/en\/wp-json\/wp\/v2\/pages\/1184#wpcf7-f2292-o1\" method=\"post\" class=\"wpcf7-form init\" aria-label=\"Formulaire de contact\" enctype=\"multipart\/form-data\" novalidate=\"novalidate\" data-status=\"init\" data-trp-original-action=\"\/en\/wp-json\/wp\/v2\/pages\/1184#wpcf7-f2292-o1\">\n<div style=\"display: none;\">\n<input type=\"hidden\" name=\"_wpcf7\" value=\"2292\" \/>\n<input type=\"hidden\" name=\"_wpcf7_version\" value=\"5.9\" \/>\n<input type=\"hidden\" name=\"_wpcf7_locale\" value=\"fr_FR\" \/>\n<input type=\"hidden\" name=\"_wpcf7_unit_tag\" value=\"wpcf7-f2292-o1\" \/>\n<input type=\"hidden\" name=\"_wpcf7_container_post\" value=\"0\" \/>\n<input type=\"hidden\" name=\"_wpcf7_posted_data_hash\" value=\"\" \/>\n<\/div>\n<p><label> Name, first name or company name<br \/>\n<span class=\"wpcf7-form-control-wrap\" data-name=\"your-name\"><input size=\"40\" class=\"wpcf7-form-control wpcf7-text wpcf7-validates-as-required\" aria-required=\"true\" aria-invalid=\"false\" value=\"\" type=\"text\" name=\"your-name\" \/><\/span> <\/label>\n<\/p>\n<p><label> Mail address<br \/>\n<span class=\"wpcf7-form-control-wrap\" data-name=\"your-email\"><input size=\"40\" class=\"wpcf7-form-control wpcf7-email wpcf7-validates-as-required wpcf7-text wpcf7-validates-as-email\" aria-required=\"true\" aria-invalid=\"false\" value=\"\" type=\"email\" name=\"your-email\" \/><\/span> <\/label>\n<\/p>\n<p><label> Phone number<br \/>\n<span class=\"wpcf7-form-control-wrap\" data-name=\"your-tel\"><input size=\"40\" class=\"wpcf7-form-control wpcf7-tel wpcf7-validates-as-required wpcf7-text wpcf7-validates-as-tel\" aria-required=\"true\" aria-invalid=\"false\" value=\"\" type=\"tel\" name=\"your-tel\" \/><\/span> <\/label>\n<\/p>\n<p><label>Please add your CV as an attachment below<br \/>\n<span class=\"wpcf7-form-control-wrap\" data-name=\"file-cv\"><input size=\"40\" class=\"wpcf7-form-control wpcf7-file wpcf7-validates-as-required\" accept=\".png,.jpg,.jpeg,.pdf\" aria-required=\"true\" aria-invalid=\"false\" type=\"file\" name=\"file-cv\" \/><\/span> <\/label>\n<\/p>\n<p><label> Please add your cover letter as an attachment below<br \/>\n<span class=\"wpcf7-form-control-wrap\" data-name=\"file-lm\"><input size=\"40\" class=\"wpcf7-form-control wpcf7-file wpcf7-validates-as-required\" accept=\".png,.jpg,.jpeg,.pdf\" aria-required=\"true\" aria-invalid=\"false\" type=\"file\" name=\"file-lm\" \/><\/span> <\/label>\n<\/p>\n<p><label> Additional information (optional)<br \/>\n<span class=\"wpcf7-form-control-wrap\" data-name=\"your-message\"><textarea cols=\"40\" rows=\"10\" class=\"wpcf7-form-control wpcf7-textarea\" aria-invalid=\"false\" name=\"your-message\"><\/textarea><\/span> <\/label>\n<\/p>\n<p><input class=\"wpcf7-form-control wpcf7-submit has-spinner\" type=\"submit\" value=\"Send\" \/>\n<\/p><div class=\"wpcf7-response-output\" aria-hidden=\"true\"><\/div>\n<input type=\"hidden\" name=\"trp-form-language\" value=\"en\"\/><\/form>\n<\/div>\n<\/div>\n\t\t\t\t<\/div>\n\t\t\t\t<\/div>\n\t\t\t\t\t<\/div>\n\t\t<\/div>\n\t\t\t\t\t<\/div>\n\t\t<\/section>\n\t\t\t\t<\/div>","protected":false},"excerpt":{"rendered":"<p>ERMA ELECTRONIQUE Carri\u00e8res Nous recrutons 2 c\u00e2bleurs a\u00e9ronautiques \u00e0 ToulouseTravail en atelier, sur planche, sur site Airbus, possibilit\u00e9 de travail en 2*8 D\u00e9poser une candidature libre<\/p>","protected":false},"author":1,"featured_media":0,"parent":0,"menu_order":0,"comment_status":"closed","ping_status":"closed","template":"","meta":{"pmpro_default_level":0,"site-sidebar-layout":"no-sidebar","site-content-layout":"page-builder","ast-global-header-display":"","ast-main-header-display":"","ast-hfb-above-header-display":"","ast-hfb-below-header-display":"","ast-hfb-mobile-header-display":"","site-post-title":"disabled","ast-breadcrumbs-content":"","ast-featured-img":"disabled","footer-sml-layout":"","theme-transparent-header-meta":"enabled","adv-header-id-meta":"","stick-header-meta":"","header-above-stick-meta":"","header-main-stick-meta":"","header-below-stick-meta":"","footnotes":""},"class_list":["post-1184","page","type-page","status-publish","hentry","pmpro-has-access"],"yoast_head":"<!-- This site is optimized with the Yoast SEO plugin v20.1 - https:\/\/yoast.com\/wordpress\/plugins\/seo\/ -->\n<title>Carri\u00e8res - Erma electronique - Groupe charbonnier<\/title>\n<meta name=\"robots\" content=\"index, follow, max-snippet:-1, max-image-preview:large, max-video-preview:-1\" \/>\n<link rel=\"canonical\" href=\"https:\/\/www.erma-electronique.fr\/en\/carrieres\/\" \/>\n<meta property=\"og:locale\" content=\"en_GB\" \/>\n<meta property=\"og:type\" content=\"article\" \/>\n<meta property=\"og:title\" content=\"Carri\u00e8res - Erma electronique - Groupe charbonnier\" \/>\n<meta property=\"og:description\" content=\"ERMA ELECTRONIQUE Carri\u00e8res Nous recrutons 2 c\u00e2bleurs a\u00e9ronautiques \u00e0 ToulouseTravail en atelier, sur planche, sur site Airbus, possibilit\u00e9 de travail en 2*8 D\u00e9poser une candidature libre\" \/>\n<meta property=\"og:url\" content=\"https:\/\/www.erma-electronique.fr\/en\/carrieres\/\" \/>\n<meta property=\"og:site_name\" content=\"Erma electronique - Groupe charbonnier\" \/>\n<meta property=\"article:modified_time\" content=\"2024-05-17T13:57:03+00:00\" \/>\n<meta name=\"twitter:card\" content=\"summary_large_image\" \/>\n<meta name=\"twitter:label1\" content=\"Estimated reading time\" \/>\n\t<meta name=\"twitter:data1\" content=\"1 minute\" \/>\n<script type=\"application\/ld+json\" class=\"yoast-schema-graph\">{\"@context\":\"https:\/\/schema.org\",\"@graph\":[{\"@type\":\"WebPage\",\"@id\":\"https:\/\/www.erma-electronique.fr\/carrieres\/\",\"url\":\"https:\/\/www.erma-electronique.fr\/carrieres\/\",\"name\":\"Carri\u00e8res - Erma electronique - Groupe charbonnier\",\"isPartOf\":{\"@id\":\"https:\/\/www.erma-electronique.fr\/#website\"},\"datePublished\":\"2020-12-08T21:45:21+00:00\",\"dateModified\":\"2024-05-17T13:57:03+00:00\",\"breadcrumb\":{\"@id\":\"https:\/\/www.erma-electronique.fr\/carrieres\/#breadcrumb\"},\"inLanguage\":\"en-GB\",\"potentialAction\":[{\"@type\":\"ReadAction\",\"target\":[\"https:\/\/www.erma-electronique.fr\/carrieres\/\"]}]},{\"@type\":\"BreadcrumbList\",\"@id\":\"https:\/\/www.erma-electronique.fr\/carrieres\/#breadcrumb\",\"itemListElement\":[{\"@type\":\"ListItem\",\"position\":1,\"name\":\"Accueil\",\"item\":\"https:\/\/www.erma-electronique.fr\/\"},{\"@type\":\"ListItem\",\"position\":2,\"name\":\"Carri\u00e8res\"}]},{\"@type\":\"WebSite\",\"@id\":\"https:\/\/www.erma-electronique.fr\/#website\",\"url\":\"https:\/\/www.erma-electronique.fr\/\",\"name\":\"Erma electronique - Groupe charbonnier\",\"description\":\"\",\"potentialAction\":[{\"@type\":\"SearchAction\",\"target\":{\"@type\":\"EntryPoint\",\"urlTemplate\":\"https:\/\/www.erma-electronique.fr\/?s={search_term_string}\"},\"query-input\":\"required name=search_term_string\"}],\"inLanguage\":\"en-GB\"}]}<\/script>\n<!-- \/ Yoast SEO plugin. -->","yoast_head_json":{"title":"Carri\u00e8res - Erma electronique - Groupe charbonnier","robots":{"index":"index","follow":"follow","max-snippet":"max-snippet:-1","max-image-preview":"max-image-preview:large","max-video-preview":"max-video-preview:-1"},"canonical":"https:\/\/www.erma-electronique.fr\/en\/carrieres\/","og_locale":"en_GB","og_type":"article","og_title":"Carri\u00e8res - Erma electronique - Groupe charbonnier","og_description":"ERMA ELECTRONIQUE Carri\u00e8res Nous recrutons 2 c\u00e2bleurs a\u00e9ronautiques \u00e0 ToulouseTravail en atelier, sur planche, sur site Airbus, possibilit\u00e9 de travail en 2*8 D\u00e9poser une candidature libre","og_url":"https:\/\/www.erma-electronique.fr\/en\/carrieres\/","og_site_name":"Erma electronique - Groupe charbonnier","article_modified_time":"2024-05-17T13:57:03+00:00","twitter_card":"summary_large_image","twitter_misc":{"Estimated reading time":"1 minute"},"schema":{"@context":"https:\/\/schema.org","@graph":[{"@type":"WebPage","@id":"https:\/\/www.erma-electronique.fr\/carrieres\/","url":"https:\/\/www.erma-electronique.fr\/carrieres\/","name":"Carri\u00e8res - Erma electronique - Groupe charbonnier","isPartOf":{"@id":"https:\/\/www.erma-electronique.fr\/#website"},"datePublished":"2020-12-08T21:45:21+00:00","dateModified":"2024-05-17T13:57:03+00:00","breadcrumb":{"@id":"https:\/\/www.erma-electronique.fr\/carrieres\/#breadcrumb"},"inLanguage":"en-GB","potentialAction":[{"@type":"ReadAction","target":["https:\/\/www.erma-electronique.fr\/carrieres\/"]}]},{"@type":"BreadcrumbList","@id":"https:\/\/www.erma-electronique.fr\/carrieres\/#breadcrumb","itemListElement":[{"@type":"ListItem","position":1,"name":"Accueil","item":"https:\/\/www.erma-electronique.fr\/"},{"@type":"ListItem","position":2,"name":"Carri\u00e8res"}]},{"@type":"WebSite","@id":"https:\/\/www.erma-electronique.fr\/#website","url":"https:\/\/www.erma-electronique.fr\/","name":"Erma electronique - Groupe charbonnier","description":"","potentialAction":[{"@type":"SearchAction","target":{"@type":"EntryPoint","urlTemplate":"https:\/\/www.erma-electronique.fr\/?s={search_term_string}"},"query-input":"required name=search_term_string"}],"inLanguage":"en-GB"}]}},"_links":{"self":[{"href":"https:\/\/www.erma-electronique.fr\/en\/wp-json\/wp\/v2\/pages\/1184","targetHints":{"allow":["GET"]}}],"collection":[{"href":"https:\/\/www.erma-electronique.fr\/en\/wp-json\/wp\/v2\/pages"}],"about":[{"href":"https:\/\/www.erma-electronique.fr\/en\/wp-json\/wp\/v2\/types\/page"}],"author":[{"embeddable":true,"href":"https:\/\/www.erma-electronique.fr\/en\/wp-json\/wp\/v2\/users\/1"}],"replies":[{"embeddable":true,"href":"https:\/\/www.erma-electronique.fr\/en\/wp-json\/wp\/v2\/comments?post=1184"}],"version-history":[{"count":42,"href":"https:\/\/www.erma-electronique.fr\/en\/wp-json\/wp\/v2\/pages\/1184\/revisions"}],"predecessor-version":[{"id":4755,"href":"https:\/\/www.erma-electronique.fr\/en\/wp-json\/wp\/v2\/pages\/1184\/revisions\/4755"}],"wp:attachment":[{"href":"https:\/\/www.erma-electronique.fr\/en\/wp-json\/wp\/v2\/media?parent=1184"}],"curies":[{"name":"wp","href":"https:\/\/api.w.org\/{rel}","templated":true}]}}