{"id":1292,"date":"2020-12-09T00:29:24","date_gmt":"2020-12-08T23:29:24","guid":{"rendered":"http:\/\/erma-projet.groupecharbonnier.fr\/?page_id=1292"},"modified":"2024-05-13T16:32:08","modified_gmt":"2024-05-13T14:32:08","slug":"naval","status":"publish","type":"page","link":"https:\/\/www.erma-electronique.fr\/en\/activites\/naval\/","title":{"rendered":"Naval"},"content":{"rendered":"<div data-elementor-type=\"wp-page\" data-elementor-id=\"1292\" class=\"elementor elementor-1292\" data-elementor-post-type=\"page\">\n\t\t\t\t\t\t<section class=\"elementor-section elementor-top-section elementor-element elementor-element-0075c42 elementor-section-height-min-height elementor-section-items-bottom elementor-section-boxed elementor-section-height-default\" data-id=\"0075c42\" data-element_type=\"section\" data-settings=\"{&quot;background_background&quot;:&quot;classic&quot;}\">\n\t\t\t\t\t\t\t<div class=\"elementor-background-overlay\"><\/div>\n\t\t\t\t\t\t\t<div class=\"elementor-container elementor-column-gap-no\">\n\t\t\t\t\t<div class=\"elementor-column elementor-col-100 elementor-top-column elementor-element elementor-element-0930a62\" data-id=\"0930a62\" data-element_type=\"column\">\n\t\t\t<div class=\"elementor-widget-wrap elementor-element-populated\">\n\t\t\t\t\t\t<div class=\"elementor-element elementor-element-c85ced8 elementor-widget elementor-widget-heading\" data-id=\"c85ced8\" data-element_type=\"widget\" data-widget_type=\"heading.default\">\n\t\t\t\t<div class=\"elementor-widget-container\">\n\t\t\t<h6 class=\"elementor-heading-title elementor-size-default\">ERMA ELECTRONIQUE<\/h6>\t\t<\/div>\n\t\t\t\t<\/div>\n\t\t\t\t<div class=\"elementor-element elementor-element-47775f0 elementor-widget elementor-widget-heading\" data-id=\"47775f0\" data-element_type=\"widget\" data-widget_type=\"heading.default\">\n\t\t\t\t<div class=\"elementor-widget-container\">\n\t\t\t<h6 class=\"elementor-heading-title elementor-size-default\">Industry<\/h6>\t\t<\/div>\n\t\t\t\t<\/div>\n\t\t\t\t<div class=\"elementor-element elementor-element-3860236 elementor-widget elementor-widget-heading\" data-id=\"3860236\" data-element_type=\"widget\" data-widget_type=\"heading.default\">\n\t\t\t\t<div class=\"elementor-widget-container\">\n\t\t\t<h1 class=\"elementor-heading-title elementor-size-default\">Naval<\/h1>\t\t<\/div>\n\t\t\t\t<\/div>\n\t\t\t\t<div class=\"elementor-element elementor-element-7b2d1c0 elementor-widget-divider--view-line elementor-widget elementor-widget-divider\" data-id=\"7b2d1c0\" data-element_type=\"widget\" data-widget_type=\"divider.default\">\n\t\t\t\t<div class=\"elementor-widget-container\">\n\t\t\t\t\t<div class=\"elementor-divider\">\n\t\t\t<span class=\"elementor-divider-separator\">\n\t\t\t\t\t\t<\/span>\n\t\t<\/div>\n\t\t\t\t<\/div>\n\t\t\t\t<\/div>\n\t\t\t\t\t<\/div>\n\t\t<\/div>\n\t\t\t\t\t<\/div>\n\t\t<\/section>\n\t\t\t\t<section class=\"elementor-section elementor-top-section elementor-element elementor-element-366ecfe elementor-section-boxed elementor-section-height-default elementor-section-height-default\" data-id=\"366ecfe\" data-element_type=\"section\" data-settings=\"{&quot;background_background&quot;:&quot;classic&quot;}\">\n\t\t\t\t\t\t<div class=\"elementor-container elementor-column-gap-no\">\n\t\t\t\t\t<div class=\"elementor-column elementor-col-100 elementor-top-column elementor-element elementor-element-4f9b230\" data-id=\"4f9b230\" data-element_type=\"column\" data-settings=\"{&quot;background_background&quot;:&quot;classic&quot;}\">\n\t\t\t<div class=\"elementor-widget-wrap elementor-element-populated\">\n\t\t\t\t\t\t<div class=\"elementor-element elementor-element-febf810 elementor-hidden-phone elementor-invisible elementor-widget elementor-widget-heading\" data-id=\"febf810\" data-element_type=\"widget\" data-settings=\"{&quot;_animation&quot;:&quot;fadeIn&quot;}\" data-widget_type=\"heading.default\">\n\t\t\t\t<div class=\"elementor-widget-container\">\n\t\t\t<h6 class=\"elementor-heading-title elementor-size-default\">Le P\u00f4le \u00e9lectrique &amp; mecanique - groupe charbonnier<\/h6>\t\t<\/div>\n\t\t\t\t<\/div>\n\t\t\t\t<div class=\"elementor-element elementor-element-a8d6343 elementor-invisible elementor-widget elementor-widget-heading\" data-id=\"a8d6343\" data-element_type=\"widget\" data-settings=\"{&quot;_animation&quot;:&quot;fadeIn&quot;}\" data-widget_type=\"heading.default\">\n\t\t\t\t<div class=\"elementor-widget-container\">\n\t\t\t<h2 class=\"elementor-heading-title elementor-size-xxl\">Nos Interventions :<\/h2>\t\t<\/div>\n\t\t\t\t<\/div>\n\t\t\t\t<div class=\"elementor-element elementor-element-5605d46 elementor-invisible elementor-widget elementor-widget-heading\" data-id=\"5605d46\" data-element_type=\"widget\" data-settings=\"{&quot;_animation&quot;:&quot;fadeIn&quot;}\" data-widget_type=\"heading.default\">\n\t\t\t\t<div class=\"elementor-widget-container\">\n\t\t\t<h2 class=\"elementor-heading-title elementor-size-default\">R\u00e9alisation sur nos sites de production et interventions sur sites clients.<\/h2>\t\t<\/div>\n\t\t\t\t<\/div>\n\t\t\t\t\t<\/div>\n\t\t<\/div>\n\t\t\t\t\t<\/div>\n\t\t<\/section>\n\t\t\t\t<section class=\"elementor-section elementor-top-section elementor-element elementor-element-19608ec elementor-section-boxed elementor-section-height-default elementor-section-height-default\" data-id=\"19608ec\" data-element_type=\"section\">\n\t\t\t\t\t\t<div class=\"elementor-container elementor-column-gap-default\">\n\t\t\t\t\t<div class=\"elementor-column elementor-col-100 elementor-top-column elementor-element elementor-element-4c58c25\" data-id=\"4c58c25\" data-element_type=\"column\">\n\t\t\t<div class=\"elementor-widget-wrap elementor-element-populated\">\n\t\t\t\t\t\t<div class=\"elementor-element elementor-element-7d5bfe5 elementor-widget elementor-widget-spacer\" data-id=\"7d5bfe5\" data-element_type=\"widget\" data-widget_type=\"spacer.default\">\n\t\t\t\t<div class=\"elementor-widget-container\">\n\t\t\t\t\t<div class=\"elementor-spacer\">\n\t\t\t<div class=\"elementor-spacer-inner\"><\/div>\n\t\t<\/div>\n\t\t\t\t<\/div>\n\t\t\t\t<\/div>\n\t\t\t\t\t<\/div>\n\t\t<\/div>\n\t\t\t\t\t<\/div>\n\t\t<\/section>\n\t\t\t\t<section class=\"elementor-section elementor-top-section elementor-element elementor-element-df17fc2 elementor-section-boxed elementor-section-height-default elementor-section-height-default\" data-id=\"df17fc2\" data-element_type=\"section\" data-settings=\"{&quot;background_background&quot;:&quot;slideshow&quot;,&quot;background_slideshow_gallery&quot;:[{&quot;id&quot;:4478,&quot;url&quot;:&quot;https:\\\/\\\/www.erma-electronique.fr\\\/wp-content\\\/uploads\\\/2024\\\/05\\\/DOMAINES-INTER_Secteurs_Naval_FABRICATION-1-scaled.jpg&quot;},{&quot;id&quot;:4479,&quot;url&quot;:&quot;https:\\\/\\\/www.erma-electronique.fr\\\/wp-content\\\/uploads\\\/2024\\\/05\\\/DOMAINES-INTER_Secteurs_Naval_FABRICATION-2.jpg&quot;},{&quot;id&quot;:4481,&quot;url&quot;:&quot;https:\\\/\\\/www.erma-electronique.fr\\\/wp-content\\\/uploads\\\/2024\\\/05\\\/DOMAINES-INTER_Secteurs_Naval_FABRICATION-3.jpg&quot;},{&quot;id&quot;:4482,&quot;url&quot;:&quot;https:\\\/\\\/www.erma-electronique.fr\\\/wp-content\\\/uploads\\\/2024\\\/05\\\/DOMAINES-INTER_Secteurs_Naval_FABRICATION-4.jpg&quot;},{&quot;id&quot;:4485,&quot;url&quot;:&quot;https:\\\/\\\/www.erma-electronique.fr\\\/wp-content\\\/uploads\\\/2024\\\/05\\\/DOMAINES-INTER_Secteurs_Naval_REALISATION-SERIE-3.jpg&quot;},{&quot;id&quot;:4486,&quot;url&quot;:&quot;https:\\\/\\\/www.erma-electronique.fr\\\/wp-content\\\/uploads\\\/2024\\\/05\\\/DOMAINES-INTER_Secteurs_Naval_REALISATION-SERIE-4.jpg&quot;},{&quot;id&quot;:4487,&quot;url&quot;:&quot;https:\\\/\\\/www.erma-electronique.fr\\\/wp-content\\\/uploads\\\/2024\\\/05\\\/DOMAINES-INTER_Secteurs_Naval_REALISATION-SERIE-5-scaled.jpg&quot;},{&quot;id&quot;:4488,&quot;url&quot;:&quot;https:\\\/\\\/www.erma-electronique.fr\\\/wp-content\\\/uploads\\\/2024\\\/05\\\/DOMAINES-INTER_Secteurs_Naval_REALISATION-SERIE-6.jpg&quot;}],&quot;background_slideshow_slide_duration&quot;:3000,&quot;background_slideshow_transition_duration&quot;:1000,&quot;background_slideshow_ken_burns&quot;:&quot;yes&quot;,&quot;background_slideshow_loop&quot;:&quot;yes&quot;,&quot;background_slideshow_slide_transition&quot;:&quot;fade&quot;,&quot;background_slideshow_ken_burns_zoom_direction&quot;:&quot;in&quot;}\">\n\t\t\t\t\t\t<div class=\"elementor-container elementor-column-gap-no\">\n\t\t\t\t\t<div class=\"elementor-column elementor-col-100 elementor-top-column elementor-element elementor-element-1ea9b42 elementor-invisible\" data-id=\"1ea9b42\" data-element_type=\"column\" data-settings=\"{&quot;background_background&quot;:&quot;classic&quot;,&quot;animation&quot;:&quot;fadeInUp&quot;}\">\n\t\t\t<div class=\"elementor-widget-wrap elementor-element-populated\">\n\t\t\t\t\t\t<div class=\"elementor-element elementor-element-6da22b5 elementor-widget elementor-widget-heading\" data-id=\"6da22b5\" data-element_type=\"widget\" data-widget_type=\"heading.default\">\n\t\t\t\t<div class=\"elementor-widget-container\">\n\t\t\t<h2 class=\"elementor-heading-title elementor-size-default\">Nos prestations en montage \/ c\u00e2blage :<\/h2>\t\t<\/div>\n\t\t\t\t<\/div>\n\t\t\t\t<section class=\"elementor-section elementor-inner-section elementor-element elementor-element-d0ebd94 elementor-section-boxed elementor-section-height-default elementor-section-height-default\" data-id=\"d0ebd94\" data-element_type=\"section\">\n\t\t\t\t\t\t<div class=\"elementor-container elementor-column-gap-default\">\n\t\t\t\t\t<div class=\"elementor-column elementor-col-100 elementor-inner-column elementor-element elementor-element-99d4884\" data-id=\"99d4884\" data-element_type=\"column\">\n\t\t\t<div class=\"elementor-widget-wrap elementor-element-populated\">\n\t\t\t\t\t\t<div class=\"elementor-element elementor-element-43b6121 elementor-icon-list--layout-traditional elementor-list-item-link-full_width elementor-widget elementor-widget-icon-list\" data-id=\"43b6121\" data-element_type=\"widget\" data-widget_type=\"icon-list.default\">\n\t\t\t\t<div class=\"elementor-widget-container\">\n\t\t\t\t\t<ul class=\"elementor-icon-list-items\">\n\t\t\t\t\t\t\t<li class=\"elementor-icon-list-item\">\n\t\t\t\t\t\t\t\t\t\t<span class=\"elementor-icon-list-text\">R\u00e9alisations en s\u00e9rie de torons, routage sur planche, test SYNOR 10 000 points<\/span>\n\t\t\t\t\t\t\t\t\t<\/li>\n\t\t\t\t\t\t\t\t<li class=\"elementor-icon-list-item\">\n\t\t\t\t\t\t\t\t\t\t<span class=\"elementor-icon-list-text\">Fabrications compl\u00e8tes d\u2019\u00e9quipements \u00e9lectriques et \u00e9lectroniques<\/span>\n\t\t\t\t\t\t\t\t\t<\/li>\n\t\t\t\t\t\t\t\t<li class=\"elementor-icon-list-item\">\n\t\t\t\t\t\t\t\t\t\t<span class=\"elementor-icon-list-text\">Engagement sur la garantie livraison et remise \u00e0 niveau.<\/span>\n\t\t\t\t\t\t\t\t\t<\/li>\n\t\t\t\t\t\t<\/ul>\n\t\t\t\t<\/div>\n\t\t\t\t<\/div>\n\t\t\t\t\t<\/div>\n\t\t<\/div>\n\t\t\t\t\t<\/div>\n\t\t<\/section>\n\t\t\t\t\t<\/div>\n\t\t<\/div>\n\t\t\t\t\t<\/div>\n\t\t<\/section>\n\t\t\t\t<section class=\"elementor-section elementor-top-section elementor-element elementor-element-b4b0836 elementor-section-boxed elementor-section-height-default elementor-section-height-default\" data-id=\"b4b0836\" data-element_type=\"section\">\n\t\t\t\t\t\t<div class=\"elementor-container elementor-column-gap-default\">\n\t\t\t\t\t<div class=\"elementor-column elementor-col-100 elementor-top-column elementor-element elementor-element-3ed6ab9\" data-id=\"3ed6ab9\" data-element_type=\"column\">\n\t\t\t<div class=\"elementor-widget-wrap elementor-element-populated\">\n\t\t\t\t\t\t<div class=\"elementor-element elementor-element-07ae0b1 elementor-widget elementor-widget-spacer\" data-id=\"07ae0b1\" data-element_type=\"widget\" data-widget_type=\"spacer.default\">\n\t\t\t\t<div class=\"elementor-widget-container\">\n\t\t\t\t\t<div class=\"elementor-spacer\">\n\t\t\t<div class=\"elementor-spacer-inner\"><\/div>\n\t\t<\/div>\n\t\t\t\t<\/div>\n\t\t\t\t<\/div>\n\t\t\t\t\t<\/div>\n\t\t<\/div>\n\t\t\t\t\t<\/div>\n\t\t<\/section>\n\t\t\t\t<\/div>","protected":false},"excerpt":{"rendered":"<p>ERMA ELECTRONIQUE Secteur d&rsquo;activit\u00e9 Naval Le P\u00f4le \u00e9lectrique &amp; mecanique &#8211; groupe charbonnier Nos Interventions : R\u00e9alisation sur nos sites de production et interventions sur sites clients. Nos prestations en montage \/ c\u00e2blage : R\u00e9alisations en s\u00e9rie de torons, routage sur planche, test SYNOR 10 000 points Fabrications compl\u00e8tes d\u2019\u00e9quipements \u00e9lectriques et \u00e9lectroniques Engagement sur &hellip;<\/p>\n<p class=\"read-more\"> <a class=\"\" href=\"https:\/\/www.erma-electronique.fr\/en\/activites\/naval\/\"> <span class=\"screen-reader-text\">Naval<\/span> Read More &raquo;<\/a><\/p>","protected":false},"author":1,"featured_media":0,"parent":1178,"menu_order":0,"comment_status":"closed","ping_status":"closed","template":"","meta":{"pmpro_default_level":0,"site-sidebar-layout":"no-sidebar","site-content-layout":"page-builder","ast-global-header-display":"","ast-main-header-display":"","ast-hfb-above-header-display":"","ast-hfb-below-header-display":"","ast-hfb-mobile-header-display":"","site-post-title":"disabled","ast-breadcrumbs-content":"","ast-featured-img":"disabled","footer-sml-layout":"","theme-transparent-header-meta":"enabled","adv-header-id-meta":"","stick-header-meta":"","header-above-stick-meta":"","header-main-stick-meta":"","header-below-stick-meta":"","footnotes":""},"class_list":["post-1292","page","type-page","status-publish","hentry","pmpro-has-access"],"yoast_head":"<!-- This site is optimized with the Yoast SEO plugin v20.1 - https:\/\/yoast.com\/wordpress\/plugins\/seo\/ -->\n<title>Naval - Erma electronique - Groupe charbonnier<\/title>\n<meta name=\"robots\" content=\"index, follow, max-snippet:-1, max-image-preview:large, max-video-preview:-1\" \/>\n<link rel=\"canonical\" href=\"https:\/\/www.erma-electronique.fr\/en\/activites\/naval\/\" \/>\n<meta property=\"og:locale\" content=\"en_GB\" \/>\n<meta property=\"og:type\" content=\"article\" \/>\n<meta property=\"og:title\" content=\"Naval - Erma electronique - Groupe charbonnier\" \/>\n<meta property=\"og:description\" content=\"ERMA ELECTRONIQUE Secteur d&rsquo;activit\u00e9 Naval Le P\u00f4le \u00e9lectrique &amp; mecanique &#8211; groupe charbonnier Nos Interventions : R\u00e9alisation sur nos sites de production et interventions sur sites clients. Nos prestations en montage \/ c\u00e2blage : R\u00e9alisations en s\u00e9rie de torons, routage sur planche, test SYNOR 10 000 points Fabrications compl\u00e8tes d\u2019\u00e9quipements \u00e9lectriques et \u00e9lectroniques Engagement sur &hellip; Naval Read More &raquo;\" \/>\n<meta property=\"og:url\" content=\"https:\/\/www.erma-electronique.fr\/en\/activites\/naval\/\" \/>\n<meta property=\"og:site_name\" content=\"Erma electronique - Groupe charbonnier\" \/>\n<meta property=\"article:modified_time\" content=\"2024-05-13T14:32:08+00:00\" \/>\n<meta name=\"twitter:card\" content=\"summary_large_image\" \/>\n<meta name=\"twitter:label1\" content=\"Estimated reading time\" \/>\n\t<meta name=\"twitter:data1\" content=\"1 minute\" \/>\n<script type=\"application\/ld+json\" class=\"yoast-schema-graph\">{\"@context\":\"https:\/\/schema.org\",\"@graph\":[{\"@type\":\"WebPage\",\"@id\":\"https:\/\/www.erma-electronique.fr\/activites\/naval\/\",\"url\":\"https:\/\/www.erma-electronique.fr\/activites\/naval\/\",\"name\":\"Naval - Erma electronique - Groupe charbonnier\",\"isPartOf\":{\"@id\":\"https:\/\/www.erma-electronique.fr\/#website\"},\"datePublished\":\"2020-12-08T23:29:24+00:00\",\"dateModified\":\"2024-05-13T14:32:08+00:00\",\"breadcrumb\":{\"@id\":\"https:\/\/www.erma-electronique.fr\/activites\/naval\/#breadcrumb\"},\"inLanguage\":\"en-GB\",\"potentialAction\":[{\"@type\":\"ReadAction\",\"target\":[\"https:\/\/www.erma-electronique.fr\/activites\/naval\/\"]}]},{\"@type\":\"BreadcrumbList\",\"@id\":\"https:\/\/www.erma-electronique.fr\/activites\/naval\/#breadcrumb\",\"itemListElement\":[{\"@type\":\"ListItem\",\"position\":1,\"name\":\"Accueil\",\"item\":\"https:\/\/www.erma-electronique.fr\/\"},{\"@type\":\"ListItem\",\"position\":2,\"name\":\"Activit\u00e9s\",\"item\":\"https:\/\/www.erma-electronique.fr\/activites\/\"},{\"@type\":\"ListItem\",\"position\":3,\"name\":\"Naval\"}]},{\"@type\":\"WebSite\",\"@id\":\"https:\/\/www.erma-electronique.fr\/#website\",\"url\":\"https:\/\/www.erma-electronique.fr\/\",\"name\":\"Erma electronique - Groupe charbonnier\",\"description\":\"\",\"potentialAction\":[{\"@type\":\"SearchAction\",\"target\":{\"@type\":\"EntryPoint\",\"urlTemplate\":\"https:\/\/www.erma-electronique.fr\/?s={search_term_string}\"},\"query-input\":\"required name=search_term_string\"}],\"inLanguage\":\"en-GB\"}]}<\/script>\n<!-- \/ Yoast SEO plugin. -->","yoast_head_json":{"title":"Naval - Erma electronique - Groupe charbonnier","robots":{"index":"index","follow":"follow","max-snippet":"max-snippet:-1","max-image-preview":"max-image-preview:large","max-video-preview":"max-video-preview:-1"},"canonical":"https:\/\/www.erma-electronique.fr\/en\/activites\/naval\/","og_locale":"en_GB","og_type":"article","og_title":"Naval - Erma electronique - Groupe charbonnier","og_description":"ERMA ELECTRONIQUE Secteur d&rsquo;activit\u00e9 Naval Le P\u00f4le \u00e9lectrique &amp; mecanique &#8211; groupe charbonnier Nos Interventions : R\u00e9alisation sur nos sites de production et interventions sur sites clients. Nos prestations en montage \/ c\u00e2blage : R\u00e9alisations en s\u00e9rie de torons, routage sur planche, test SYNOR 10 000 points Fabrications compl\u00e8tes d\u2019\u00e9quipements \u00e9lectriques et \u00e9lectroniques Engagement sur &hellip; Naval Read More &raquo;","og_url":"https:\/\/www.erma-electronique.fr\/en\/activites\/naval\/","og_site_name":"Erma electronique - Groupe charbonnier","article_modified_time":"2024-05-13T14:32:08+00:00","twitter_card":"summary_large_image","twitter_misc":{"Estimated reading time":"1 minute"},"schema":{"@context":"https:\/\/schema.org","@graph":[{"@type":"WebPage","@id":"https:\/\/www.erma-electronique.fr\/activites\/naval\/","url":"https:\/\/www.erma-electronique.fr\/activites\/naval\/","name":"Naval - Erma electronique - Groupe charbonnier","isPartOf":{"@id":"https:\/\/www.erma-electronique.fr\/#website"},"datePublished":"2020-12-08T23:29:24+00:00","dateModified":"2024-05-13T14:32:08+00:00","breadcrumb":{"@id":"https:\/\/www.erma-electronique.fr\/activites\/naval\/#breadcrumb"},"inLanguage":"en-GB","potentialAction":[{"@type":"ReadAction","target":["https:\/\/www.erma-electronique.fr\/activites\/naval\/"]}]},{"@type":"BreadcrumbList","@id":"https:\/\/www.erma-electronique.fr\/activites\/naval\/#breadcrumb","itemListElement":[{"@type":"ListItem","position":1,"name":"Accueil","item":"https:\/\/www.erma-electronique.fr\/"},{"@type":"ListItem","position":2,"name":"Activit\u00e9s","item":"https:\/\/www.erma-electronique.fr\/activites\/"},{"@type":"ListItem","position":3,"name":"Naval"}]},{"@type":"WebSite","@id":"https:\/\/www.erma-electronique.fr\/#website","url":"https:\/\/www.erma-electronique.fr\/","name":"Erma electronique - Groupe charbonnier","description":"","potentialAction":[{"@type":"SearchAction","target":{"@type":"EntryPoint","urlTemplate":"https:\/\/www.erma-electronique.fr\/?s={search_term_string}"},"query-input":"required name=search_term_string"}],"inLanguage":"en-GB"}]}},"_links":{"self":[{"href":"https:\/\/www.erma-electronique.fr\/en\/wp-json\/wp\/v2\/pages\/1292","targetHints":{"allow":["GET"]}}],"collection":[{"href":"https:\/\/www.erma-electronique.fr\/en\/wp-json\/wp\/v2\/pages"}],"about":[{"href":"https:\/\/www.erma-electronique.fr\/en\/wp-json\/wp\/v2\/types\/page"}],"author":[{"embeddable":true,"href":"https:\/\/www.erma-electronique.fr\/en\/wp-json\/wp\/v2\/users\/1"}],"replies":[{"embeddable":true,"href":"https:\/\/www.erma-electronique.fr\/en\/wp-json\/wp\/v2\/comments?post=1292"}],"version-history":[{"count":19,"href":"https:\/\/www.erma-electronique.fr\/en\/wp-json\/wp\/v2\/pages\/1292\/revisions"}],"predecessor-version":[{"id":4491,"href":"https:\/\/www.erma-electronique.fr\/en\/wp-json\/wp\/v2\/pages\/1292\/revisions\/4491"}],"up":[{"embeddable":true,"href":"https:\/\/www.erma-electronique.fr\/en\/wp-json\/wp\/v2\/pages\/1178"}],"wp:attachment":[{"href":"https:\/\/www.erma-electronique.fr\/en\/wp-json\/wp\/v2\/media?parent=1292"}],"curies":[{"name":"wp","href":"https:\/\/api.w.org\/{rel}","templated":true}]}}