{"id":2939,"date":"2022-01-14T17:33:19","date_gmt":"2022-01-14T16:33:19","guid":{"rendered":"https:\/\/erma-projet.groupecharbonnier.fr\/?page_id=2939"},"modified":"2024-05-14T10:12:49","modified_gmt":"2024-05-14T08:12:49","slug":"ingenierie-gestion-de-projet","status":"publish","type":"page","link":"https:\/\/www.erma-electronique.fr\/en\/metiers\/ingenierie-gestion-de-projet\/","title":{"rendered":"Ing\u00e9nierie, gestion de projet"},"content":{"rendered":"<div data-elementor-type=\"wp-page\" data-elementor-id=\"2939\" class=\"elementor elementor-2939\" data-elementor-post-type=\"page\">\n\t\t\t\t\t\t<section class=\"elementor-section elementor-top-section elementor-element elementor-element-6424130 elementor-section-height-min-height elementor-section-items-bottom elementor-section-boxed elementor-section-height-default\" data-id=\"6424130\" data-element_type=\"section\" data-settings=\"{&quot;background_background&quot;:&quot;classic&quot;}\">\n\t\t\t\t\t\t\t<div class=\"elementor-background-overlay\"><\/div>\n\t\t\t\t\t\t\t<div class=\"elementor-container elementor-column-gap-no\">\n\t\t\t\t\t<div class=\"elementor-column elementor-col-100 elementor-top-column elementor-element elementor-element-c6911e5\" data-id=\"c6911e5\" data-element_type=\"column\">\n\t\t\t<div class=\"elementor-widget-wrap elementor-element-populated\">\n\t\t\t\t\t\t<div class=\"elementor-element elementor-element-d31bdee elementor-widget elementor-widget-heading\" data-id=\"d31bdee\" data-element_type=\"widget\" data-widget_type=\"heading.default\">\n\t\t\t\t<div class=\"elementor-widget-container\">\n\t\t\t<h6 class=\"elementor-heading-title elementor-size-default\">ERMA ELECTRONIQUE<\/h6>\t\t<\/div>\n\t\t\t\t<\/div>\n\t\t\t\t<div class=\"elementor-element elementor-element-d652cf8 elementor-widget elementor-widget-heading\" data-id=\"d652cf8\" data-element_type=\"widget\" data-widget_type=\"heading.default\">\n\t\t\t\t<div class=\"elementor-widget-container\">\n\t\t\t<h6 class=\"elementor-heading-title elementor-size-default\">Nos M\u00e9tiers<\/h6>\t\t<\/div>\n\t\t\t\t<\/div>\n\t\t\t\t<div class=\"elementor-element elementor-element-3472306 elementor-widget elementor-widget-heading\" data-id=\"3472306\" data-element_type=\"widget\" data-widget_type=\"heading.default\">\n\t\t\t\t<div class=\"elementor-widget-container\">\n\t\t\t<h1 class=\"elementor-heading-title elementor-size-default\">Ing\u00e9nierie - Gestion de projet<\/h1>\t\t<\/div>\n\t\t\t\t<\/div>\n\t\t\t\t<div class=\"elementor-element elementor-element-a344508 elementor-widget-divider--view-line elementor-widget elementor-widget-divider\" data-id=\"a344508\" data-element_type=\"widget\" data-widget_type=\"divider.default\">\n\t\t\t\t<div class=\"elementor-widget-container\">\n\t\t\t\t\t<div class=\"elementor-divider\">\n\t\t\t<span class=\"elementor-divider-separator\">\n\t\t\t\t\t\t<\/span>\n\t\t<\/div>\n\t\t\t\t<\/div>\n\t\t\t\t<\/div>\n\t\t\t\t\t<\/div>\n\t\t<\/div>\n\t\t\t\t\t<\/div>\n\t\t<\/section>\n\t\t\t\t<section class=\"elementor-section elementor-top-section elementor-element elementor-element-132979c elementor-section-boxed elementor-section-height-default elementor-section-height-default\" data-id=\"132979c\" data-element_type=\"section\">\n\t\t\t\t\t\t<div class=\"elementor-container elementor-column-gap-default\">\n\t\t\t\t\t<div class=\"elementor-column elementor-col-100 elementor-top-column elementor-element elementor-element-a2925bd\" data-id=\"a2925bd\" data-element_type=\"column\">\n\t\t\t<div class=\"elementor-widget-wrap elementor-element-populated\">\n\t\t\t\t\t\t<div class=\"elementor-element elementor-element-688947b elementor-widget elementor-widget-spacer\" data-id=\"688947b\" data-element_type=\"widget\" data-widget_type=\"spacer.default\">\n\t\t\t\t<div class=\"elementor-widget-container\">\n\t\t\t\t\t<div class=\"elementor-spacer\">\n\t\t\t<div class=\"elementor-spacer-inner\"><\/div>\n\t\t<\/div>\n\t\t\t\t<\/div>\n\t\t\t\t<\/div>\n\t\t\t\t\t<\/div>\n\t\t<\/div>\n\t\t\t\t\t<\/div>\n\t\t<\/section>\n\t\t\t\t<section class=\"elementor-section elementor-top-section elementor-element elementor-element-26f34b3 elementor-section-boxed elementor-section-height-default elementor-section-height-default\" data-id=\"26f34b3\" data-element_type=\"section\">\n\t\t\t\t\t\t<div class=\"elementor-container elementor-column-gap-default\">\n\t\t\t\t\t<div class=\"elementor-column elementor-col-66 elementor-top-column elementor-element elementor-element-85009e0\" data-id=\"85009e0\" data-element_type=\"column\">\n\t\t\t<div class=\"elementor-widget-wrap elementor-element-populated\">\n\t\t\t\t\t\t<div class=\"elementor-element elementor-element-d83328b elementor-widget elementor-widget-heading\" data-id=\"d83328b\" data-element_type=\"widget\" data-widget_type=\"heading.default\">\n\t\t\t\t<div class=\"elementor-widget-container\">\n\t\t\t<h2 class=\"elementor-heading-title elementor-size-default\">Etudes & R\u00e9alisation d\u2019ensembles \u00e9lectroniques et m\u00e9caniques<\/h2>\t\t<\/div>\n\t\t\t\t<\/div>\n\t\t\t\t<div class=\"elementor-element elementor-element-0c857ee elementor-widget elementor-widget-text-editor\" data-id=\"0c857ee\" data-element_type=\"widget\" data-widget_type=\"text-editor.default\">\n\t\t\t\t<div class=\"elementor-widget-container\">\n\t\t\t\t\t\t\t<p>Apporter des solutions permettant de valider une architecture avionique ou spatiale constitu\u00e9e d\u2019\u00e9quipements r\u00e9els ou simul\u00e9s (moyens sols ou application\/\u00e9quipements embarqu\u00e9s)<\/p><p>Nous proposons des solutions globales : <b>Design to <\/b><b>build<\/b><\/p><ul><li>Conception, \u00e9tudes, dossier de d\u00e9finition<\/li><li>Approvisionnement<\/li><li>R\u00e9alisation c\u00e2blage \u00e9lectrique et tests<\/li><li>Montage m\u00e9canique<\/li><li>Installation, raccordement, mise en service sur site<\/li><li>Logiciels utilis\u00e9s (Catia V5, Autocad,<\/li><\/ul><p>\u00a0\u00a0\u00a0\u00a0\u00a0 IGE XAO See electrical, Solidworks)<\/p><ul><li>Respect des normes EN, MIL-STD, STANAG,&#8230;<\/li><li>Ma\u00eetrise des niveaux de protection : CEM, CE, &#8230;<\/li><\/ul>\t\t\t\t\t\t<\/div>\n\t\t\t\t<\/div>\n\t\t\t\t\t<\/div>\n\t\t<\/div>\n\t\t\t\t<div class=\"elementor-column elementor-col-33 elementor-top-column elementor-element elementor-element-1ae0b68\" data-id=\"1ae0b68\" data-element_type=\"column\" data-settings=\"{&quot;background_background&quot;:&quot;slideshow&quot;,&quot;background_slideshow_gallery&quot;:[],&quot;background_slideshow_loop&quot;:&quot;yes&quot;,&quot;background_slideshow_slide_duration&quot;:5000,&quot;background_slideshow_slide_transition&quot;:&quot;fade&quot;,&quot;background_slideshow_transition_duration&quot;:500}\">\n\t\t\t<div class=\"elementor-widget-wrap elementor-element-populated\">\n\t\t\t\t\t\t<div class=\"elementor-element elementor-element-021a2ab elementor-widget elementor-widget-gallery\" data-id=\"021a2ab\" data-element_type=\"widget\" data-settings=\"{&quot;gallery_layout&quot;:&quot;masonry&quot;,&quot;columns&quot;:2,&quot;lazyload&quot;:&quot;yes&quot;,&quot;columns_tablet&quot;:2,&quot;columns_mobile&quot;:1,&quot;gap&quot;:{&quot;unit&quot;:&quot;px&quot;,&quot;size&quot;:10,&quot;sizes&quot;:[]},&quot;gap_tablet&quot;:{&quot;unit&quot;:&quot;px&quot;,&quot;size&quot;:10,&quot;sizes&quot;:[]},&quot;gap_mobile&quot;:{&quot;unit&quot;:&quot;px&quot;,&quot;size&quot;:10,&quot;sizes&quot;:[]},&quot;link_to&quot;:&quot;file&quot;,&quot;overlay_background&quot;:&quot;yes&quot;,&quot;content_hover_animation&quot;:&quot;fade-in&quot;}\" data-widget_type=\"gallery.default\">\n\t\t\t\t<div class=\"elementor-widget-container\">\n\t\t\t\t\t<div class=\"elementor-gallery__container\">\n\t\t\t\t\t\t\t<a class=\"e-gallery-item elementor-gallery-item elementor-animated-content\" href=\"https:\/\/www.erma-electronique.fr\/wp-content\/uploads\/2024\/05\/DOMAINES-INTER_Metiers_-INGE-8.jpg\" data-elementor-open-lightbox=\"yes\" data-elementor-lightbox-slideshow=\"021a2ab\" data-elementor-lightbox-title=\"DOMAINES INTER_Me\u0301tiers_ INGE (8)\" data-e-action-hash=\"#elementor-action%3Aaction%3Dlightbox%26settings%3DeyJpZCI6NDYyMSwidXJsIjoiaHR0cHM6XC9cL3d3dy5lcm1hLWVsZWN0cm9uaXF1ZS5mclwvd3AtY29udGVudFwvdXBsb2Fkc1wvMjAyNFwvMDVcL0RPTUFJTkVTLUlOVEVSX01ldGllcnNfLUlOR0UtOC5qcGciLCJzbGlkZXNob3ciOiIwMjFhMmFiIn0%3D\">\n\t\t\t\t\t<div class=\"e-gallery-image elementor-gallery-item__image\" data-thumbnail=\"https:\/\/www.erma-electronique.fr\/wp-content\/uploads\/2024\/05\/DOMAINES-INTER_Metiers_-INGE-8.jpg\" data-width=\"102\" data-height=\"214\" aria-label=\"\" role=\"img\" ><\/div>\n\t\t\t\t\t\t\t\t\t\t\t<div class=\"elementor-gallery-item__overlay\"><\/div>\n\t\t\t\t\t\t\t\t\t\t\t\t\t\t<\/a>\n\t\t\t\t\t\t\t<a class=\"e-gallery-item elementor-gallery-item elementor-animated-content\" href=\"https:\/\/www.erma-electronique.fr\/wp-content\/uploads\/2024\/05\/DOMAINES-INTER_Metiers_-INGE-7.jpg\" data-elementor-open-lightbox=\"yes\" data-elementor-lightbox-slideshow=\"021a2ab\" data-elementor-lightbox-title=\"DOMAINES INTER_Me\u0301tiers_ INGE (7)\" data-e-action-hash=\"#elementor-action%3Aaction%3Dlightbox%26settings%3DeyJpZCI6NDYyMCwidXJsIjoiaHR0cHM6XC9cL3d3dy5lcm1hLWVsZWN0cm9uaXF1ZS5mclwvd3AtY29udGVudFwvdXBsb2Fkc1wvMjAyNFwvMDVcL0RPTUFJTkVTLUlOVEVSX01ldGllcnNfLUlOR0UtNy5qcGciLCJzbGlkZXNob3ciOiIwMjFhMmFiIn0%3D\">\n\t\t\t\t\t<div class=\"e-gallery-image elementor-gallery-item__image\" data-thumbnail=\"https:\/\/www.erma-electronique.fr\/wp-content\/uploads\/2024\/05\/DOMAINES-INTER_Metiers_-INGE-7.jpg\" data-width=\"258\" data-height=\"187\" aria-label=\"\" role=\"img\" ><\/div>\n\t\t\t\t\t\t\t\t\t\t\t<div class=\"elementor-gallery-item__overlay\"><\/div>\n\t\t\t\t\t\t\t\t\t\t\t\t\t\t<\/a>\n\t\t\t\t\t\t\t<a class=\"e-gallery-item elementor-gallery-item elementor-animated-content\" href=\"https:\/\/www.erma-electronique.fr\/wp-content\/uploads\/2024\/05\/DOMAINES-INTER_Metiers_-INGE-6.jpg\" data-elementor-open-lightbox=\"yes\" data-elementor-lightbox-slideshow=\"021a2ab\" data-elementor-lightbox-title=\"DOMAINES INTER_Me\u0301tiers_ INGE (6)\" data-e-action-hash=\"#elementor-action%3Aaction%3Dlightbox%26settings%3DeyJpZCI6NDYxOSwidXJsIjoiaHR0cHM6XC9cL3d3dy5lcm1hLWVsZWN0cm9uaXF1ZS5mclwvd3AtY29udGVudFwvdXBsb2Fkc1wvMjAyNFwvMDVcL0RPTUFJTkVTLUlOVEVSX01ldGllcnNfLUlOR0UtNi5qcGciLCJzbGlkZXNob3ciOiIwMjFhMmFiIn0%3D\">\n\t\t\t\t\t<div class=\"e-gallery-image elementor-gallery-item__image\" data-thumbnail=\"https:\/\/www.erma-electronique.fr\/wp-content\/uploads\/2024\/05\/DOMAINES-INTER_Metiers_-INGE-6.jpg\" data-width=\"174\" data-height=\"187\" aria-label=\"\" role=\"img\" ><\/div>\n\t\t\t\t\t\t\t\t\t\t\t<div class=\"elementor-gallery-item__overlay\"><\/div>\n\t\t\t\t\t\t\t\t\t\t\t\t\t\t<\/a>\n\t\t\t\t\t\t\t<a class=\"e-gallery-item elementor-gallery-item elementor-animated-content\" href=\"https:\/\/www.erma-electronique.fr\/wp-content\/uploads\/2024\/05\/DOMAINES-INTER_Metiers_-INGE-5.jpg\" data-elementor-open-lightbox=\"yes\" data-elementor-lightbox-slideshow=\"021a2ab\" data-elementor-lightbox-title=\"DOMAINES INTER_Me\u0301tiers_ INGE (5)\" data-e-action-hash=\"#elementor-action%3Aaction%3Dlightbox%26settings%3DeyJpZCI6NDYxOCwidXJsIjoiaHR0cHM6XC9cL3d3dy5lcm1hLWVsZWN0cm9uaXF1ZS5mclwvd3AtY29udGVudFwvdXBsb2Fkc1wvMjAyNFwvMDVcL0RPTUFJTkVTLUlOVEVSX01ldGllcnNfLUlOR0UtNS5qcGciLCJzbGlkZXNob3ciOiIwMjFhMmFiIn0%3D\">\n\t\t\t\t\t<div class=\"e-gallery-image elementor-gallery-item__image\" data-thumbnail=\"https:\/\/www.erma-electronique.fr\/wp-content\/uploads\/2024\/05\/DOMAINES-INTER_Metiers_-INGE-5-300x207.jpg\" data-width=\"300\" data-height=\"207\" aria-label=\"\" role=\"img\" ><\/div>\n\t\t\t\t\t\t\t\t\t\t\t<div class=\"elementor-gallery-item__overlay\"><\/div>\n\t\t\t\t\t\t\t\t\t\t\t\t\t\t<\/a>\n\t\t\t\t\t\t\t<a class=\"e-gallery-item elementor-gallery-item elementor-animated-content\" href=\"https:\/\/www.erma-electronique.fr\/wp-content\/uploads\/2024\/05\/DOMAINES-INTER_Metiers_-INGE-3-scaled.jpg\" data-elementor-open-lightbox=\"yes\" data-elementor-lightbox-slideshow=\"021a2ab\" data-elementor-lightbox-title=\"DOMAINES INTER_Me\u0301tiers_ INGE (3)\" data-e-action-hash=\"#elementor-action%3Aaction%3Dlightbox%26settings%3DeyJpZCI6NDYxNiwidXJsIjoiaHR0cHM6XC9cL3d3dy5lcm1hLWVsZWN0cm9uaXF1ZS5mclwvd3AtY29udGVudFwvdXBsb2Fkc1wvMjAyNFwvMDVcL0RPTUFJTkVTLUlOVEVSX01ldGllcnNfLUlOR0UtMy1zY2FsZWQuanBnIiwic2xpZGVzaG93IjoiMDIxYTJhYiJ9\">\n\t\t\t\t\t<div class=\"e-gallery-image elementor-gallery-item__image\" data-thumbnail=\"https:\/\/www.erma-electronique.fr\/wp-content\/uploads\/2024\/05\/DOMAINES-INTER_Metiers_-INGE-3-300x236.jpg\" data-width=\"300\" data-height=\"236\" aria-label=\"\" role=\"img\" ><\/div>\n\t\t\t\t\t\t\t\t\t\t\t<div class=\"elementor-gallery-item__overlay\"><\/div>\n\t\t\t\t\t\t\t\t\t\t\t\t\t\t<\/a>\n\t\t\t\t\t\t\t<a class=\"e-gallery-item elementor-gallery-item elementor-animated-content\" href=\"https:\/\/www.erma-electronique.fr\/wp-content\/uploads\/2024\/05\/DOMAINES-INTER_Metiers_-INGE-2.jpg\" data-elementor-open-lightbox=\"yes\" data-elementor-lightbox-slideshow=\"021a2ab\" data-elementor-lightbox-title=\"DOMAINES INTER_Me\u0301tiers_ INGE (2)\" data-e-action-hash=\"#elementor-action%3Aaction%3Dlightbox%26settings%3DeyJpZCI6NDYxNSwidXJsIjoiaHR0cHM6XC9cL3d3dy5lcm1hLWVsZWN0cm9uaXF1ZS5mclwvd3AtY29udGVudFwvdXBsb2Fkc1wvMjAyNFwvMDVcL0RPTUFJTkVTLUlOVEVSX01ldGllcnNfLUlOR0UtMi5qcGciLCJzbGlkZXNob3ciOiIwMjFhMmFiIn0%3D\">\n\t\t\t\t\t<div class=\"e-gallery-image elementor-gallery-item__image\" data-thumbnail=\"https:\/\/www.erma-electronique.fr\/wp-content\/uploads\/2024\/05\/DOMAINES-INTER_Metiers_-INGE-2-300x203.jpg\" data-width=\"300\" data-height=\"203\" aria-label=\"\" role=\"img\" ><\/div>\n\t\t\t\t\t\t\t\t\t\t\t<div class=\"elementor-gallery-item__overlay\"><\/div>\n\t\t\t\t\t\t\t\t\t\t\t\t\t\t<\/a>\n\t\t\t\t\t\t\t<a class=\"e-gallery-item elementor-gallery-item elementor-animated-content\" href=\"https:\/\/www.erma-electronique.fr\/wp-content\/uploads\/2024\/05\/DOMAINES-INTER_Metiers_-INGE-1.jpg\" data-elementor-open-lightbox=\"yes\" data-elementor-lightbox-slideshow=\"021a2ab\" data-elementor-lightbox-title=\"DOMAINES INTER_Me\u0301tiers_ INGE (1)\" data-e-action-hash=\"#elementor-action%3Aaction%3Dlightbox%26settings%3DeyJpZCI6NDYxNCwidXJsIjoiaHR0cHM6XC9cL3d3dy5lcm1hLWVsZWN0cm9uaXF1ZS5mclwvd3AtY29udGVudFwvdXBsb2Fkc1wvMjAyNFwvMDVcL0RPTUFJTkVTLUlOVEVSX01ldGllcnNfLUlOR0UtMS5qcGciLCJzbGlkZXNob3ciOiIwMjFhMmFiIn0%3D\">\n\t\t\t\t\t<div class=\"e-gallery-image elementor-gallery-item__image\" data-thumbnail=\"https:\/\/www.erma-electronique.fr\/wp-content\/uploads\/2024\/05\/DOMAINES-INTER_Metiers_-INGE-1-300x197.jpg\" data-width=\"300\" data-height=\"197\" aria-label=\"\" role=\"img\" ><\/div>\n\t\t\t\t\t\t\t\t\t\t\t<div class=\"elementor-gallery-item__overlay\"><\/div>\n\t\t\t\t\t\t\t\t\t\t\t\t\t\t<\/a>\n\t\t\t\t\t<\/div>\n\t\t\t<\/div>\n\t\t\t\t<\/div>\n\t\t\t\t\t<\/div>\n\t\t<\/div>\n\t\t\t\t\t<\/div>\n\t\t<\/section>\n\t\t\t\t<\/div>","protected":false},"excerpt":{"rendered":"<p>ERMA ELECTRONIQUE Nos M\u00e9tiers Ing\u00e9nierie &#8211; Gestion de projet Etudes &#038; R\u00e9alisation d\u2019ensembles \u00e9lectroniques et m\u00e9caniques Apporter des solutions permettant de valider une architecture avionique ou spatiale constitu\u00e9e d\u2019\u00e9quipements r\u00e9els ou simul\u00e9s (moyens sols ou application\/\u00e9quipements embarqu\u00e9s) Nous proposons des solutions globales : Design to build Conception, \u00e9tudes, dossier de d\u00e9finition Approvisionnement R\u00e9alisation c\u00e2blage \u00e9lectrique &hellip;<\/p>\n<p class=\"read-more\"> <a class=\"\" href=\"https:\/\/www.erma-electronique.fr\/en\/metiers\/ingenierie-gestion-de-projet\/\"> <span class=\"screen-reader-text\">Ing\u00e9nierie, gestion de projet<\/span> Read More &raquo;<\/a><\/p>","protected":false},"author":3,"featured_media":0,"parent":2989,"menu_order":0,"comment_status":"closed","ping_status":"closed","template":"","meta":{"pmpro_default_level":0,"site-sidebar-layout":"no-sidebar","site-content-layout":"page-builder","ast-global-header-display":"","ast-main-header-display":"","ast-hfb-above-header-display":"","ast-hfb-below-header-display":"","ast-hfb-mobile-header-display":"","site-post-title":"disabled","ast-breadcrumbs-content":"","ast-featured-img":"disabled","footer-sml-layout":"","theme-transparent-header-meta":"","adv-header-id-meta":"","stick-header-meta":"","header-above-stick-meta":"","header-main-stick-meta":"","header-below-stick-meta":"","footnotes":""},"class_list":["post-2939","page","type-page","status-publish","hentry","pmpro-has-access"],"yoast_head":"<!-- This site is optimized with the Yoast SEO plugin v20.1 - https:\/\/yoast.com\/wordpress\/plugins\/seo\/ -->\n<title>Ing\u00e9nierie, gestion de projet - Erma electronique - Groupe charbonnier<\/title>\n<meta name=\"robots\" content=\"index, follow, max-snippet:-1, max-image-preview:large, max-video-preview:-1\" \/>\n<link rel=\"canonical\" href=\"https:\/\/www.erma-electronique.fr\/en\/metiers\/ingenierie-gestion-de-projet\/\" \/>\n<meta property=\"og:locale\" content=\"en_GB\" \/>\n<meta property=\"og:type\" content=\"article\" \/>\n<meta property=\"og:title\" content=\"Ing\u00e9nierie, gestion de projet - Erma electronique - Groupe charbonnier\" \/>\n<meta property=\"og:description\" content=\"ERMA ELECTRONIQUE Nos M\u00e9tiers Ing\u00e9nierie &#8211; Gestion de projet Etudes &#038; R\u00e9alisation d\u2019ensembles \u00e9lectroniques et m\u00e9caniques Apporter des solutions permettant de valider une architecture avionique ou spatiale constitu\u00e9e d\u2019\u00e9quipements r\u00e9els ou simul\u00e9s (moyens sols ou application\/\u00e9quipements embarqu\u00e9s) Nous proposons des solutions globales : Design to build Conception, \u00e9tudes, dossier de d\u00e9finition Approvisionnement R\u00e9alisation c\u00e2blage \u00e9lectrique &hellip; Ing\u00e9nierie, gestion de projet Read More &raquo;\" \/>\n<meta property=\"og:url\" content=\"https:\/\/www.erma-electronique.fr\/en\/metiers\/ingenierie-gestion-de-projet\/\" \/>\n<meta property=\"og:site_name\" content=\"Erma electronique - Groupe charbonnier\" \/>\n<meta property=\"article:modified_time\" content=\"2024-05-14T08:12:49+00:00\" \/>\n<meta name=\"twitter:card\" content=\"summary_large_image\" \/>\n<meta name=\"twitter:label1\" content=\"Estimated reading time\" \/>\n\t<meta name=\"twitter:data1\" content=\"1 minute\" \/>\n<script type=\"application\/ld+json\" class=\"yoast-schema-graph\">{\"@context\":\"https:\/\/schema.org\",\"@graph\":[{\"@type\":\"WebPage\",\"@id\":\"https:\/\/www.erma-electronique.fr\/metiers\/ingenierie-gestion-de-projet\/\",\"url\":\"https:\/\/www.erma-electronique.fr\/metiers\/ingenierie-gestion-de-projet\/\",\"name\":\"Ing\u00e9nierie, gestion de projet - Erma electronique - Groupe charbonnier\",\"isPartOf\":{\"@id\":\"https:\/\/www.erma-electronique.fr\/#website\"},\"datePublished\":\"2022-01-14T16:33:19+00:00\",\"dateModified\":\"2024-05-14T08:12:49+00:00\",\"breadcrumb\":{\"@id\":\"https:\/\/www.erma-electronique.fr\/metiers\/ingenierie-gestion-de-projet\/#breadcrumb\"},\"inLanguage\":\"en-GB\",\"potentialAction\":[{\"@type\":\"ReadAction\",\"target\":[\"https:\/\/www.erma-electronique.fr\/metiers\/ingenierie-gestion-de-projet\/\"]}]},{\"@type\":\"BreadcrumbList\",\"@id\":\"https:\/\/www.erma-electronique.fr\/metiers\/ingenierie-gestion-de-projet\/#breadcrumb\",\"itemListElement\":[{\"@type\":\"ListItem\",\"position\":1,\"name\":\"Accueil\",\"item\":\"https:\/\/www.erma-electronique.fr\/\"},{\"@type\":\"ListItem\",\"position\":2,\"name\":\"M\u00e9tiers\",\"item\":\"https:\/\/www.erma-electronique.fr\/metiers\/\"},{\"@type\":\"ListItem\",\"position\":3,\"name\":\"Ing\u00e9nierie, gestion de projet\"}]},{\"@type\":\"WebSite\",\"@id\":\"https:\/\/www.erma-electronique.fr\/#website\",\"url\":\"https:\/\/www.erma-electronique.fr\/\",\"name\":\"Erma electronique - Groupe charbonnier\",\"description\":\"\",\"potentialAction\":[{\"@type\":\"SearchAction\",\"target\":{\"@type\":\"EntryPoint\",\"urlTemplate\":\"https:\/\/www.erma-electronique.fr\/?s={search_term_string}\"},\"query-input\":\"required name=search_term_string\"}],\"inLanguage\":\"en-GB\"}]}<\/script>\n<!-- \/ Yoast SEO plugin. -->","yoast_head_json":{"title":"Ing\u00e9nierie, gestion de projet - Erma electronique - Groupe charbonnier","robots":{"index":"index","follow":"follow","max-snippet":"max-snippet:-1","max-image-preview":"max-image-preview:large","max-video-preview":"max-video-preview:-1"},"canonical":"https:\/\/www.erma-electronique.fr\/en\/metiers\/ingenierie-gestion-de-projet\/","og_locale":"en_GB","og_type":"article","og_title":"Ing\u00e9nierie, gestion de projet - Erma electronique - Groupe charbonnier","og_description":"ERMA ELECTRONIQUE Nos M\u00e9tiers Ing\u00e9nierie &#8211; Gestion de projet Etudes &#038; R\u00e9alisation d\u2019ensembles \u00e9lectroniques et m\u00e9caniques Apporter des solutions permettant de valider une architecture avionique ou spatiale constitu\u00e9e d\u2019\u00e9quipements r\u00e9els ou simul\u00e9s (moyens sols ou application\/\u00e9quipements embarqu\u00e9s) Nous proposons des solutions globales : Design to build Conception, \u00e9tudes, dossier de d\u00e9finition Approvisionnement R\u00e9alisation c\u00e2blage \u00e9lectrique &hellip; Ing\u00e9nierie, gestion de projet Read More &raquo;","og_url":"https:\/\/www.erma-electronique.fr\/en\/metiers\/ingenierie-gestion-de-projet\/","og_site_name":"Erma electronique - Groupe charbonnier","article_modified_time":"2024-05-14T08:12:49+00:00","twitter_card":"summary_large_image","twitter_misc":{"Estimated reading time":"1 minute"},"schema":{"@context":"https:\/\/schema.org","@graph":[{"@type":"WebPage","@id":"https:\/\/www.erma-electronique.fr\/metiers\/ingenierie-gestion-de-projet\/","url":"https:\/\/www.erma-electronique.fr\/metiers\/ingenierie-gestion-de-projet\/","name":"Ing\u00e9nierie, gestion de projet - Erma electronique - Groupe charbonnier","isPartOf":{"@id":"https:\/\/www.erma-electronique.fr\/#website"},"datePublished":"2022-01-14T16:33:19+00:00","dateModified":"2024-05-14T08:12:49+00:00","breadcrumb":{"@id":"https:\/\/www.erma-electronique.fr\/metiers\/ingenierie-gestion-de-projet\/#breadcrumb"},"inLanguage":"en-GB","potentialAction":[{"@type":"ReadAction","target":["https:\/\/www.erma-electronique.fr\/metiers\/ingenierie-gestion-de-projet\/"]}]},{"@type":"BreadcrumbList","@id":"https:\/\/www.erma-electronique.fr\/metiers\/ingenierie-gestion-de-projet\/#breadcrumb","itemListElement":[{"@type":"ListItem","position":1,"name":"Accueil","item":"https:\/\/www.erma-electronique.fr\/"},{"@type":"ListItem","position":2,"name":"M\u00e9tiers","item":"https:\/\/www.erma-electronique.fr\/metiers\/"},{"@type":"ListItem","position":3,"name":"Ing\u00e9nierie, gestion de projet"}]},{"@type":"WebSite","@id":"https:\/\/www.erma-electronique.fr\/#website","url":"https:\/\/www.erma-electronique.fr\/","name":"Erma electronique - Groupe charbonnier","description":"","potentialAction":[{"@type":"SearchAction","target":{"@type":"EntryPoint","urlTemplate":"https:\/\/www.erma-electronique.fr\/?s={search_term_string}"},"query-input":"required name=search_term_string"}],"inLanguage":"en-GB"}]}},"_links":{"self":[{"href":"https:\/\/www.erma-electronique.fr\/en\/wp-json\/wp\/v2\/pages\/2939","targetHints":{"allow":["GET"]}}],"collection":[{"href":"https:\/\/www.erma-electronique.fr\/en\/wp-json\/wp\/v2\/pages"}],"about":[{"href":"https:\/\/www.erma-electronique.fr\/en\/wp-json\/wp\/v2\/types\/page"}],"author":[{"embeddable":true,"href":"https:\/\/www.erma-electronique.fr\/en\/wp-json\/wp\/v2\/users\/3"}],"replies":[{"embeddable":true,"href":"https:\/\/www.erma-electronique.fr\/en\/wp-json\/wp\/v2\/comments?post=2939"}],"version-history":[{"count":14,"href":"https:\/\/www.erma-electronique.fr\/en\/wp-json\/wp\/v2\/pages\/2939\/revisions"}],"predecessor-version":[{"id":4725,"href":"https:\/\/www.erma-electronique.fr\/en\/wp-json\/wp\/v2\/pages\/2939\/revisions\/4725"}],"up":[{"embeddable":true,"href":"https:\/\/www.erma-electronique.fr\/en\/wp-json\/wp\/v2\/pages\/2989"}],"wp:attachment":[{"href":"https:\/\/www.erma-electronique.fr\/en\/wp-json\/wp\/v2\/media?parent=2939"}],"curies":[{"name":"wp","href":"https:\/\/api.w.org\/{rel}","templated":true}]}}