{"id":2954,"date":"2022-01-14T17:39:54","date_gmt":"2022-01-14T16:39:54","guid":{"rendered":"https:\/\/erma-projet.groupecharbonnier.fr\/?page_id=2954"},"modified":"2024-05-14T10:12:06","modified_gmt":"2024-05-14T08:12:06","slug":"outillages-pour-flexibles-hydrauliques-et-pneumatiques","status":"publish","type":"page","link":"https:\/\/www.erma-electronique.fr\/en\/metiers\/outillages-pour-flexibles-hydrauliques-et-pneumatiques\/","title":{"rendered":"Outillages pour flexibles hydrauliques et pneumatiques"},"content":{"rendered":"<div data-elementor-type=\"wp-page\" data-elementor-id=\"2954\" class=\"elementor elementor-2954\" data-elementor-post-type=\"page\">\n\t\t\t\t\t\t<section class=\"elementor-section elementor-top-section elementor-element elementor-element-97a677d elementor-section-height-min-height elementor-section-items-bottom elementor-section-boxed elementor-section-height-default\" data-id=\"97a677d\" data-element_type=\"section\" data-settings=\"{&quot;background_background&quot;:&quot;classic&quot;}\">\n\t\t\t\t\t\t\t<div class=\"elementor-background-overlay\"><\/div>\n\t\t\t\t\t\t\t<div class=\"elementor-container elementor-column-gap-no\">\n\t\t\t\t\t<div class=\"elementor-column elementor-col-100 elementor-top-column elementor-element elementor-element-a67f83a\" data-id=\"a67f83a\" data-element_type=\"column\">\n\t\t\t<div class=\"elementor-widget-wrap elementor-element-populated\">\n\t\t\t\t\t\t<div class=\"elementor-element elementor-element-60de66a elementor-widget elementor-widget-heading\" data-id=\"60de66a\" data-element_type=\"widget\" data-widget_type=\"heading.default\">\n\t\t\t\t<div class=\"elementor-widget-container\">\n\t\t\t<h6 class=\"elementor-heading-title elementor-size-default\">ERMA ELECTRONIQUE<\/h6>\t\t<\/div>\n\t\t\t\t<\/div>\n\t\t\t\t<div class=\"elementor-element elementor-element-1907b1b elementor-widget elementor-widget-heading\" data-id=\"1907b1b\" data-element_type=\"widget\" data-widget_type=\"heading.default\">\n\t\t\t\t<div class=\"elementor-widget-container\">\n\t\t\t<h6 class=\"elementor-heading-title elementor-size-default\">Nos M\u00e9tiers<\/h6>\t\t<\/div>\n\t\t\t\t<\/div>\n\t\t\t\t<div class=\"elementor-element elementor-element-93f65dd elementor-widget elementor-widget-heading\" data-id=\"93f65dd\" data-element_type=\"widget\" data-widget_type=\"heading.default\">\n\t\t\t\t<div class=\"elementor-widget-container\">\n\t\t\t<h1 class=\"elementor-heading-title elementor-size-default\">Outillages pour flexibles hydrauliques et pneumatiques<\/h1>\t\t<\/div>\n\t\t\t\t<\/div>\n\t\t\t\t<div class=\"elementor-element elementor-element-c03eee9 elementor-widget-divider--view-line elementor-widget elementor-widget-divider\" data-id=\"c03eee9\" data-element_type=\"widget\" data-widget_type=\"divider.default\">\n\t\t\t\t<div class=\"elementor-widget-container\">\n\t\t\t\t\t<div class=\"elementor-divider\">\n\t\t\t<span class=\"elementor-divider-separator\">\n\t\t\t\t\t\t<\/span>\n\t\t<\/div>\n\t\t\t\t<\/div>\n\t\t\t\t<\/div>\n\t\t\t\t\t<\/div>\n\t\t<\/div>\n\t\t\t\t\t<\/div>\n\t\t<\/section>\n\t\t\t\t<section class=\"elementor-section elementor-top-section elementor-element elementor-element-66d17d6 elementor-section-boxed elementor-section-height-default elementor-section-height-default\" data-id=\"66d17d6\" data-element_type=\"section\">\n\t\t\t\t\t\t<div class=\"elementor-container elementor-column-gap-default\">\n\t\t\t\t\t<div class=\"elementor-column elementor-col-100 elementor-top-column elementor-element elementor-element-05b6326\" data-id=\"05b6326\" data-element_type=\"column\">\n\t\t\t<div class=\"elementor-widget-wrap elementor-element-populated\">\n\t\t\t\t\t\t<div class=\"elementor-element elementor-element-7db0043 elementor-widget elementor-widget-spacer\" data-id=\"7db0043\" data-element_type=\"widget\" data-widget_type=\"spacer.default\">\n\t\t\t\t<div class=\"elementor-widget-container\">\n\t\t\t\t\t<div class=\"elementor-spacer\">\n\t\t\t<div class=\"elementor-spacer-inner\"><\/div>\n\t\t<\/div>\n\t\t\t\t<\/div>\n\t\t\t\t<\/div>\n\t\t\t\t\t<\/div>\n\t\t<\/div>\n\t\t\t\t\t<\/div>\n\t\t<\/section>\n\t\t\t\t<section class=\"elementor-section elementor-top-section elementor-element elementor-element-a7f9d76 elementor-section-boxed elementor-section-height-default elementor-section-height-default\" data-id=\"a7f9d76\" data-element_type=\"section\">\n\t\t\t\t\t\t<div class=\"elementor-container elementor-column-gap-default\">\n\t\t\t\t\t<div class=\"elementor-column elementor-col-50 elementor-top-column elementor-element elementor-element-11b34dd\" data-id=\"11b34dd\" data-element_type=\"column\">\n\t\t\t<div class=\"elementor-widget-wrap elementor-element-populated\">\n\t\t\t\t\t\t<div class=\"elementor-element elementor-element-f8b7882 elementor-widget elementor-widget-spacer\" data-id=\"f8b7882\" data-element_type=\"widget\" data-widget_type=\"spacer.default\">\n\t\t\t\t<div class=\"elementor-widget-container\">\n\t\t\t\t\t<div class=\"elementor-spacer\">\n\t\t\t<div class=\"elementor-spacer-inner\"><\/div>\n\t\t<\/div>\n\t\t\t\t<\/div>\n\t\t\t\t<\/div>\n\t\t\t\t<div class=\"elementor-element elementor-element-0abf841 elementor-widget elementor-widget-text-editor\" data-id=\"0abf841\" data-element_type=\"widget\" data-widget_type=\"text-editor.default\">\n\t\t\t\t<div class=\"elementor-widget-container\">\n\t\t\t\t\t\t\t<p><b>Conception et fabrication d&rsquo;outils hydrauliques et pneumatiques pour essais de flexibles,<\/b><\/p><p><b> colliers de serrage,<\/b><\/p><p><b>bancs pneumatiques,<\/b><\/p><p><b> essais d&rsquo;\u00e9tanch\u00e9it\u00e9,<\/b><b> \/ essence \/ hydraulique pour avions<\/b><\/p>\t\t\t\t\t\t<\/div>\n\t\t\t\t<\/div>\n\t\t\t\t\t<\/div>\n\t\t<\/div>\n\t\t\t\t<div class=\"elementor-column elementor-col-50 elementor-top-column elementor-element elementor-element-f109bde\" data-id=\"f109bde\" data-element_type=\"column\" data-settings=\"{&quot;background_background&quot;:&quot;slideshow&quot;,&quot;background_slideshow_slide_duration&quot;:2000,&quot;background_slideshow_gallery&quot;:[],&quot;background_slideshow_loop&quot;:&quot;yes&quot;,&quot;background_slideshow_slide_transition&quot;:&quot;fade&quot;,&quot;background_slideshow_transition_duration&quot;:500}\">\n\t\t\t<div class=\"elementor-widget-wrap elementor-element-populated\">\n\t\t\t\t\t\t<div class=\"elementor-element elementor-element-582a86f elementor-arrows-position-inside elementor-pagination-position-outside elementor-widget elementor-widget-image-carousel\" data-id=\"582a86f\" data-element_type=\"widget\" data-settings=\"{&quot;slides_to_show&quot;:&quot;1&quot;,&quot;navigation&quot;:&quot;both&quot;,&quot;autoplay&quot;:&quot;yes&quot;,&quot;pause_on_hover&quot;:&quot;yes&quot;,&quot;pause_on_interaction&quot;:&quot;yes&quot;,&quot;autoplay_speed&quot;:5000,&quot;infinite&quot;:&quot;yes&quot;,&quot;effect&quot;:&quot;slide&quot;,&quot;speed&quot;:500}\" data-widget_type=\"image-carousel.default\">\n\t\t\t\t<div class=\"elementor-widget-container\">\n\t\t\t\t\t<div class=\"elementor-image-carousel-wrapper swiper-container\" dir=\"ltr\">\n\t\t\t<div class=\"elementor-image-carousel swiper-wrapper\" aria-live=\"off\">\n\t\t\t\t\t\t\t\t<div class=\"swiper-slide\" role=\"group\" aria-roledescription=\"slide\" aria-label=\"1 of 6\"><figure class=\"swiper-slide-inner\"><img decoding=\"async\" class=\"swiper-slide-image\" src=\"https:\/\/www.erma-electronique.fr\/wp-content\/uploads\/2024\/05\/DOMAINES-INTER_Metiers_-FLEXIBLES-1.jpg\" alt=\"DOMAINES INTER_Me\u0301tiers_ FLEXIBLES (1)\" \/><\/figure><\/div><div class=\"swiper-slide\" role=\"group\" aria-roledescription=\"slide\" aria-label=\"2 of 6\"><figure class=\"swiper-slide-inner\"><img decoding=\"async\" class=\"swiper-slide-image\" src=\"https:\/\/www.erma-electronique.fr\/wp-content\/uploads\/2024\/05\/DOMAINES-INTER_Metiers_-FLEXIBLES-2.jpg\" alt=\"DOMAINES INTER_Me\u0301tiers_ FLEXIBLES (2)\" \/><\/figure><\/div><div class=\"swiper-slide\" role=\"group\" aria-roledescription=\"slide\" aria-label=\"3 of 6\"><figure class=\"swiper-slide-inner\"><img decoding=\"async\" class=\"swiper-slide-image\" src=\"https:\/\/www.erma-electronique.fr\/wp-content\/uploads\/2024\/05\/DOMAINES-INTER_Metiers_-FLEXIBLES-3.jpg\" alt=\"DOMAINES INTER_Me\u0301tiers_ FLEXIBLES (3)\" \/><\/figure><\/div><div class=\"swiper-slide\" role=\"group\" aria-roledescription=\"slide\" aria-label=\"4 of 6\"><figure class=\"swiper-slide-inner\"><img decoding=\"async\" class=\"swiper-slide-image\" src=\"https:\/\/www.erma-electronique.fr\/wp-content\/uploads\/2024\/05\/DOMAINES-INTER_Metiers_-FLEXIBLES-4.jpg\" alt=\"DOMAINES INTER_Me\u0301tiers_ FLEXIBLES (4)\" \/><\/figure><\/div><div class=\"swiper-slide\" role=\"group\" aria-roledescription=\"slide\" aria-label=\"5 of 6\"><figure class=\"swiper-slide-inner\"><img decoding=\"async\" class=\"swiper-slide-image\" src=\"https:\/\/www.erma-electronique.fr\/wp-content\/uploads\/2024\/05\/DOMAINES-INTER_Metiers_-FLEXIBLES-5.jpg\" alt=\"DOMAINES INTER_Me\u0301tiers_ FLEXIBLES (5)\" \/><\/figure><\/div><div class=\"swiper-slide\" role=\"group\" aria-roledescription=\"slide\" aria-label=\"6 of 6\"><figure class=\"swiper-slide-inner\"><img decoding=\"async\" class=\"swiper-slide-image\" src=\"https:\/\/www.erma-electronique.fr\/wp-content\/uploads\/2024\/05\/DOMAINES-INTER_Metiers_-FLEXIBLES-6.jpg\" alt=\"DOMAINES INTER_Me\u0301tiers_ FLEXIBLES (6)\" \/><\/figure><\/div>\t\t\t<\/div>\n\t\t\t\t\t\t\t\t\t\t\t\t<div class=\"elementor-swiper-button elementor-swiper-button-prev\" role=\"button\" tabindex=\"0\">\n\t\t\t\t\t\t<i aria-hidden=\"true\" class=\"eicon-chevron-left\"><\/i>\t\t\t\t\t<\/div>\n\t\t\t\t\t<div class=\"elementor-swiper-button elementor-swiper-button-next\" role=\"button\" tabindex=\"0\">\n\t\t\t\t\t\t<i aria-hidden=\"true\" class=\"eicon-chevron-right\"><\/i>\t\t\t\t\t<\/div>\n\t\t\t\t\n\t\t\t\t\t\t\t\t\t<div class=\"swiper-pagination\"><\/div>\n\t\t\t\t\t\t\t\t\t<\/div>\n\t\t\t\t<\/div>\n\t\t\t\t<\/div>\n\t\t\t\t\t<\/div>\n\t\t<\/div>\n\t\t\t\t\t<\/div>\n\t\t<\/section>\n\t\t\t\t<\/div>","protected":false},"excerpt":{"rendered":"<p>ERMA ELECTRONIQUE Nos M\u00e9tiers Outillages pour flexibles hydrauliques et pneumatiques Conception et fabrication d&rsquo;outils hydrauliques et pneumatiques pour essais de flexibles, colliers de serrage, bancs pneumatiques, essais d&rsquo;\u00e9tanch\u00e9it\u00e9, \/ essence \/ hydraulique pour avions<\/p>","protected":false},"author":3,"featured_media":0,"parent":2989,"menu_order":0,"comment_status":"closed","ping_status":"closed","template":"","meta":{"pmpro_default_level":0,"site-sidebar-layout":"no-sidebar","site-content-layout":"page-builder","ast-global-header-display":"","ast-main-header-display":"","ast-hfb-above-header-display":"","ast-hfb-below-header-display":"","ast-hfb-mobile-header-display":"","site-post-title":"disabled","ast-breadcrumbs-content":"","ast-featured-img":"disabled","footer-sml-layout":"","theme-transparent-header-meta":"","adv-header-id-meta":"","stick-header-meta":"","header-above-stick-meta":"","header-main-stick-meta":"","header-below-stick-meta":"","footnotes":""},"class_list":["post-2954","page","type-page","status-publish","hentry","pmpro-has-access"],"yoast_head":"<!-- This site is optimized with the Yoast SEO plugin v20.1 - https:\/\/yoast.com\/wordpress\/plugins\/seo\/ -->\n<title>Outillages pour flexibles hydrauliques et pneumatiques - Erma electronique - Groupe charbonnier<\/title>\n<meta name=\"robots\" content=\"index, follow, max-snippet:-1, max-image-preview:large, max-video-preview:-1\" \/>\n<link rel=\"canonical\" href=\"https:\/\/www.erma-electronique.fr\/en\/metiers\/outillages-pour-flexibles-hydrauliques-et-pneumatiques\/\" \/>\n<meta property=\"og:locale\" content=\"en_GB\" \/>\n<meta property=\"og:type\" content=\"article\" \/>\n<meta property=\"og:title\" content=\"Outillages pour flexibles hydrauliques et pneumatiques - Erma electronique - Groupe charbonnier\" \/>\n<meta property=\"og:description\" content=\"ERMA ELECTRONIQUE Nos M\u00e9tiers Outillages pour flexibles hydrauliques et pneumatiques Conception et fabrication d&rsquo;outils hydrauliques et pneumatiques pour essais de flexibles, colliers de serrage, bancs pneumatiques, essais d&rsquo;\u00e9tanch\u00e9it\u00e9, \/ essence \/ hydraulique pour avions\" \/>\n<meta property=\"og:url\" content=\"https:\/\/www.erma-electronique.fr\/en\/metiers\/outillages-pour-flexibles-hydrauliques-et-pneumatiques\/\" \/>\n<meta property=\"og:site_name\" content=\"Erma electronique - Groupe charbonnier\" \/>\n<meta property=\"article:modified_time\" content=\"2024-05-14T08:12:06+00:00\" \/>\n<meta property=\"og:image\" content=\"https:\/\/www.erma-electronique.fr\/wp-content\/uploads\/2024\/05\/DOMAINES-INTER_Metiers_-FLEXIBLES-1.jpg\" \/>\n<meta name=\"twitter:card\" content=\"summary_large_image\" \/>\n<meta name=\"twitter:label1\" content=\"Estimated reading time\" \/>\n\t<meta name=\"twitter:data1\" content=\"2 minutes\" \/>\n<script type=\"application\/ld+json\" class=\"yoast-schema-graph\">{\"@context\":\"https:\/\/schema.org\",\"@graph\":[{\"@type\":\"WebPage\",\"@id\":\"https:\/\/www.erma-electronique.fr\/metiers\/outillages-pour-flexibles-hydrauliques-et-pneumatiques\/\",\"url\":\"https:\/\/www.erma-electronique.fr\/metiers\/outillages-pour-flexibles-hydrauliques-et-pneumatiques\/\",\"name\":\"Outillages pour flexibles hydrauliques et pneumatiques - Erma electronique - Groupe charbonnier\",\"isPartOf\":{\"@id\":\"https:\/\/www.erma-electronique.fr\/#website\"},\"datePublished\":\"2022-01-14T16:39:54+00:00\",\"dateModified\":\"2024-05-14T08:12:06+00:00\",\"breadcrumb\":{\"@id\":\"https:\/\/www.erma-electronique.fr\/metiers\/outillages-pour-flexibles-hydrauliques-et-pneumatiques\/#breadcrumb\"},\"inLanguage\":\"en-GB\",\"potentialAction\":[{\"@type\":\"ReadAction\",\"target\":[\"https:\/\/www.erma-electronique.fr\/metiers\/outillages-pour-flexibles-hydrauliques-et-pneumatiques\/\"]}]},{\"@type\":\"BreadcrumbList\",\"@id\":\"https:\/\/www.erma-electronique.fr\/metiers\/outillages-pour-flexibles-hydrauliques-et-pneumatiques\/#breadcrumb\",\"itemListElement\":[{\"@type\":\"ListItem\",\"position\":1,\"name\":\"Accueil\",\"item\":\"https:\/\/www.erma-electronique.fr\/\"},{\"@type\":\"ListItem\",\"position\":2,\"name\":\"M\u00e9tiers\",\"item\":\"https:\/\/www.erma-electronique.fr\/metiers\/\"},{\"@type\":\"ListItem\",\"position\":3,\"name\":\"Outillages pour flexibles hydrauliques et pneumatiques\"}]},{\"@type\":\"WebSite\",\"@id\":\"https:\/\/www.erma-electronique.fr\/#website\",\"url\":\"https:\/\/www.erma-electronique.fr\/\",\"name\":\"Erma electronique - Groupe charbonnier\",\"description\":\"\",\"potentialAction\":[{\"@type\":\"SearchAction\",\"target\":{\"@type\":\"EntryPoint\",\"urlTemplate\":\"https:\/\/www.erma-electronique.fr\/?s={search_term_string}\"},\"query-input\":\"required name=search_term_string\"}],\"inLanguage\":\"en-GB\"}]}<\/script>\n<!-- \/ Yoast SEO plugin. -->","yoast_head_json":{"title":"Outillages pour flexibles hydrauliques et pneumatiques - Erma electronique - Groupe charbonnier","robots":{"index":"index","follow":"follow","max-snippet":"max-snippet:-1","max-image-preview":"max-image-preview:large","max-video-preview":"max-video-preview:-1"},"canonical":"https:\/\/www.erma-electronique.fr\/en\/metiers\/outillages-pour-flexibles-hydrauliques-et-pneumatiques\/","og_locale":"en_GB","og_type":"article","og_title":"Outillages pour flexibles hydrauliques et pneumatiques - Erma electronique - Groupe charbonnier","og_description":"ERMA ELECTRONIQUE Nos M\u00e9tiers Outillages pour flexibles hydrauliques et pneumatiques Conception et fabrication d&rsquo;outils hydrauliques et pneumatiques pour essais de flexibles, colliers de serrage, bancs pneumatiques, essais d&rsquo;\u00e9tanch\u00e9it\u00e9, \/ essence \/ hydraulique pour avions","og_url":"https:\/\/www.erma-electronique.fr\/en\/metiers\/outillages-pour-flexibles-hydrauliques-et-pneumatiques\/","og_site_name":"Erma electronique - Groupe charbonnier","article_modified_time":"2024-05-14T08:12:06+00:00","og_image":[{"url":"https:\/\/www.erma-electronique.fr\/wp-content\/uploads\/2024\/05\/DOMAINES-INTER_Metiers_-FLEXIBLES-1.jpg"}],"twitter_card":"summary_large_image","twitter_misc":{"Estimated reading time":"2 minutes"},"schema":{"@context":"https:\/\/schema.org","@graph":[{"@type":"WebPage","@id":"https:\/\/www.erma-electronique.fr\/metiers\/outillages-pour-flexibles-hydrauliques-et-pneumatiques\/","url":"https:\/\/www.erma-electronique.fr\/metiers\/outillages-pour-flexibles-hydrauliques-et-pneumatiques\/","name":"Outillages pour flexibles hydrauliques et pneumatiques - Erma electronique - Groupe charbonnier","isPartOf":{"@id":"https:\/\/www.erma-electronique.fr\/#website"},"datePublished":"2022-01-14T16:39:54+00:00","dateModified":"2024-05-14T08:12:06+00:00","breadcrumb":{"@id":"https:\/\/www.erma-electronique.fr\/metiers\/outillages-pour-flexibles-hydrauliques-et-pneumatiques\/#breadcrumb"},"inLanguage":"en-GB","potentialAction":[{"@type":"ReadAction","target":["https:\/\/www.erma-electronique.fr\/metiers\/outillages-pour-flexibles-hydrauliques-et-pneumatiques\/"]}]},{"@type":"BreadcrumbList","@id":"https:\/\/www.erma-electronique.fr\/metiers\/outillages-pour-flexibles-hydrauliques-et-pneumatiques\/#breadcrumb","itemListElement":[{"@type":"ListItem","position":1,"name":"Accueil","item":"https:\/\/www.erma-electronique.fr\/"},{"@type":"ListItem","position":2,"name":"M\u00e9tiers","item":"https:\/\/www.erma-electronique.fr\/metiers\/"},{"@type":"ListItem","position":3,"name":"Outillages pour flexibles hydrauliques et pneumatiques"}]},{"@type":"WebSite","@id":"https:\/\/www.erma-electronique.fr\/#website","url":"https:\/\/www.erma-electronique.fr\/","name":"Erma electronique - Groupe charbonnier","description":"","potentialAction":[{"@type":"SearchAction","target":{"@type":"EntryPoint","urlTemplate":"https:\/\/www.erma-electronique.fr\/?s={search_term_string}"},"query-input":"required name=search_term_string"}],"inLanguage":"en-GB"}]}},"_links":{"self":[{"href":"https:\/\/www.erma-electronique.fr\/en\/wp-json\/wp\/v2\/pages\/2954","targetHints":{"allow":["GET"]}}],"collection":[{"href":"https:\/\/www.erma-electronique.fr\/en\/wp-json\/wp\/v2\/pages"}],"about":[{"href":"https:\/\/www.erma-electronique.fr\/en\/wp-json\/wp\/v2\/types\/page"}],"author":[{"embeddable":true,"href":"https:\/\/www.erma-electronique.fr\/en\/wp-json\/wp\/v2\/users\/3"}],"replies":[{"embeddable":true,"href":"https:\/\/www.erma-electronique.fr\/en\/wp-json\/wp\/v2\/comments?post=2954"}],"version-history":[{"count":7,"href":"https:\/\/www.erma-electronique.fr\/en\/wp-json\/wp\/v2\/pages\/2954\/revisions"}],"predecessor-version":[{"id":4689,"href":"https:\/\/www.erma-electronique.fr\/en\/wp-json\/wp\/v2\/pages\/2954\/revisions\/4689"}],"up":[{"embeddable":true,"href":"https:\/\/www.erma-electronique.fr\/en\/wp-json\/wp\/v2\/pages\/2989"}],"wp:attachment":[{"href":"https:\/\/www.erma-electronique.fr\/en\/wp-json\/wp\/v2\/media?parent=2954"}],"curies":[{"name":"wp","href":"https:\/\/api.w.org\/{rel}","templated":true}]}}