{"id":2958,"date":"2022-01-14T17:40:41","date_gmt":"2022-01-14T16:40:41","guid":{"rendered":"https:\/\/erma-projet.groupecharbonnier.fr\/?page_id=2958"},"modified":"2024-05-14T10:11:19","modified_gmt":"2024-05-14T08:11:19","slug":"mco","status":"publish","type":"page","link":"https:\/\/www.erma-electronique.fr\/en\/metiers\/mco\/","title":{"rendered":"MCO"},"content":{"rendered":"<div data-elementor-type=\"wp-page\" data-elementor-id=\"2958\" class=\"elementor elementor-2958\" data-elementor-post-type=\"page\">\n\t\t\t\t\t\t<section class=\"elementor-section elementor-top-section elementor-element elementor-element-1fe615b elementor-section-height-min-height elementor-section-items-bottom elementor-section-boxed elementor-section-height-default\" data-id=\"1fe615b\" data-element_type=\"section\" data-settings=\"{&quot;background_background&quot;:&quot;classic&quot;}\">\n\t\t\t\t\t\t\t<div class=\"elementor-background-overlay\"><\/div>\n\t\t\t\t\t\t\t<div class=\"elementor-container elementor-column-gap-no\">\n\t\t\t\t\t<div class=\"elementor-column elementor-col-100 elementor-top-column elementor-element elementor-element-29c1b36\" data-id=\"29c1b36\" data-element_type=\"column\">\n\t\t\t<div class=\"elementor-widget-wrap elementor-element-populated\">\n\t\t\t\t\t\t<div class=\"elementor-element elementor-element-f9b3219 elementor-widget elementor-widget-heading\" data-id=\"f9b3219\" data-element_type=\"widget\" data-widget_type=\"heading.default\">\n\t\t\t\t<div class=\"elementor-widget-container\">\n\t\t\t<h6 class=\"elementor-heading-title elementor-size-default\">ERMA ELECTRONIQUE<\/h6>\t\t<\/div>\n\t\t\t\t<\/div>\n\t\t\t\t<div class=\"elementor-element elementor-element-9d1af89 elementor-widget elementor-widget-heading\" data-id=\"9d1af89\" data-element_type=\"widget\" data-widget_type=\"heading.default\">\n\t\t\t\t<div class=\"elementor-widget-container\">\n\t\t\t<h6 class=\"elementor-heading-title elementor-size-default\">Nos M\u00e9tiers<\/h6>\t\t<\/div>\n\t\t\t\t<\/div>\n\t\t\t\t<div class=\"elementor-element elementor-element-802177c elementor-widget elementor-widget-heading\" data-id=\"802177c\" data-element_type=\"widget\" data-widget_type=\"heading.default\">\n\t\t\t\t<div class=\"elementor-widget-container\">\n\t\t\t<h1 class=\"elementor-heading-title elementor-size-default\">MCO<\/h1>\t\t<\/div>\n\t\t\t\t<\/div>\n\t\t\t\t<div class=\"elementor-element elementor-element-123811c elementor-widget elementor-widget-heading\" data-id=\"123811c\" data-element_type=\"widget\" data-widget_type=\"heading.default\">\n\t\t\t\t<div class=\"elementor-widget-container\">\n\t\t\t<h1 class=\"elementor-heading-title elementor-size-default\">Maintenance en Conditions Op\u00e9rationnelles<\/h1>\t\t<\/div>\n\t\t\t\t<\/div>\n\t\t\t\t<div class=\"elementor-element elementor-element-3899ca4 elementor-widget-divider--view-line elementor-widget elementor-widget-divider\" data-id=\"3899ca4\" data-element_type=\"widget\" data-widget_type=\"divider.default\">\n\t\t\t\t<div class=\"elementor-widget-container\">\n\t\t\t\t\t<div class=\"elementor-divider\">\n\t\t\t<span class=\"elementor-divider-separator\">\n\t\t\t\t\t\t<\/span>\n\t\t<\/div>\n\t\t\t\t<\/div>\n\t\t\t\t<\/div>\n\t\t\t\t\t<\/div>\n\t\t<\/div>\n\t\t\t\t\t<\/div>\n\t\t<\/section>\n\t\t\t\t<section class=\"elementor-section elementor-top-section elementor-element elementor-element-7c200f2 elementor-section-boxed elementor-section-height-default elementor-section-height-default\" data-id=\"7c200f2\" data-element_type=\"section\">\n\t\t\t\t\t\t<div class=\"elementor-container elementor-column-gap-default\">\n\t\t\t\t\t<div class=\"elementor-column elementor-col-100 elementor-top-column elementor-element elementor-element-1857d4b\" data-id=\"1857d4b\" data-element_type=\"column\">\n\t\t\t<div class=\"elementor-widget-wrap elementor-element-populated\">\n\t\t\t\t\t\t<div class=\"elementor-element elementor-element-9cf667f elementor-widget elementor-widget-spacer\" data-id=\"9cf667f\" data-element_type=\"widget\" data-widget_type=\"spacer.default\">\n\t\t\t\t<div class=\"elementor-widget-container\">\n\t\t\t\t\t<div class=\"elementor-spacer\">\n\t\t\t<div class=\"elementor-spacer-inner\"><\/div>\n\t\t<\/div>\n\t\t\t\t<\/div>\n\t\t\t\t<\/div>\n\t\t\t\t\t<\/div>\n\t\t<\/div>\n\t\t\t\t\t<\/div>\n\t\t<\/section>\n\t\t\t\t<section class=\"elementor-section elementor-top-section elementor-element elementor-element-3680519 elementor-section-boxed elementor-section-height-default elementor-section-height-default\" data-id=\"3680519\" data-element_type=\"section\">\n\t\t\t\t\t\t<div class=\"elementor-container elementor-column-gap-default\">\n\t\t\t\t\t<div class=\"elementor-column elementor-col-50 elementor-top-column elementor-element elementor-element-040f0a7\" data-id=\"040f0a7\" data-element_type=\"column\">\n\t\t\t<div class=\"elementor-widget-wrap elementor-element-populated\">\n\t\t\t\t\t\t<div class=\"elementor-element elementor-element-df931c0 elementor-widget elementor-widget-text-editor\" data-id=\"df931c0\" data-element_type=\"widget\" data-widget_type=\"text-editor.default\">\n\t\t\t\t<div class=\"elementor-widget-container\">\n\t\t\t\t\t\t\t<p><b>Maintenance, remise en conformit\u00e9 et ajout de fonctions sur mat\u00e9riel op\u00e9rationnel :<\/b><\/p><ul><li>Rework de cartes \u00e9lectroniques<\/li><li>Modifications \u00e9lectriques et m\u00e9caniques (radars programme RAFALE, MIRAGE,\u2026)<\/li><li>Peinture, tropicalisation, s\u00e9rigraphie<\/li><li>Remise en conformit\u00e9 d\u2019\u00e9crans de visualisation, changement de films, de polariseurs, de diffuseurs, de dalles, de joints, dans un environnement propre<\/li><li>Expertise\u00a0 et recherche de panne d\u2019ensembles \u00e9lectriques \u2013 Test et essais<\/li><\/ul>\t\t\t\t\t\t<\/div>\n\t\t\t\t<\/div>\n\t\t\t\t\t<\/div>\n\t\t<\/div>\n\t\t\t\t<div class=\"elementor-column elementor-col-50 elementor-top-column elementor-element elementor-element-b9f370c\" data-id=\"b9f370c\" data-element_type=\"column\" data-settings=\"{&quot;background_background&quot;:&quot;slideshow&quot;,&quot;background_slideshow_slide_duration&quot;:2000,&quot;background_slideshow_gallery&quot;:[],&quot;background_slideshow_loop&quot;:&quot;yes&quot;,&quot;background_slideshow_slide_transition&quot;:&quot;fade&quot;,&quot;background_slideshow_transition_duration&quot;:500}\">\n\t\t\t<div class=\"elementor-widget-wrap elementor-element-populated\">\n\t\t\t\t\t\t<div class=\"elementor-element elementor-element-f2b9e90 elementor-widget elementor-widget-gallery\" data-id=\"f2b9e90\" data-element_type=\"widget\" data-settings=\"{&quot;gallery_layout&quot;:&quot;masonry&quot;,&quot;columns&quot;:3,&quot;lazyload&quot;:&quot;yes&quot;,&quot;columns_tablet&quot;:2,&quot;columns_mobile&quot;:1,&quot;gap&quot;:{&quot;unit&quot;:&quot;px&quot;,&quot;size&quot;:10,&quot;sizes&quot;:[]},&quot;gap_tablet&quot;:{&quot;unit&quot;:&quot;px&quot;,&quot;size&quot;:10,&quot;sizes&quot;:[]},&quot;gap_mobile&quot;:{&quot;unit&quot;:&quot;px&quot;,&quot;size&quot;:10,&quot;sizes&quot;:[]},&quot;link_to&quot;:&quot;file&quot;,&quot;overlay_background&quot;:&quot;yes&quot;,&quot;content_hover_animation&quot;:&quot;fade-in&quot;}\" data-widget_type=\"gallery.default\">\n\t\t\t\t<div class=\"elementor-widget-container\">\n\t\t\t\t\t<div class=\"elementor-gallery__container\">\n\t\t\t\t\t\t\t<a class=\"e-gallery-item elementor-gallery-item elementor-animated-content\" href=\"https:\/\/www.erma-electronique.fr\/wp-content\/uploads\/2024\/05\/DOMAINES-INTER_Metiers_-MCO-1.jpg\" data-elementor-open-lightbox=\"yes\" data-elementor-lightbox-slideshow=\"f2b9e90\" data-elementor-lightbox-title=\"DOMAINES INTER_Me\u0301tiers_ MCO (1)\" data-e-action-hash=\"#elementor-action%3Aaction%3Dlightbox%26settings%3DeyJpZCI6NDYzNywidXJsIjoiaHR0cHM6XC9cL3d3dy5lcm1hLWVsZWN0cm9uaXF1ZS5mclwvd3AtY29udGVudFwvdXBsb2Fkc1wvMjAyNFwvMDVcL0RPTUFJTkVTLUlOVEVSX01ldGllcnNfLU1DTy0xLmpwZyIsInNsaWRlc2hvdyI6ImYyYjllOTAifQ%3D%3D\">\n\t\t\t\t\t<div class=\"e-gallery-image elementor-gallery-item__image\" data-thumbnail=\"https:\/\/www.erma-electronique.fr\/wp-content\/uploads\/2024\/05\/DOMAINES-INTER_Metiers_-MCO-1-300x275.jpg\" data-width=\"300\" data-height=\"275\" aria-label=\"\" role=\"img\" ><\/div>\n\t\t\t\t\t\t\t\t\t\t\t<div class=\"elementor-gallery-item__overlay\"><\/div>\n\t\t\t\t\t\t\t\t\t\t\t\t\t\t<\/a>\n\t\t\t\t\t\t\t<a class=\"e-gallery-item elementor-gallery-item elementor-animated-content\" href=\"https:\/\/www.erma-electronique.fr\/wp-content\/uploads\/2024\/05\/DOMAINES-INTER_Metiers_-MCO-2.jpg\" data-elementor-open-lightbox=\"yes\" data-elementor-lightbox-slideshow=\"f2b9e90\" data-elementor-lightbox-title=\"DOMAINES INTER_Me\u0301tiers_ MCO (2)\" data-e-action-hash=\"#elementor-action%3Aaction%3Dlightbox%26settings%3DeyJpZCI6NDYzOCwidXJsIjoiaHR0cHM6XC9cL3d3dy5lcm1hLWVsZWN0cm9uaXF1ZS5mclwvd3AtY29udGVudFwvdXBsb2Fkc1wvMjAyNFwvMDVcL0RPTUFJTkVTLUlOVEVSX01ldGllcnNfLU1DTy0yLmpwZyIsInNsaWRlc2hvdyI6ImYyYjllOTAifQ%3D%3D\">\n\t\t\t\t\t<div class=\"e-gallery-image elementor-gallery-item__image\" data-thumbnail=\"https:\/\/www.erma-electronique.fr\/wp-content\/uploads\/2024\/05\/DOMAINES-INTER_Metiers_-MCO-2.jpg\" data-width=\"286\" data-height=\"238\" aria-label=\"\" role=\"img\" ><\/div>\n\t\t\t\t\t\t\t\t\t\t\t<div class=\"elementor-gallery-item__overlay\"><\/div>\n\t\t\t\t\t\t\t\t\t\t\t\t\t\t<\/a>\n\t\t\t\t\t\t\t<a class=\"e-gallery-item elementor-gallery-item elementor-animated-content\" href=\"https:\/\/www.erma-electronique.fr\/wp-content\/uploads\/2024\/05\/DOMAINES-INTER_Metiers_-MCO-3.jpg\" data-elementor-open-lightbox=\"yes\" data-elementor-lightbox-slideshow=\"f2b9e90\" data-elementor-lightbox-title=\"DOMAINES INTER_Me\u0301tiers_ MCO (3)\" data-e-action-hash=\"#elementor-action%3Aaction%3Dlightbox%26settings%3DeyJpZCI6NDYzOSwidXJsIjoiaHR0cHM6XC9cL3d3dy5lcm1hLWVsZWN0cm9uaXF1ZS5mclwvd3AtY29udGVudFwvdXBsb2Fkc1wvMjAyNFwvMDVcL0RPTUFJTkVTLUlOVEVSX01ldGllcnNfLU1DTy0zLmpwZyIsInNsaWRlc2hvdyI6ImYyYjllOTAifQ%3D%3D\">\n\t\t\t\t\t<div class=\"e-gallery-image elementor-gallery-item__image\" data-thumbnail=\"https:\/\/www.erma-electronique.fr\/wp-content\/uploads\/2024\/05\/DOMAINES-INTER_Metiers_-MCO-3-300x225.jpg\" data-width=\"300\" data-height=\"225\" aria-label=\"\" role=\"img\" ><\/div>\n\t\t\t\t\t\t\t\t\t\t\t<div class=\"elementor-gallery-item__overlay\"><\/div>\n\t\t\t\t\t\t\t\t\t\t\t\t\t\t<\/a>\n\t\t\t\t\t\t\t<a class=\"e-gallery-item elementor-gallery-item elementor-animated-content\" href=\"https:\/\/www.erma-electronique.fr\/wp-content\/uploads\/2024\/05\/DOMAINES-INTER_Metiers_-MCO-4.jpg\" data-elementor-open-lightbox=\"yes\" data-elementor-lightbox-slideshow=\"f2b9e90\" data-elementor-lightbox-title=\"DOMAINES INTER_Me\u0301tiers_ MCO (4)\" data-e-action-hash=\"#elementor-action%3Aaction%3Dlightbox%26settings%3DeyJpZCI6NDY0MCwidXJsIjoiaHR0cHM6XC9cL3d3dy5lcm1hLWVsZWN0cm9uaXF1ZS5mclwvd3AtY29udGVudFwvdXBsb2Fkc1wvMjAyNFwvMDVcL0RPTUFJTkVTLUlOVEVSX01ldGllcnNfLU1DTy00LmpwZyIsInNsaWRlc2hvdyI6ImYyYjllOTAifQ%3D%3D\">\n\t\t\t\t\t<div class=\"e-gallery-image elementor-gallery-item__image\" data-thumbnail=\"https:\/\/www.erma-electronique.fr\/wp-content\/uploads\/2024\/05\/DOMAINES-INTER_Metiers_-MCO-4-200x300.jpg\" data-width=\"200\" data-height=\"300\" aria-label=\"\" role=\"img\" ><\/div>\n\t\t\t\t\t\t\t\t\t\t\t<div class=\"elementor-gallery-item__overlay\"><\/div>\n\t\t\t\t\t\t\t\t\t\t\t\t\t\t<\/a>\n\t\t\t\t\t\t\t<a class=\"e-gallery-item elementor-gallery-item elementor-animated-content\" href=\"https:\/\/www.erma-electronique.fr\/wp-content\/uploads\/2024\/05\/DOMAINES-INTER_Metiers_-MCO-5.jpg\" data-elementor-open-lightbox=\"yes\" data-elementor-lightbox-slideshow=\"f2b9e90\" data-elementor-lightbox-title=\"DOMAINES INTER_Me\u0301tiers_ MCO (5)\" data-e-action-hash=\"#elementor-action%3Aaction%3Dlightbox%26settings%3DeyJpZCI6NDY0MSwidXJsIjoiaHR0cHM6XC9cL3d3dy5lcm1hLWVsZWN0cm9uaXF1ZS5mclwvd3AtY29udGVudFwvdXBsb2Fkc1wvMjAyNFwvMDVcL0RPTUFJTkVTLUlOVEVSX01ldGllcnNfLU1DTy01LmpwZyIsInNsaWRlc2hvdyI6ImYyYjllOTAifQ%3D%3D\">\n\t\t\t\t\t<div class=\"e-gallery-image elementor-gallery-item__image\" data-thumbnail=\"https:\/\/www.erma-electronique.fr\/wp-content\/uploads\/2024\/05\/DOMAINES-INTER_Metiers_-MCO-5-225x300.jpg\" data-width=\"225\" data-height=\"300\" aria-label=\"\" role=\"img\" ><\/div>\n\t\t\t\t\t\t\t\t\t\t\t<div class=\"elementor-gallery-item__overlay\"><\/div>\n\t\t\t\t\t\t\t\t\t\t\t\t\t\t<\/a>\n\t\t\t\t\t\t\t<a class=\"e-gallery-item elementor-gallery-item elementor-animated-content\" href=\"https:\/\/www.erma-electronique.fr\/wp-content\/uploads\/2024\/05\/DOMAINES-INTER_Metiers_-MCO-6.jpg\" data-elementor-open-lightbox=\"yes\" data-elementor-lightbox-slideshow=\"f2b9e90\" data-elementor-lightbox-title=\"DOMAINES INTER_Me\u0301tiers_ MCO (6)\" data-e-action-hash=\"#elementor-action%3Aaction%3Dlightbox%26settings%3DeyJpZCI6NDY0MiwidXJsIjoiaHR0cHM6XC9cL3d3dy5lcm1hLWVsZWN0cm9uaXF1ZS5mclwvd3AtY29udGVudFwvdXBsb2Fkc1wvMjAyNFwvMDVcL0RPTUFJTkVTLUlOVEVSX01ldGllcnNfLU1DTy02LmpwZyIsInNsaWRlc2hvdyI6ImYyYjllOTAifQ%3D%3D\">\n\t\t\t\t\t<div class=\"e-gallery-image elementor-gallery-item__image\" data-thumbnail=\"https:\/\/www.erma-electronique.fr\/wp-content\/uploads\/2024\/05\/DOMAINES-INTER_Metiers_-MCO-6-300x224.jpg\" data-width=\"300\" data-height=\"224\" aria-label=\"\" role=\"img\" ><\/div>\n\t\t\t\t\t\t\t\t\t\t\t<div class=\"elementor-gallery-item__overlay\"><\/div>\n\t\t\t\t\t\t\t\t\t\t\t\t\t\t<\/a>\n\t\t\t\t\t\t\t<a class=\"e-gallery-item elementor-gallery-item elementor-animated-content\" href=\"https:\/\/www.erma-electronique.fr\/wp-content\/uploads\/2024\/05\/DOMAINES-INTER_Metiers_-MCO-7.jpg\" data-elementor-open-lightbox=\"yes\" data-elementor-lightbox-slideshow=\"f2b9e90\" data-elementor-lightbox-title=\"DOMAINES INTER_Me\u0301tiers_ MCO (7)\" data-e-action-hash=\"#elementor-action%3Aaction%3Dlightbox%26settings%3DeyJpZCI6NDY0MywidXJsIjoiaHR0cHM6XC9cL3d3dy5lcm1hLWVsZWN0cm9uaXF1ZS5mclwvd3AtY29udGVudFwvdXBsb2Fkc1wvMjAyNFwvMDVcL0RPTUFJTkVTLUlOVEVSX01ldGllcnNfLU1DTy03LmpwZyIsInNsaWRlc2hvdyI6ImYyYjllOTAifQ%3D%3D\">\n\t\t\t\t\t<div class=\"e-gallery-image elementor-gallery-item__image\" data-thumbnail=\"https:\/\/www.erma-electronique.fr\/wp-content\/uploads\/2024\/05\/DOMAINES-INTER_Metiers_-MCO-7.jpg\" data-width=\"249\" data-height=\"187\" aria-label=\"\" role=\"img\" ><\/div>\n\t\t\t\t\t\t\t\t\t\t\t<div class=\"elementor-gallery-item__overlay\"><\/div>\n\t\t\t\t\t\t\t\t\t\t\t\t\t\t<\/a>\n\t\t\t\t\t\t\t<a class=\"e-gallery-item elementor-gallery-item elementor-animated-content\" href=\"https:\/\/www.erma-electronique.fr\/wp-content\/uploads\/2024\/05\/DOMAINES-INTER_Metiers_-MCO-8.jpg\" data-elementor-open-lightbox=\"yes\" data-elementor-lightbox-slideshow=\"f2b9e90\" data-elementor-lightbox-title=\"DOMAINES INTER_Me\u0301tiers_ MCO (8)\" data-e-action-hash=\"#elementor-action%3Aaction%3Dlightbox%26settings%3DeyJpZCI6NDY0NCwidXJsIjoiaHR0cHM6XC9cL3d3dy5lcm1hLWVsZWN0cm9uaXF1ZS5mclwvd3AtY29udGVudFwvdXBsb2Fkc1wvMjAyNFwvMDVcL0RPTUFJTkVTLUlOVEVSX01ldGllcnNfLU1DTy04LmpwZyIsInNsaWRlc2hvdyI6ImYyYjllOTAifQ%3D%3D\">\n\t\t\t\t\t<div class=\"e-gallery-image elementor-gallery-item__image\" data-thumbnail=\"https:\/\/www.erma-electronique.fr\/wp-content\/uploads\/2024\/05\/DOMAINES-INTER_Metiers_-MCO-8-300x225.jpg\" data-width=\"300\" data-height=\"225\" aria-label=\"\" role=\"img\" ><\/div>\n\t\t\t\t\t\t\t\t\t\t\t<div class=\"elementor-gallery-item__overlay\"><\/div>\n\t\t\t\t\t\t\t\t\t\t\t\t\t\t<\/a>\n\t\t\t\t\t<\/div>\n\t\t\t<\/div>\n\t\t\t\t<\/div>\n\t\t\t\t\t<\/div>\n\t\t<\/div>\n\t\t\t\t\t<\/div>\n\t\t<\/section>\n\t\t\t\t<\/div>","protected":false},"excerpt":{"rendered":"<p>ERMA ELECTRONIQUE Nos M\u00e9tiers MCO Maintenance en Conditions Op\u00e9rationnelles Maintenance, remise en conformit\u00e9 et ajout de fonctions sur mat\u00e9riel op\u00e9rationnel : Rework de cartes \u00e9lectroniques Modifications \u00e9lectriques et m\u00e9caniques (radars programme RAFALE, MIRAGE,\u2026) Peinture, tropicalisation, s\u00e9rigraphie Remise en conformit\u00e9 d\u2019\u00e9crans de visualisation, changement de films, de polariseurs, de diffuseurs, de dalles, de joints, dans un &hellip;<\/p>\n<p class=\"read-more\"> <a class=\"\" href=\"https:\/\/www.erma-electronique.fr\/en\/metiers\/mco\/\"> <span class=\"screen-reader-text\">MCO<\/span> Read More &raquo;<\/a><\/p>","protected":false},"author":3,"featured_media":0,"parent":2989,"menu_order":0,"comment_status":"closed","ping_status":"closed","template":"","meta":{"pmpro_default_level":0,"site-sidebar-layout":"no-sidebar","site-content-layout":"page-builder","ast-global-header-display":"","ast-main-header-display":"","ast-hfb-above-header-display":"","ast-hfb-below-header-display":"","ast-hfb-mobile-header-display":"","site-post-title":"disabled","ast-breadcrumbs-content":"","ast-featured-img":"disabled","footer-sml-layout":"","theme-transparent-header-meta":"","adv-header-id-meta":"","stick-header-meta":"","header-above-stick-meta":"","header-main-stick-meta":"","header-below-stick-meta":"","footnotes":""},"class_list":["post-2958","page","type-page","status-publish","hentry","pmpro-has-access"],"yoast_head":"<!-- This site is optimized with the Yoast SEO plugin v20.1 - https:\/\/yoast.com\/wordpress\/plugins\/seo\/ -->\n<title>MCO - Erma electronique - Groupe charbonnier<\/title>\n<meta name=\"robots\" content=\"index, follow, max-snippet:-1, max-image-preview:large, max-video-preview:-1\" \/>\n<link rel=\"canonical\" href=\"https:\/\/www.erma-electronique.fr\/en\/metiers\/mco\/\" \/>\n<meta property=\"og:locale\" content=\"en_GB\" \/>\n<meta property=\"og:type\" content=\"article\" \/>\n<meta property=\"og:title\" content=\"MCO - Erma electronique - Groupe charbonnier\" \/>\n<meta property=\"og:description\" content=\"ERMA ELECTRONIQUE Nos M\u00e9tiers MCO Maintenance en Conditions Op\u00e9rationnelles Maintenance, remise en conformit\u00e9 et ajout de fonctions sur mat\u00e9riel op\u00e9rationnel : Rework de cartes \u00e9lectroniques Modifications \u00e9lectriques et m\u00e9caniques (radars programme RAFALE, MIRAGE,\u2026) Peinture, tropicalisation, s\u00e9rigraphie Remise en conformit\u00e9 d\u2019\u00e9crans de visualisation, changement de films, de polariseurs, de diffuseurs, de dalles, de joints, dans un &hellip; MCO Read More &raquo;\" \/>\n<meta property=\"og:url\" content=\"https:\/\/www.erma-electronique.fr\/en\/metiers\/mco\/\" \/>\n<meta property=\"og:site_name\" content=\"Erma electronique - Groupe charbonnier\" \/>\n<meta property=\"article:modified_time\" content=\"2024-05-14T08:11:19+00:00\" \/>\n<meta name=\"twitter:card\" content=\"summary_large_image\" \/>\n<meta name=\"twitter:label1\" content=\"Estimated reading time\" \/>\n\t<meta name=\"twitter:data1\" content=\"1 minute\" \/>\n<script type=\"application\/ld+json\" class=\"yoast-schema-graph\">{\"@context\":\"https:\/\/schema.org\",\"@graph\":[{\"@type\":\"WebPage\",\"@id\":\"https:\/\/www.erma-electronique.fr\/metiers\/mco\/\",\"url\":\"https:\/\/www.erma-electronique.fr\/metiers\/mco\/\",\"name\":\"MCO - Erma electronique - Groupe charbonnier\",\"isPartOf\":{\"@id\":\"https:\/\/www.erma-electronique.fr\/#website\"},\"datePublished\":\"2022-01-14T16:40:41+00:00\",\"dateModified\":\"2024-05-14T08:11:19+00:00\",\"breadcrumb\":{\"@id\":\"https:\/\/www.erma-electronique.fr\/metiers\/mco\/#breadcrumb\"},\"inLanguage\":\"en-GB\",\"potentialAction\":[{\"@type\":\"ReadAction\",\"target\":[\"https:\/\/www.erma-electronique.fr\/metiers\/mco\/\"]}]},{\"@type\":\"BreadcrumbList\",\"@id\":\"https:\/\/www.erma-electronique.fr\/metiers\/mco\/#breadcrumb\",\"itemListElement\":[{\"@type\":\"ListItem\",\"position\":1,\"name\":\"Accueil\",\"item\":\"https:\/\/www.erma-electronique.fr\/\"},{\"@type\":\"ListItem\",\"position\":2,\"name\":\"M\u00e9tiers\",\"item\":\"https:\/\/www.erma-electronique.fr\/metiers\/\"},{\"@type\":\"ListItem\",\"position\":3,\"name\":\"MCO\"}]},{\"@type\":\"WebSite\",\"@id\":\"https:\/\/www.erma-electronique.fr\/#website\",\"url\":\"https:\/\/www.erma-electronique.fr\/\",\"name\":\"Erma electronique - Groupe charbonnier\",\"description\":\"\",\"potentialAction\":[{\"@type\":\"SearchAction\",\"target\":{\"@type\":\"EntryPoint\",\"urlTemplate\":\"https:\/\/www.erma-electronique.fr\/?s={search_term_string}\"},\"query-input\":\"required name=search_term_string\"}],\"inLanguage\":\"en-GB\"}]}<\/script>\n<!-- \/ Yoast SEO plugin. -->","yoast_head_json":{"title":"MCO - Erma electronique - Groupe charbonnier","robots":{"index":"index","follow":"follow","max-snippet":"max-snippet:-1","max-image-preview":"max-image-preview:large","max-video-preview":"max-video-preview:-1"},"canonical":"https:\/\/www.erma-electronique.fr\/en\/metiers\/mco\/","og_locale":"en_GB","og_type":"article","og_title":"MCO - Erma electronique - Groupe charbonnier","og_description":"ERMA ELECTRONIQUE Nos M\u00e9tiers MCO Maintenance en Conditions Op\u00e9rationnelles Maintenance, remise en conformit\u00e9 et ajout de fonctions sur mat\u00e9riel op\u00e9rationnel : Rework de cartes \u00e9lectroniques Modifications \u00e9lectriques et m\u00e9caniques (radars programme RAFALE, MIRAGE,\u2026) Peinture, tropicalisation, s\u00e9rigraphie Remise en conformit\u00e9 d\u2019\u00e9crans de visualisation, changement de films, de polariseurs, de diffuseurs, de dalles, de joints, dans un &hellip; MCO Read More &raquo;","og_url":"https:\/\/www.erma-electronique.fr\/en\/metiers\/mco\/","og_site_name":"Erma electronique - Groupe charbonnier","article_modified_time":"2024-05-14T08:11:19+00:00","twitter_card":"summary_large_image","twitter_misc":{"Estimated reading time":"1 minute"},"schema":{"@context":"https:\/\/schema.org","@graph":[{"@type":"WebPage","@id":"https:\/\/www.erma-electronique.fr\/metiers\/mco\/","url":"https:\/\/www.erma-electronique.fr\/metiers\/mco\/","name":"MCO - Erma electronique - Groupe charbonnier","isPartOf":{"@id":"https:\/\/www.erma-electronique.fr\/#website"},"datePublished":"2022-01-14T16:40:41+00:00","dateModified":"2024-05-14T08:11:19+00:00","breadcrumb":{"@id":"https:\/\/www.erma-electronique.fr\/metiers\/mco\/#breadcrumb"},"inLanguage":"en-GB","potentialAction":[{"@type":"ReadAction","target":["https:\/\/www.erma-electronique.fr\/metiers\/mco\/"]}]},{"@type":"BreadcrumbList","@id":"https:\/\/www.erma-electronique.fr\/metiers\/mco\/#breadcrumb","itemListElement":[{"@type":"ListItem","position":1,"name":"Accueil","item":"https:\/\/www.erma-electronique.fr\/"},{"@type":"ListItem","position":2,"name":"M\u00e9tiers","item":"https:\/\/www.erma-electronique.fr\/metiers\/"},{"@type":"ListItem","position":3,"name":"MCO"}]},{"@type":"WebSite","@id":"https:\/\/www.erma-electronique.fr\/#website","url":"https:\/\/www.erma-electronique.fr\/","name":"Erma electronique - Groupe charbonnier","description":"","potentialAction":[{"@type":"SearchAction","target":{"@type":"EntryPoint","urlTemplate":"https:\/\/www.erma-electronique.fr\/?s={search_term_string}"},"query-input":"required name=search_term_string"}],"inLanguage":"en-GB"}]}},"_links":{"self":[{"href":"https:\/\/www.erma-electronique.fr\/en\/wp-json\/wp\/v2\/pages\/2958","targetHints":{"allow":["GET"]}}],"collection":[{"href":"https:\/\/www.erma-electronique.fr\/en\/wp-json\/wp\/v2\/pages"}],"about":[{"href":"https:\/\/www.erma-electronique.fr\/en\/wp-json\/wp\/v2\/types\/page"}],"author":[{"embeddable":true,"href":"https:\/\/www.erma-electronique.fr\/en\/wp-json\/wp\/v2\/users\/3"}],"replies":[{"embeddable":true,"href":"https:\/\/www.erma-electronique.fr\/en\/wp-json\/wp\/v2\/comments?post=2958"}],"version-history":[{"count":7,"href":"https:\/\/www.erma-electronique.fr\/en\/wp-json\/wp\/v2\/pages\/2958\/revisions"}],"predecessor-version":[{"id":4648,"href":"https:\/\/www.erma-electronique.fr\/en\/wp-json\/wp\/v2\/pages\/2958\/revisions\/4648"}],"up":[{"embeddable":true,"href":"https:\/\/www.erma-electronique.fr\/en\/wp-json\/wp\/v2\/pages\/2989"}],"wp:attachment":[{"href":"https:\/\/www.erma-electronique.fr\/en\/wp-json\/wp\/v2\/media?parent=2958"}],"curies":[{"name":"wp","href":"https:\/\/api.w.org\/{rel}","templated":true}]}}