{"id":2960,"date":"2022-01-14T17:41:09","date_gmt":"2022-01-14T16:41:09","guid":{"rendered":"https:\/\/erma-projet.groupecharbonnier.fr\/?page_id=2960"},"modified":"2025-03-25T10:27:42","modified_gmt":"2025-03-25T09:27:42","slug":"formation","status":"publish","type":"page","link":"https:\/\/www.erma-electronique.fr\/en\/metiers\/formation\/","title":{"rendered":"Formation"},"content":{"rendered":"<div data-elementor-type=\"wp-page\" data-elementor-id=\"2960\" class=\"elementor elementor-2960\" data-elementor-post-type=\"page\">\n\t\t\t\t\t\t<section class=\"elementor-section elementor-top-section elementor-element elementor-element-4a1a14e elementor-section-height-min-height elementor-section-items-bottom elementor-section-boxed elementor-section-height-default\" data-id=\"4a1a14e\" data-element_type=\"section\" data-settings=\"{&quot;background_background&quot;:&quot;classic&quot;}\">\n\t\t\t\t\t\t\t<div class=\"elementor-background-overlay\"><\/div>\n\t\t\t\t\t\t\t<div class=\"elementor-container elementor-column-gap-no\">\n\t\t\t\t\t<div class=\"elementor-column elementor-col-100 elementor-top-column elementor-element elementor-element-e9b2b90\" data-id=\"e9b2b90\" data-element_type=\"column\">\n\t\t\t<div class=\"elementor-widget-wrap elementor-element-populated\">\n\t\t\t\t\t\t<div class=\"elementor-element elementor-element-4f75c5d elementor-widget elementor-widget-heading\" data-id=\"4f75c5d\" data-element_type=\"widget\" data-widget_type=\"heading.default\">\n\t\t\t\t<div class=\"elementor-widget-container\">\n\t\t\t<h6 class=\"elementor-heading-title elementor-size-default\">ERMA ELECTRONIQUE<\/h6>\t\t<\/div>\n\t\t\t\t<\/div>\n\t\t\t\t<div class=\"elementor-element elementor-element-7589aba elementor-widget elementor-widget-heading\" data-id=\"7589aba\" data-element_type=\"widget\" data-widget_type=\"heading.default\">\n\t\t\t\t<div class=\"elementor-widget-container\">\n\t\t\t<h6 class=\"elementor-heading-title elementor-size-default\">Nos M\u00e9tiers<\/h6>\t\t<\/div>\n\t\t\t\t<\/div>\n\t\t\t\t<div class=\"elementor-element elementor-element-6c81bca elementor-widget elementor-widget-heading\" data-id=\"6c81bca\" data-element_type=\"widget\" data-widget_type=\"heading.default\">\n\t\t\t\t<div class=\"elementor-widget-container\">\n\t\t\t<h1 class=\"elementor-heading-title elementor-size-default\">Formation<\/h1>\t\t<\/div>\n\t\t\t\t<\/div>\n\t\t\t\t<div class=\"elementor-element elementor-element-a011e74 elementor-widget elementor-widget-heading\" data-id=\"a011e74\" data-element_type=\"widget\" data-widget_type=\"heading.default\">\n\t\t\t\t<div class=\"elementor-widget-container\">\n\t\t\t<h2 class=\"elementor-heading-title elementor-size-default\">ORGANISME DE FORMATION (certifi\u00e9 QUALIOPI)<\/h2>\t\t<\/div>\n\t\t\t\t<\/div>\n\t\t\t\t<div class=\"elementor-element elementor-element-6c4742e elementor-widget-divider--view-line elementor-widget elementor-widget-divider\" data-id=\"6c4742e\" data-element_type=\"widget\" data-widget_type=\"divider.default\">\n\t\t\t\t<div class=\"elementor-widget-container\">\n\t\t\t\t\t<div class=\"elementor-divider\">\n\t\t\t<span class=\"elementor-divider-separator\">\n\t\t\t\t\t\t<\/span>\n\t\t<\/div>\n\t\t\t\t<\/div>\n\t\t\t\t<\/div>\n\t\t\t\t\t<\/div>\n\t\t<\/div>\n\t\t\t\t\t<\/div>\n\t\t<\/section>\n\t\t\t\t<section class=\"elementor-section elementor-top-section elementor-element elementor-element-2e65099 elementor-section-boxed elementor-section-height-default elementor-section-height-default\" data-id=\"2e65099\" data-element_type=\"section\">\n\t\t\t\t\t\t<div class=\"elementor-container elementor-column-gap-default\">\n\t\t\t\t\t<div class=\"elementor-column elementor-col-100 elementor-top-column elementor-element elementor-element-7f811c6\" data-id=\"7f811c6\" data-element_type=\"column\">\n\t\t\t<div class=\"elementor-widget-wrap elementor-element-populated\">\n\t\t\t\t\t\t<div class=\"elementor-element elementor-element-ffd2e95 elementor-widget elementor-widget-spacer\" data-id=\"ffd2e95\" data-element_type=\"widget\" data-widget_type=\"spacer.default\">\n\t\t\t\t<div class=\"elementor-widget-container\">\n\t\t\t\t\t<div class=\"elementor-spacer\">\n\t\t\t<div class=\"elementor-spacer-inner\"><\/div>\n\t\t<\/div>\n\t\t\t\t<\/div>\n\t\t\t\t<\/div>\n\t\t\t\t\t<\/div>\n\t\t<\/div>\n\t\t\t\t\t<\/div>\n\t\t<\/section>\n\t\t\t\t<section class=\"elementor-section elementor-top-section elementor-element elementor-element-67c76a2 elementor-section-boxed elementor-section-height-default elementor-section-height-default\" data-id=\"67c76a2\" data-element_type=\"section\">\n\t\t\t\t\t\t<div class=\"elementor-container elementor-column-gap-default\">\n\t\t\t\t\t<div class=\"elementor-column elementor-col-100 elementor-top-column elementor-element elementor-element-a2b5dbe\" data-id=\"a2b5dbe\" data-element_type=\"column\">\n\t\t\t<div class=\"elementor-widget-wrap elementor-element-populated\">\n\t\t\t\t\t\t<div class=\"elementor-element elementor-element-52c5298 elementor-widget elementor-widget-text-editor\" data-id=\"52c5298\" data-element_type=\"widget\" data-widget_type=\"text-editor.default\">\n\t\t\t\t<div class=\"elementor-widget-container\">\n\t\t\t\t\t\t\t<p><b>Formations inter ou intra-entreprises, sur vos sites de production ou dans nos locaux<\/b><\/p><ul><li>Formations sur mesures ou \u00ab\u00a0\u00e0 la carte\u00a0\u00bb<\/li><li>Adaptation des modules de formation en fonction de la particularit\u00e9 des besoins de l\u2019entreprise et du niveau des participants<\/li><li>Formations th\u00e9oriques et pratiques avec mat\u00e9riels fournis<\/li><li>Formations en fran\u00e7ais, anglais et espagnol<\/li><\/ul>\t\t\t\t\t\t<\/div>\n\t\t\t\t<\/div>\n\t\t\t\t\t<\/div>\n\t\t<\/div>\n\t\t\t\t\t<\/div>\n\t\t<\/section>\n\t\t\t\t<section class=\"elementor-section elementor-top-section elementor-element elementor-element-cc272eb elementor-section-boxed elementor-section-height-default elementor-section-height-default\" data-id=\"cc272eb\" data-element_type=\"section\">\n\t\t\t\t\t\t<div class=\"elementor-container elementor-column-gap-default\">\n\t\t\t\t\t<div class=\"elementor-column elementor-col-66 elementor-top-column elementor-element elementor-element-579a501\" data-id=\"579a501\" data-element_type=\"column\">\n\t\t\t<div class=\"elementor-widget-wrap elementor-element-populated\">\n\t\t\t\t\t\t<div class=\"elementor-element elementor-element-4c81d15 elementor-widget elementor-widget-heading\" data-id=\"4c81d15\" data-element_type=\"widget\" data-widget_type=\"heading.default\">\n\t\t\t\t<div class=\"elementor-widget-container\">\n\t\t\t<h5 class=\"elementor-heading-title elementor-size-default\">Exemples de modules de formations a\u00e9ronautiques<\/h5>\t\t<\/div>\n\t\t\t\t<\/div>\n\t\t\t\t\t<\/div>\n\t\t<\/div>\n\t\t\t\t<div class=\"elementor-column elementor-col-33 elementor-top-column elementor-element elementor-element-09e74f6\" data-id=\"09e74f6\" data-element_type=\"column\">\n\t\t\t<div class=\"elementor-widget-wrap\">\n\t\t\t\t\t\t\t<\/div>\n\t\t<\/div>\n\t\t\t\t\t<\/div>\n\t\t<\/section>\n\t\t\t\t<section class=\"elementor-section elementor-top-section elementor-element elementor-element-0064f4f elementor-section-boxed elementor-section-height-default elementor-section-height-default\" data-id=\"0064f4f\" data-element_type=\"section\">\n\t\t\t\t\t\t<div class=\"elementor-container elementor-column-gap-default\">\n\t\t\t\t\t<div class=\"elementor-column elementor-col-33 elementor-top-column elementor-element elementor-element-98cec6e\" data-id=\"98cec6e\" data-element_type=\"column\">\n\t\t\t<div class=\"elementor-widget-wrap elementor-element-populated\">\n\t\t\t\t\t\t<div class=\"elementor-element elementor-element-af2813a elementor-widget elementor-widget-text-editor\" data-id=\"af2813a\" data-element_type=\"widget\" data-widget_type=\"text-editor.default\">\n\t\t\t\t<div class=\"elementor-widget-container\">\n\t\t\t\t\t\t\t<ul><li>Montage\/c\u00e2blage<\/li><li>Freinage<\/li><li>Contacts coaxials<\/li><li>Sertissage des contacts cuivre<\/li><li>Protection des c\u00e2bles avec gaines textiles<\/li><li>Contact aluminium de jauge 12 \u00e0 24<\/li><li>Autosoudeurs<\/li><li>Sertissage des cosses TA et ABS0374<\/li><li>Ferrule m\u00e9canique ABS1069-004<\/li><li>Fibre optique<\/li><li>Mise en \u0153uvre du Collier M\u00e9tallique ASNE0805<\/li><li>Installation des harnais<\/li><li>Serrage au couple<\/li><li>M\u00e9tallisation &#8211; Mesure de m\u00e9tallisation<\/li><li>Quadrax<\/li><li>Installation de jonctions ESN flexibles et de rails<\/li><li>Mesure de m\u00e9tallisation ESN<\/li><li>R\u00e9paration harnais surtress\u00e9<\/li><li>Travers\u00e9es \u00e9tanches<\/li><\/ul>\t\t\t\t\t\t<\/div>\n\t\t\t\t<\/div>\n\t\t\t\t\t<\/div>\n\t\t<\/div>\n\t\t\t\t<div class=\"elementor-column elementor-col-33 elementor-top-column elementor-element elementor-element-fd587f3\" data-id=\"fd587f3\" data-element_type=\"column\">\n\t\t\t<div class=\"elementor-widget-wrap elementor-element-populated\">\n\t\t\t\t\t\t<div class=\"elementor-element elementor-element-fa594e4 elementor-widget elementor-widget-text-editor\" data-id=\"fa594e4\" data-element_type=\"widget\" data-widget_type=\"text-editor.default\">\n\t\t\t\t<div class=\"elementor-widget-container\">\n\t\t\t\t\t\t\t<ul><li>Cosses grosses sections aluminium<\/li><li>Contact de gauge 10 \u00e0 4<\/li><li>Cosse TG NSA936507<\/li><li>Contacts triaxiaux<\/li><li>Installation des modules de masse ASNE0425, ABS1599 et ABS1575<\/li><li>TWINAX<\/li><li>R\u00e9paration c\u00e2bles \u00e9lectriques et optiques<\/li><li>Installation de gaines protectrices EMI EN4674-003 et EN4674-004<\/li><li>Etanch\u00e9it\u00e9 PR<\/li><li>Formation r\u00e9glage de bielle et goupillage<\/li><li>Montage des connecteurs modulaires<\/li><li>Installation de coupleurs Mil Bus 1553 pour syst\u00e8mes de commande de vol<\/li><li>Essais \u00e9lectriques et optiques de c\u00e2blage avion<\/li><li>Fibre optic installations \u2013 Fault diagnosis<\/li><li>MC1<\/li><li>Endommagements sur avion<\/li><\/ul>\t\t\t\t\t\t<\/div>\n\t\t\t\t<\/div>\n\t\t\t\t\t<\/div>\n\t\t<\/div>\n\t\t\t\t<div class=\"elementor-column elementor-col-33 elementor-top-column elementor-element elementor-element-40f3b0d\" data-id=\"40f3b0d\" data-element_type=\"column\" data-settings=\"{&quot;background_background&quot;:&quot;slideshow&quot;,&quot;background_slideshow_slide_duration&quot;:3000,&quot;background_slideshow_gallery&quot;:[],&quot;background_slideshow_loop&quot;:&quot;yes&quot;,&quot;background_slideshow_slide_transition&quot;:&quot;fade&quot;,&quot;background_slideshow_transition_duration&quot;:500}\">\n\t\t\t<div class=\"elementor-widget-wrap elementor-element-populated\">\n\t\t\t\t\t\t<div class=\"elementor-element elementor-element-de467cb elementor-widget elementor-widget-gallery\" data-id=\"de467cb\" data-element_type=\"widget\" data-settings=\"{&quot;gallery_layout&quot;:&quot;masonry&quot;,&quot;columns&quot;:2,&quot;lazyload&quot;:&quot;yes&quot;,&quot;columns_tablet&quot;:2,&quot;columns_mobile&quot;:1,&quot;gap&quot;:{&quot;unit&quot;:&quot;px&quot;,&quot;size&quot;:10,&quot;sizes&quot;:[]},&quot;gap_tablet&quot;:{&quot;unit&quot;:&quot;px&quot;,&quot;size&quot;:10,&quot;sizes&quot;:[]},&quot;gap_mobile&quot;:{&quot;unit&quot;:&quot;px&quot;,&quot;size&quot;:10,&quot;sizes&quot;:[]},&quot;link_to&quot;:&quot;file&quot;,&quot;overlay_background&quot;:&quot;yes&quot;,&quot;content_hover_animation&quot;:&quot;fade-in&quot;}\" data-widget_type=\"gallery.default\">\n\t\t\t\t<div class=\"elementor-widget-container\">\n\t\t\t\t\t<div class=\"elementor-gallery__container\">\n\t\t\t\t\t\t\t<a class=\"e-gallery-item elementor-gallery-item elementor-animated-content\" href=\"https:\/\/www.erma-electronique.fr\/wp-content\/uploads\/2024\/05\/DOMAINES-INTER_Metiers_-FORMATION-2.jpg\" data-elementor-open-lightbox=\"yes\" data-elementor-lightbox-slideshow=\"de467cb\" data-elementor-lightbox-title=\"DOMAINES INTER_Me\u0301tiers_ FORMATION (2)\" data-e-action-hash=\"#elementor-action%3Aaction%3Dlightbox%26settings%3DeyJpZCI6NDYwMSwidXJsIjoiaHR0cHM6XC9cL3d3dy5lcm1hLWVsZWN0cm9uaXF1ZS5mclwvd3AtY29udGVudFwvdXBsb2Fkc1wvMjAyNFwvMDVcL0RPTUFJTkVTLUlOVEVSX01ldGllcnNfLUZPUk1BVElPTi0yLmpwZyIsInNsaWRlc2hvdyI6ImRlNDY3Y2IifQ%3D%3D\">\n\t\t\t\t\t<div class=\"e-gallery-image elementor-gallery-item__image\" data-thumbnail=\"https:\/\/www.erma-electronique.fr\/wp-content\/uploads\/2024\/05\/DOMAINES-INTER_Metiers_-FORMATION-2.jpg\" data-width=\"444\" data-height=\"309\" aria-label=\"\" role=\"img\" ><\/div>\n\t\t\t\t\t\t\t\t\t\t\t<div class=\"elementor-gallery-item__overlay\"><\/div>\n\t\t\t\t\t\t\t\t\t\t\t\t\t\t<\/a>\n\t\t\t\t\t\t\t<a class=\"e-gallery-item elementor-gallery-item elementor-animated-content\" href=\"https:\/\/www.erma-electronique.fr\/wp-content\/uploads\/2024\/05\/DOMAINES-INTER_Metiers_-FORMATION-2.png\" data-elementor-open-lightbox=\"yes\" data-elementor-lightbox-slideshow=\"de467cb\" data-elementor-lightbox-title=\"DOMAINES INTER_Me\u0301tiers_ FORMATION (2)\" data-e-action-hash=\"#elementor-action%3Aaction%3Dlightbox%26settings%3DeyJpZCI6NDYwMiwidXJsIjoiaHR0cHM6XC9cL3d3dy5lcm1hLWVsZWN0cm9uaXF1ZS5mclwvd3AtY29udGVudFwvdXBsb2Fkc1wvMjAyNFwvMDVcL0RPTUFJTkVTLUlOVEVSX01ldGllcnNfLUZPUk1BVElPTi0yLnBuZyIsInNsaWRlc2hvdyI6ImRlNDY3Y2IifQ%3D%3D\">\n\t\t\t\t\t<div class=\"e-gallery-image elementor-gallery-item__image\" data-thumbnail=\"https:\/\/www.erma-electronique.fr\/wp-content\/uploads\/2024\/05\/DOMAINES-INTER_Metiers_-FORMATION-2.png\" data-width=\"479\" data-height=\"361\" aria-label=\"\" role=\"img\" ><\/div>\n\t\t\t\t\t\t\t\t\t\t\t<div class=\"elementor-gallery-item__overlay\"><\/div>\n\t\t\t\t\t\t\t\t\t\t\t\t\t\t<\/a>\n\t\t\t\t\t\t\t<a class=\"e-gallery-item elementor-gallery-item elementor-animated-content\" href=\"https:\/\/www.erma-electronique.fr\/wp-content\/uploads\/2024\/05\/DOMAINES-INTER_Metiers_-FORMATION-3.jpg\" data-elementor-open-lightbox=\"yes\" data-elementor-lightbox-slideshow=\"de467cb\" data-elementor-lightbox-title=\"DOMAINES INTER_Me\u0301tiers_ FORMATION (3)\" data-e-action-hash=\"#elementor-action%3Aaction%3Dlightbox%26settings%3DeyJpZCI6NDYwMywidXJsIjoiaHR0cHM6XC9cL3d3dy5lcm1hLWVsZWN0cm9uaXF1ZS5mclwvd3AtY29udGVudFwvdXBsb2Fkc1wvMjAyNFwvMDVcL0RPTUFJTkVTLUlOVEVSX01ldGllcnNfLUZPUk1BVElPTi0zLmpwZyIsInNsaWRlc2hvdyI6ImRlNDY3Y2IifQ%3D%3D\">\n\t\t\t\t\t<div class=\"e-gallery-image elementor-gallery-item__image\" data-thumbnail=\"https:\/\/www.erma-electronique.fr\/wp-content\/uploads\/2024\/05\/DOMAINES-INTER_Metiers_-FORMATION-3.jpg\" data-width=\"485\" data-height=\"323\" aria-label=\"\" role=\"img\" ><\/div>\n\t\t\t\t\t\t\t\t\t\t\t<div class=\"elementor-gallery-item__overlay\"><\/div>\n\t\t\t\t\t\t\t\t\t\t\t\t\t\t<\/a>\n\t\t\t\t\t\t\t<a class=\"e-gallery-item elementor-gallery-item elementor-animated-content\" href=\"https:\/\/www.erma-electronique.fr\/wp-content\/uploads\/2024\/05\/DOMAINES-INTER_Metiers_-FORMATION-1.jpg\" data-elementor-open-lightbox=\"yes\" data-elementor-lightbox-slideshow=\"de467cb\" data-elementor-lightbox-title=\"DOMAINES INTER_Me\u0301tiers_ FORMATION (1)\" data-e-action-hash=\"#elementor-action%3Aaction%3Dlightbox%26settings%3DeyJpZCI6NDYwNCwidXJsIjoiaHR0cHM6XC9cL3d3dy5lcm1hLWVsZWN0cm9uaXF1ZS5mclwvd3AtY29udGVudFwvdXBsb2Fkc1wvMjAyNFwvMDVcL0RPTUFJTkVTLUlOVEVSX01ldGllcnNfLUZPUk1BVElPTi0xLmpwZyIsInNsaWRlc2hvdyI6ImRlNDY3Y2IifQ%3D%3D\">\n\t\t\t\t\t<div class=\"e-gallery-image elementor-gallery-item__image\" data-thumbnail=\"https:\/\/www.erma-electronique.fr\/wp-content\/uploads\/2024\/05\/DOMAINES-INTER_Metiers_-FORMATION-1.jpg\" data-width=\"1762\" data-height=\"2493\" aria-label=\"\" role=\"img\" ><\/div>\n\t\t\t\t\t\t\t\t\t\t\t<div class=\"elementor-gallery-item__overlay\"><\/div>\n\t\t\t\t\t\t\t\t\t\t\t\t\t\t<\/a>\n\t\t\t\t\t<\/div>\n\t\t\t<\/div>\n\t\t\t\t<\/div>\n\t\t\t\t\t<\/div>\n\t\t<\/div>\n\t\t\t\t\t<\/div>\n\t\t<\/section>\n\t\t\t\t<\/div>","protected":false},"excerpt":{"rendered":"<p>ERMA ELECTRONIQUE Nos M\u00e9tiers Formation ORGANISME DE FORMATION (certifi\u00e9 QUALIOPI) Formations inter ou intra-entreprises, sur vos sites de production ou dans nos locaux Formations sur mesures ou \u00ab\u00a0\u00e0 la carte\u00a0\u00bb Adaptation des modules de formation en fonction de la particularit\u00e9 des besoins de l\u2019entreprise et du niveau des participants Formations th\u00e9oriques et pratiques avec mat\u00e9riels &hellip;<\/p>\n<p class=\"read-more\"> <a class=\"\" href=\"https:\/\/www.erma-electronique.fr\/en\/metiers\/formation\/\"> <span class=\"screen-reader-text\">Formation<\/span> Read More &raquo;<\/a><\/p>","protected":false},"author":3,"featured_media":0,"parent":2989,"menu_order":0,"comment_status":"closed","ping_status":"closed","template":"","meta":{"pmpro_default_level":0,"site-sidebar-layout":"no-sidebar","site-content-layout":"page-builder","ast-global-header-display":"","ast-main-header-display":"","ast-hfb-above-header-display":"","ast-hfb-below-header-display":"","ast-hfb-mobile-header-display":"","site-post-title":"disabled","ast-breadcrumbs-content":"","ast-featured-img":"disabled","footer-sml-layout":"","theme-transparent-header-meta":"","adv-header-id-meta":"","stick-header-meta":"","header-above-stick-meta":"","header-main-stick-meta":"","header-below-stick-meta":"","footnotes":""},"class_list":["post-2960","page","type-page","status-publish","hentry","pmpro-has-access"],"yoast_head":"<!-- This site is optimized with the Yoast SEO plugin v20.1 - https:\/\/yoast.com\/wordpress\/plugins\/seo\/ -->\n<title>Formation - Erma electronique - Groupe charbonnier<\/title>\n<meta name=\"robots\" content=\"index, follow, max-snippet:-1, max-image-preview:large, max-video-preview:-1\" \/>\n<link rel=\"canonical\" href=\"https:\/\/www.erma-electronique.fr\/en\/metiers\/formation\/\" \/>\n<meta property=\"og:locale\" content=\"en_GB\" \/>\n<meta property=\"og:type\" content=\"article\" \/>\n<meta property=\"og:title\" content=\"Formation - Erma electronique - Groupe charbonnier\" \/>\n<meta property=\"og:description\" content=\"ERMA ELECTRONIQUE Nos M\u00e9tiers Formation ORGANISME DE FORMATION (certifi\u00e9 QUALIOPI) Formations inter ou intra-entreprises, sur vos sites de production ou dans nos locaux Formations sur mesures ou \u00ab\u00a0\u00e0 la carte\u00a0\u00bb Adaptation des modules de formation en fonction de la particularit\u00e9 des besoins de l\u2019entreprise et du niveau des participants Formations th\u00e9oriques et pratiques avec mat\u00e9riels &hellip; Formation Read More &raquo;\" \/>\n<meta property=\"og:url\" content=\"https:\/\/www.erma-electronique.fr\/en\/metiers\/formation\/\" \/>\n<meta property=\"og:site_name\" content=\"Erma electronique - Groupe charbonnier\" \/>\n<meta property=\"article:modified_time\" content=\"2025-03-25T09:27:42+00:00\" \/>\n<meta name=\"twitter:card\" content=\"summary_large_image\" \/>\n<meta name=\"twitter:label1\" content=\"Estimated reading time\" \/>\n\t<meta name=\"twitter:data1\" content=\"2 minutes\" \/>\n<script type=\"application\/ld+json\" class=\"yoast-schema-graph\">{\"@context\":\"https:\/\/schema.org\",\"@graph\":[{\"@type\":\"WebPage\",\"@id\":\"https:\/\/www.erma-electronique.fr\/metiers\/formation\/\",\"url\":\"https:\/\/www.erma-electronique.fr\/metiers\/formation\/\",\"name\":\"Formation - Erma electronique - Groupe charbonnier\",\"isPartOf\":{\"@id\":\"https:\/\/www.erma-electronique.fr\/#website\"},\"datePublished\":\"2022-01-14T16:41:09+00:00\",\"dateModified\":\"2025-03-25T09:27:42+00:00\",\"breadcrumb\":{\"@id\":\"https:\/\/www.erma-electronique.fr\/metiers\/formation\/#breadcrumb\"},\"inLanguage\":\"en-GB\",\"potentialAction\":[{\"@type\":\"ReadAction\",\"target\":[\"https:\/\/www.erma-electronique.fr\/metiers\/formation\/\"]}]},{\"@type\":\"BreadcrumbList\",\"@id\":\"https:\/\/www.erma-electronique.fr\/metiers\/formation\/#breadcrumb\",\"itemListElement\":[{\"@type\":\"ListItem\",\"position\":1,\"name\":\"Accueil\",\"item\":\"https:\/\/www.erma-electronique.fr\/\"},{\"@type\":\"ListItem\",\"position\":2,\"name\":\"M\u00e9tiers\",\"item\":\"https:\/\/www.erma-electronique.fr\/metiers\/\"},{\"@type\":\"ListItem\",\"position\":3,\"name\":\"Formation\"}]},{\"@type\":\"WebSite\",\"@id\":\"https:\/\/www.erma-electronique.fr\/#website\",\"url\":\"https:\/\/www.erma-electronique.fr\/\",\"name\":\"Erma electronique - Groupe charbonnier\",\"description\":\"\",\"potentialAction\":[{\"@type\":\"SearchAction\",\"target\":{\"@type\":\"EntryPoint\",\"urlTemplate\":\"https:\/\/www.erma-electronique.fr\/?s={search_term_string}\"},\"query-input\":\"required name=search_term_string\"}],\"inLanguage\":\"en-GB\"}]}<\/script>\n<!-- \/ Yoast SEO plugin. -->","yoast_head_json":{"title":"Formation - Erma electronique - Groupe charbonnier","robots":{"index":"index","follow":"follow","max-snippet":"max-snippet:-1","max-image-preview":"max-image-preview:large","max-video-preview":"max-video-preview:-1"},"canonical":"https:\/\/www.erma-electronique.fr\/en\/metiers\/formation\/","og_locale":"en_GB","og_type":"article","og_title":"Formation - Erma electronique - Groupe charbonnier","og_description":"ERMA ELECTRONIQUE Nos M\u00e9tiers Formation ORGANISME DE FORMATION (certifi\u00e9 QUALIOPI) Formations inter ou intra-entreprises, sur vos sites de production ou dans nos locaux Formations sur mesures ou \u00ab\u00a0\u00e0 la carte\u00a0\u00bb Adaptation des modules de formation en fonction de la particularit\u00e9 des besoins de l\u2019entreprise et du niveau des participants Formations th\u00e9oriques et pratiques avec mat\u00e9riels &hellip; Formation Read More &raquo;","og_url":"https:\/\/www.erma-electronique.fr\/en\/metiers\/formation\/","og_site_name":"Erma electronique - Groupe charbonnier","article_modified_time":"2025-03-25T09:27:42+00:00","twitter_card":"summary_large_image","twitter_misc":{"Estimated reading time":"2 minutes"},"schema":{"@context":"https:\/\/schema.org","@graph":[{"@type":"WebPage","@id":"https:\/\/www.erma-electronique.fr\/metiers\/formation\/","url":"https:\/\/www.erma-electronique.fr\/metiers\/formation\/","name":"Formation - Erma electronique - Groupe charbonnier","isPartOf":{"@id":"https:\/\/www.erma-electronique.fr\/#website"},"datePublished":"2022-01-14T16:41:09+00:00","dateModified":"2025-03-25T09:27:42+00:00","breadcrumb":{"@id":"https:\/\/www.erma-electronique.fr\/metiers\/formation\/#breadcrumb"},"inLanguage":"en-GB","potentialAction":[{"@type":"ReadAction","target":["https:\/\/www.erma-electronique.fr\/metiers\/formation\/"]}]},{"@type":"BreadcrumbList","@id":"https:\/\/www.erma-electronique.fr\/metiers\/formation\/#breadcrumb","itemListElement":[{"@type":"ListItem","position":1,"name":"Accueil","item":"https:\/\/www.erma-electronique.fr\/"},{"@type":"ListItem","position":2,"name":"M\u00e9tiers","item":"https:\/\/www.erma-electronique.fr\/metiers\/"},{"@type":"ListItem","position":3,"name":"Formation"}]},{"@type":"WebSite","@id":"https:\/\/www.erma-electronique.fr\/#website","url":"https:\/\/www.erma-electronique.fr\/","name":"Erma electronique - Groupe charbonnier","description":"","potentialAction":[{"@type":"SearchAction","target":{"@type":"EntryPoint","urlTemplate":"https:\/\/www.erma-electronique.fr\/?s={search_term_string}"},"query-input":"required name=search_term_string"}],"inLanguage":"en-GB"}]}},"_links":{"self":[{"href":"https:\/\/www.erma-electronique.fr\/en\/wp-json\/wp\/v2\/pages\/2960","targetHints":{"allow":["GET"]}}],"collection":[{"href":"https:\/\/www.erma-electronique.fr\/en\/wp-json\/wp\/v2\/pages"}],"about":[{"href":"https:\/\/www.erma-electronique.fr\/en\/wp-json\/wp\/v2\/types\/page"}],"author":[{"embeddable":true,"href":"https:\/\/www.erma-electronique.fr\/en\/wp-json\/wp\/v2\/users\/3"}],"replies":[{"embeddable":true,"href":"https:\/\/www.erma-electronique.fr\/en\/wp-json\/wp\/v2\/comments?post=2960"}],"version-history":[{"count":10,"href":"https:\/\/www.erma-electronique.fr\/en\/wp-json\/wp\/v2\/pages\/2960\/revisions"}],"predecessor-version":[{"id":4888,"href":"https:\/\/www.erma-electronique.fr\/en\/wp-json\/wp\/v2\/pages\/2960\/revisions\/4888"}],"up":[{"embeddable":true,"href":"https:\/\/www.erma-electronique.fr\/en\/wp-json\/wp\/v2\/pages\/2989"}],"wp:attachment":[{"href":"https:\/\/www.erma-electronique.fr\/en\/wp-json\/wp\/v2\/media?parent=2960"}],"curies":[{"name":"wp","href":"https:\/\/api.w.org\/{rel}","templated":true}]}}