{"id":2962,"date":"2022-01-14T17:41:40","date_gmt":"2022-01-14T16:41:40","guid":{"rendered":"https:\/\/erma-projet.groupecharbonnier.fr\/?page_id=2962"},"modified":"2024-05-14T10:14:14","modified_gmt":"2024-05-14T08:14:14","slug":"cartes-electroniques","status":"publish","type":"page","link":"https:\/\/www.erma-electronique.fr\/en\/metiers\/cartes-electroniques\/","title":{"rendered":"Cartes \u00e9lectroniques"},"content":{"rendered":"<div data-elementor-type=\"wp-page\" data-elementor-id=\"2962\" class=\"elementor elementor-2962\" data-elementor-post-type=\"page\">\n\t\t\t\t\t\t<section class=\"elementor-section elementor-top-section elementor-element elementor-element-2396b66 elementor-section-height-min-height elementor-section-items-bottom elementor-section-boxed elementor-section-height-default\" data-id=\"2396b66\" data-element_type=\"section\" data-settings=\"{&quot;background_background&quot;:&quot;classic&quot;}\">\n\t\t\t\t\t\t\t<div class=\"elementor-background-overlay\"><\/div>\n\t\t\t\t\t\t\t<div class=\"elementor-container elementor-column-gap-no\">\n\t\t\t\t\t<div class=\"elementor-column elementor-col-100 elementor-top-column elementor-element elementor-element-450ac1e\" data-id=\"450ac1e\" data-element_type=\"column\">\n\t\t\t<div class=\"elementor-widget-wrap elementor-element-populated\">\n\t\t\t\t\t\t<div class=\"elementor-element elementor-element-4711884 elementor-widget elementor-widget-heading\" data-id=\"4711884\" data-element_type=\"widget\" data-widget_type=\"heading.default\">\n\t\t\t\t<div class=\"elementor-widget-container\">\n\t\t\t<h6 class=\"elementor-heading-title elementor-size-default\">ERMA ELECTRONIQUE<\/h6>\t\t<\/div>\n\t\t\t\t<\/div>\n\t\t\t\t<div class=\"elementor-element elementor-element-820f810 elementor-widget elementor-widget-heading\" data-id=\"820f810\" data-element_type=\"widget\" data-widget_type=\"heading.default\">\n\t\t\t\t<div class=\"elementor-widget-container\">\n\t\t\t<h6 class=\"elementor-heading-title elementor-size-default\">Nos m\u00e9tiers<\/h6>\t\t<\/div>\n\t\t\t\t<\/div>\n\t\t\t\t<div class=\"elementor-element elementor-element-22b525c elementor-widget elementor-widget-heading\" data-id=\"22b525c\" data-element_type=\"widget\" data-widget_type=\"heading.default\">\n\t\t\t\t<div class=\"elementor-widget-container\">\n\t\t\t<h1 class=\"elementor-heading-title elementor-size-default\">Cartes \u00e9lectroniques<\/h1>\t\t<\/div>\n\t\t\t\t<\/div>\n\t\t\t\t<div class=\"elementor-element elementor-element-297ff11 elementor-widget-divider--view-line elementor-widget elementor-widget-divider\" data-id=\"297ff11\" data-element_type=\"widget\" data-widget_type=\"divider.default\">\n\t\t\t\t<div class=\"elementor-widget-container\">\n\t\t\t\t\t<div class=\"elementor-divider\">\n\t\t\t<span class=\"elementor-divider-separator\">\n\t\t\t\t\t\t<\/span>\n\t\t<\/div>\n\t\t\t\t<\/div>\n\t\t\t\t<\/div>\n\t\t\t\t\t<\/div>\n\t\t<\/div>\n\t\t\t\t\t<\/div>\n\t\t<\/section>\n\t\t\t\t<section class=\"elementor-section elementor-top-section elementor-element elementor-element-dd1194b elementor-section-boxed elementor-section-height-default elementor-section-height-default\" data-id=\"dd1194b\" data-element_type=\"section\">\n\t\t\t\t\t\t<div class=\"elementor-container elementor-column-gap-default\">\n\t\t\t\t\t<div class=\"elementor-column elementor-col-100 elementor-top-column elementor-element elementor-element-2661e2e\" data-id=\"2661e2e\" data-element_type=\"column\">\n\t\t\t<div class=\"elementor-widget-wrap elementor-element-populated\">\n\t\t\t\t\t\t<div class=\"elementor-element elementor-element-da6c1a4 elementor-widget elementor-widget-spacer\" data-id=\"da6c1a4\" data-element_type=\"widget\" data-widget_type=\"spacer.default\">\n\t\t\t\t<div class=\"elementor-widget-container\">\n\t\t\t\t\t<div class=\"elementor-spacer\">\n\t\t\t<div class=\"elementor-spacer-inner\"><\/div>\n\t\t<\/div>\n\t\t\t\t<\/div>\n\t\t\t\t<\/div>\n\t\t\t\t\t<\/div>\n\t\t<\/div>\n\t\t\t\t\t<\/div>\n\t\t<\/section>\n\t\t\t\t<section class=\"elementor-section elementor-top-section elementor-element elementor-element-63676f3 elementor-section-boxed elementor-section-height-default elementor-section-height-default\" data-id=\"63676f3\" data-element_type=\"section\">\n\t\t\t\t\t\t<div class=\"elementor-container elementor-column-gap-default\">\n\t\t\t\t\t<div class=\"elementor-column elementor-col-100 elementor-top-column elementor-element elementor-element-8be3846\" data-id=\"8be3846\" data-element_type=\"column\">\n\t\t\t<div class=\"elementor-widget-wrap elementor-element-populated\">\n\t\t\t\t\t\t<div class=\"elementor-element elementor-element-2537566 elementor-arrows-position-inside elementor-pagination-position-outside elementor-widget elementor-widget-image-carousel\" data-id=\"2537566\" data-element_type=\"widget\" data-settings=\"{&quot;slides_to_show&quot;:&quot;1&quot;,&quot;navigation&quot;:&quot;both&quot;,&quot;autoplay&quot;:&quot;yes&quot;,&quot;pause_on_hover&quot;:&quot;yes&quot;,&quot;pause_on_interaction&quot;:&quot;yes&quot;,&quot;autoplay_speed&quot;:5000,&quot;infinite&quot;:&quot;yes&quot;,&quot;effect&quot;:&quot;slide&quot;,&quot;speed&quot;:500}\" data-widget_type=\"image-carousel.default\">\n\t\t\t\t<div class=\"elementor-widget-container\">\n\t\t\t\t\t<div class=\"elementor-image-carousel-wrapper swiper-container\" dir=\"ltr\">\n\t\t\t<div class=\"elementor-image-carousel swiper-wrapper\" aria-live=\"off\">\n\t\t\t\t\t\t\t\t<div class=\"swiper-slide\" role=\"group\" aria-roledescription=\"slide\" aria-label=\"1 of 14\"><figure class=\"swiper-slide-inner\"><img decoding=\"async\" class=\"swiper-slide-image\" src=\"https:\/\/www.erma-electronique.fr\/wp-content\/uploads\/2024\/05\/DOMAINES-INTER_Metiers_CARTES-ELEC-1.jpg\" alt=\"DOMAINES INTER_Me\u0301tiers_CARTES ELEC (1)\" \/><\/figure><\/div><div class=\"swiper-slide\" role=\"group\" aria-roledescription=\"slide\" aria-label=\"2 of 14\"><figure class=\"swiper-slide-inner\"><img decoding=\"async\" class=\"swiper-slide-image\" src=\"https:\/\/www.erma-electronique.fr\/wp-content\/uploads\/2024\/05\/DOMAINES-INTER_Metiers_CARTES-ELEC-1.png\" alt=\"DOMAINES INTER_Me\u0301tiers_CARTES ELEC (1)\" \/><\/figure><\/div><div class=\"swiper-slide\" role=\"group\" aria-roledescription=\"slide\" aria-label=\"3 of 14\"><figure class=\"swiper-slide-inner\"><img decoding=\"async\" class=\"swiper-slide-image\" src=\"https:\/\/www.erma-electronique.fr\/wp-content\/uploads\/2024\/05\/DOMAINES-INTER_Metiers_CARTES-ELEC-2.png\" alt=\"DOMAINES INTER_Me\u0301tiers_CARTES ELEC (2)\" \/><\/figure><\/div><div class=\"swiper-slide\" role=\"group\" aria-roledescription=\"slide\" aria-label=\"4 of 14\"><figure class=\"swiper-slide-inner\"><img decoding=\"async\" class=\"swiper-slide-image\" src=\"https:\/\/www.erma-electronique.fr\/wp-content\/uploads\/2024\/05\/DOMAINES-INTER_Metiers_CARTES-ELEC-3.png\" alt=\"DOMAINES INTER_Me\u0301tiers_CARTES ELEC (3)\" \/><\/figure><\/div><div class=\"swiper-slide\" role=\"group\" aria-roledescription=\"slide\" aria-label=\"5 of 14\"><figure class=\"swiper-slide-inner\"><img decoding=\"async\" class=\"swiper-slide-image\" src=\"https:\/\/www.erma-electronique.fr\/wp-content\/uploads\/2024\/05\/DOMAINES-INTER_Metiers_CARTES-ELEC-4.jpg\" alt=\"DOMAINES INTER_Me\u0301tiers_CARTES ELEC (4)\" \/><\/figure><\/div><div class=\"swiper-slide\" role=\"group\" aria-roledescription=\"slide\" aria-label=\"6 of 14\"><figure class=\"swiper-slide-inner\"><img decoding=\"async\" class=\"swiper-slide-image\" src=\"https:\/\/www.erma-electronique.fr\/wp-content\/uploads\/2024\/05\/DOMAINES-INTER_Metiers_CARTES-ELEC-4.png\" alt=\"DOMAINES INTER_Me\u0301tiers_CARTES ELEC (4)\" \/><\/figure><\/div><div class=\"swiper-slide\" role=\"group\" aria-roledescription=\"slide\" aria-label=\"7 of 14\"><figure class=\"swiper-slide-inner\"><img decoding=\"async\" class=\"swiper-slide-image\" src=\"https:\/\/www.erma-electronique.fr\/wp-content\/uploads\/2024\/05\/DOMAINES-INTER_Metiers_CARTES-ELEC-5.png\" alt=\"DOMAINES INTER_Me\u0301tiers_CARTES ELEC (5)\" \/><\/figure><\/div><div class=\"swiper-slide\" role=\"group\" aria-roledescription=\"slide\" aria-label=\"8 of 14\"><figure class=\"swiper-slide-inner\"><img decoding=\"async\" class=\"swiper-slide-image\" src=\"https:\/\/www.erma-electronique.fr\/wp-content\/uploads\/2024\/05\/DOMAINES-INTER_Metiers_CARTES-ELEC-6-scaled.jpg\" alt=\"DOMAINES INTER_Me\u0301tiers_CARTES ELEC (6)\" \/><\/figure><\/div><div class=\"swiper-slide\" role=\"group\" aria-roledescription=\"slide\" aria-label=\"9 of 14\"><figure class=\"swiper-slide-inner\"><img decoding=\"async\" class=\"swiper-slide-image\" src=\"https:\/\/www.erma-electronique.fr\/wp-content\/uploads\/2024\/05\/DOMAINES-INTER_Metiers_CARTES-ELEC-6.png\" alt=\"DOMAINES INTER_Me\u0301tiers_CARTES ELEC (6)\" \/><\/figure><\/div><div class=\"swiper-slide\" role=\"group\" aria-roledescription=\"slide\" aria-label=\"10 of 14\"><figure class=\"swiper-slide-inner\"><img decoding=\"async\" class=\"swiper-slide-image\" src=\"https:\/\/www.erma-electronique.fr\/wp-content\/uploads\/2024\/05\/DOMAINES-INTER_Metiers_CARTES-ELEC-7.jpg\" alt=\"DOMAINES INTER_Me\u0301tiers_CARTES ELEC (7)\" \/><\/figure><\/div><div class=\"swiper-slide\" role=\"group\" aria-roledescription=\"slide\" aria-label=\"11 of 14\"><figure class=\"swiper-slide-inner\"><img decoding=\"async\" class=\"swiper-slide-image\" src=\"https:\/\/www.erma-electronique.fr\/wp-content\/uploads\/2024\/05\/DOMAINES-INTER_Metiers_CARTES-ELEC-7.png\" alt=\"DOMAINES INTER_Me\u0301tiers_CARTES ELEC (7)\" \/><\/figure><\/div><div class=\"swiper-slide\" role=\"group\" aria-roledescription=\"slide\" aria-label=\"12 of 14\"><figure class=\"swiper-slide-inner\"><img decoding=\"async\" class=\"swiper-slide-image\" src=\"https:\/\/www.erma-electronique.fr\/wp-content\/uploads\/2024\/05\/DOMAINES-INTER_Metiers_CARTES-ELEC-8.png\" alt=\"DOMAINES INTER_Me\u0301tiers_CARTES ELEC (8)\" \/><\/figure><\/div><div class=\"swiper-slide\" role=\"group\" aria-roledescription=\"slide\" aria-label=\"13 of 14\"><figure class=\"swiper-slide-inner\"><img decoding=\"async\" class=\"swiper-slide-image\" src=\"https:\/\/www.erma-electronique.fr\/wp-content\/uploads\/2024\/05\/DOMAINES-INTER_Metiers_CARTES-ELEC-9.png\" alt=\"DOMAINES INTER_Me\u0301tiers_CARTES ELEC (9)\" \/><\/figure><\/div><div class=\"swiper-slide\" role=\"group\" aria-roledescription=\"slide\" aria-label=\"14 of 14\"><figure class=\"swiper-slide-inner\"><img decoding=\"async\" class=\"swiper-slide-image\" src=\"https:\/\/www.erma-electronique.fr\/wp-content\/uploads\/2024\/05\/DOMAINES-INTER_Metiers_CARTES-ELEC-10.png\" alt=\"DOMAINES INTER_Me\u0301tiers_CARTES ELEC (10)\" \/><\/figure><\/div>\t\t\t<\/div>\n\t\t\t\t\t\t\t\t\t\t\t\t<div class=\"elementor-swiper-button elementor-swiper-button-prev\" role=\"button\" tabindex=\"0\">\n\t\t\t\t\t\t<i aria-hidden=\"true\" class=\"eicon-chevron-left\"><\/i>\t\t\t\t\t<\/div>\n\t\t\t\t\t<div class=\"elementor-swiper-button elementor-swiper-button-next\" role=\"button\" tabindex=\"0\">\n\t\t\t\t\t\t<i aria-hidden=\"true\" class=\"eicon-chevron-right\"><\/i>\t\t\t\t\t<\/div>\n\t\t\t\t\n\t\t\t\t\t\t\t\t\t<div class=\"swiper-pagination\"><\/div>\n\t\t\t\t\t\t\t\t\t<\/div>\n\t\t\t\t<\/div>\n\t\t\t\t<\/div>\n\t\t\t\t\t<\/div>\n\t\t<\/div>\n\t\t\t\t\t<\/div>\n\t\t<\/section>\n\t\t\t\t<\/div>","protected":false},"excerpt":{"rendered":"<p>ERMA ELECTRONIQUE Nos m\u00e9tiers Cartes \u00e9lectroniques<\/p>","protected":false},"author":3,"featured_media":0,"parent":2989,"menu_order":0,"comment_status":"closed","ping_status":"closed","template":"","meta":{"pmpro_default_level":0,"site-sidebar-layout":"no-sidebar","site-content-layout":"page-builder","ast-global-header-display":"","ast-main-header-display":"","ast-hfb-above-header-display":"","ast-hfb-below-header-display":"","ast-hfb-mobile-header-display":"","site-post-title":"disabled","ast-breadcrumbs-content":"","ast-featured-img":"disabled","footer-sml-layout":"","theme-transparent-header-meta":"","adv-header-id-meta":"","stick-header-meta":"","header-above-stick-meta":"","header-main-stick-meta":"","header-below-stick-meta":"","footnotes":""},"class_list":["post-2962","page","type-page","status-publish","hentry","pmpro-has-access"],"yoast_head":"<!-- This site is optimized with the Yoast SEO plugin v20.1 - https:\/\/yoast.com\/wordpress\/plugins\/seo\/ -->\n<title>Cartes \u00e9lectroniques - Erma electronique - Groupe charbonnier<\/title>\n<meta name=\"robots\" content=\"index, follow, max-snippet:-1, max-image-preview:large, max-video-preview:-1\" \/>\n<link rel=\"canonical\" href=\"https:\/\/www.erma-electronique.fr\/en\/metiers\/cartes-electroniques\/\" \/>\n<meta property=\"og:locale\" content=\"en_GB\" \/>\n<meta property=\"og:type\" content=\"article\" \/>\n<meta property=\"og:title\" content=\"Cartes \u00e9lectroniques - Erma electronique - Groupe charbonnier\" \/>\n<meta property=\"og:description\" content=\"ERMA ELECTRONIQUE Nos m\u00e9tiers Cartes \u00e9lectroniques\" \/>\n<meta property=\"og:url\" content=\"https:\/\/www.erma-electronique.fr\/en\/metiers\/cartes-electroniques\/\" \/>\n<meta property=\"og:site_name\" content=\"Erma electronique - Groupe charbonnier\" \/>\n<meta property=\"article:modified_time\" content=\"2024-05-14T08:14:14+00:00\" \/>\n<meta property=\"og:image\" content=\"https:\/\/www.erma-electronique.fr\/wp-content\/uploads\/2024\/05\/DOMAINES-INTER_Metiers_CARTES-ELEC-1.jpg\" \/>\n<meta name=\"twitter:card\" content=\"summary_large_image\" \/>\n<meta name=\"twitter:label1\" content=\"Estimated reading time\" \/>\n\t<meta name=\"twitter:data1\" content=\"4 minutes\" \/>\n<script type=\"application\/ld+json\" class=\"yoast-schema-graph\">{\"@context\":\"https:\/\/schema.org\",\"@graph\":[{\"@type\":\"WebPage\",\"@id\":\"https:\/\/www.erma-electronique.fr\/metiers\/cartes-electroniques\/\",\"url\":\"https:\/\/www.erma-electronique.fr\/metiers\/cartes-electroniques\/\",\"name\":\"Cartes \u00e9lectroniques - Erma electronique - Groupe charbonnier\",\"isPartOf\":{\"@id\":\"https:\/\/www.erma-electronique.fr\/#website\"},\"datePublished\":\"2022-01-14T16:41:40+00:00\",\"dateModified\":\"2024-05-14T08:14:14+00:00\",\"breadcrumb\":{\"@id\":\"https:\/\/www.erma-electronique.fr\/metiers\/cartes-electroniques\/#breadcrumb\"},\"inLanguage\":\"en-GB\",\"potentialAction\":[{\"@type\":\"ReadAction\",\"target\":[\"https:\/\/www.erma-electronique.fr\/metiers\/cartes-electroniques\/\"]}]},{\"@type\":\"BreadcrumbList\",\"@id\":\"https:\/\/www.erma-electronique.fr\/metiers\/cartes-electroniques\/#breadcrumb\",\"itemListElement\":[{\"@type\":\"ListItem\",\"position\":1,\"name\":\"Accueil\",\"item\":\"https:\/\/www.erma-electronique.fr\/\"},{\"@type\":\"ListItem\",\"position\":2,\"name\":\"M\u00e9tiers\",\"item\":\"https:\/\/www.erma-electronique.fr\/metiers\/\"},{\"@type\":\"ListItem\",\"position\":3,\"name\":\"Cartes \u00e9lectroniques\"}]},{\"@type\":\"WebSite\",\"@id\":\"https:\/\/www.erma-electronique.fr\/#website\",\"url\":\"https:\/\/www.erma-electronique.fr\/\",\"name\":\"Erma electronique - Groupe charbonnier\",\"description\":\"\",\"potentialAction\":[{\"@type\":\"SearchAction\",\"target\":{\"@type\":\"EntryPoint\",\"urlTemplate\":\"https:\/\/www.erma-electronique.fr\/?s={search_term_string}\"},\"query-input\":\"required name=search_term_string\"}],\"inLanguage\":\"en-GB\"}]}<\/script>\n<!-- \/ Yoast SEO plugin. -->","yoast_head_json":{"title":"Cartes \u00e9lectroniques - Erma electronique - Groupe charbonnier","robots":{"index":"index","follow":"follow","max-snippet":"max-snippet:-1","max-image-preview":"max-image-preview:large","max-video-preview":"max-video-preview:-1"},"canonical":"https:\/\/www.erma-electronique.fr\/en\/metiers\/cartes-electroniques\/","og_locale":"en_GB","og_type":"article","og_title":"Cartes \u00e9lectroniques - Erma electronique - Groupe charbonnier","og_description":"ERMA ELECTRONIQUE Nos m\u00e9tiers Cartes \u00e9lectroniques","og_url":"https:\/\/www.erma-electronique.fr\/en\/metiers\/cartes-electroniques\/","og_site_name":"Erma electronique - Groupe charbonnier","article_modified_time":"2024-05-14T08:14:14+00:00","og_image":[{"url":"https:\/\/www.erma-electronique.fr\/wp-content\/uploads\/2024\/05\/DOMAINES-INTER_Metiers_CARTES-ELEC-1.jpg"}],"twitter_card":"summary_large_image","twitter_misc":{"Estimated reading time":"4 minutes"},"schema":{"@context":"https:\/\/schema.org","@graph":[{"@type":"WebPage","@id":"https:\/\/www.erma-electronique.fr\/metiers\/cartes-electroniques\/","url":"https:\/\/www.erma-electronique.fr\/metiers\/cartes-electroniques\/","name":"Cartes \u00e9lectroniques - Erma electronique - Groupe charbonnier","isPartOf":{"@id":"https:\/\/www.erma-electronique.fr\/#website"},"datePublished":"2022-01-14T16:41:40+00:00","dateModified":"2024-05-14T08:14:14+00:00","breadcrumb":{"@id":"https:\/\/www.erma-electronique.fr\/metiers\/cartes-electroniques\/#breadcrumb"},"inLanguage":"en-GB","potentialAction":[{"@type":"ReadAction","target":["https:\/\/www.erma-electronique.fr\/metiers\/cartes-electroniques\/"]}]},{"@type":"BreadcrumbList","@id":"https:\/\/www.erma-electronique.fr\/metiers\/cartes-electroniques\/#breadcrumb","itemListElement":[{"@type":"ListItem","position":1,"name":"Accueil","item":"https:\/\/www.erma-electronique.fr\/"},{"@type":"ListItem","position":2,"name":"M\u00e9tiers","item":"https:\/\/www.erma-electronique.fr\/metiers\/"},{"@type":"ListItem","position":3,"name":"Cartes \u00e9lectroniques"}]},{"@type":"WebSite","@id":"https:\/\/www.erma-electronique.fr\/#website","url":"https:\/\/www.erma-electronique.fr\/","name":"Erma electronique - Groupe charbonnier","description":"","potentialAction":[{"@type":"SearchAction","target":{"@type":"EntryPoint","urlTemplate":"https:\/\/www.erma-electronique.fr\/?s={search_term_string}"},"query-input":"required name=search_term_string"}],"inLanguage":"en-GB"}]}},"_links":{"self":[{"href":"https:\/\/www.erma-electronique.fr\/en\/wp-json\/wp\/v2\/pages\/2962","targetHints":{"allow":["GET"]}}],"collection":[{"href":"https:\/\/www.erma-electronique.fr\/en\/wp-json\/wp\/v2\/pages"}],"about":[{"href":"https:\/\/www.erma-electronique.fr\/en\/wp-json\/wp\/v2\/types\/page"}],"author":[{"embeddable":true,"href":"https:\/\/www.erma-electronique.fr\/en\/wp-json\/wp\/v2\/users\/3"}],"replies":[{"embeddable":true,"href":"https:\/\/www.erma-electronique.fr\/en\/wp-json\/wp\/v2\/comments?post=2962"}],"version-history":[{"count":7,"href":"https:\/\/www.erma-electronique.fr\/en\/wp-json\/wp\/v2\/pages\/2962\/revisions"}],"predecessor-version":[{"id":4597,"href":"https:\/\/www.erma-electronique.fr\/en\/wp-json\/wp\/v2\/pages\/2962\/revisions\/4597"}],"up":[{"embeddable":true,"href":"https:\/\/www.erma-electronique.fr\/en\/wp-json\/wp\/v2\/pages\/2989"}],"wp:attachment":[{"href":"https:\/\/www.erma-electronique.fr\/en\/wp-json\/wp\/v2\/media?parent=2962"}],"curies":[{"name":"wp","href":"https:\/\/api.w.org\/{rel}","templated":true}]}}