{"id":4691,"date":"2024-05-14T10:10:51","date_gmt":"2024-05-14T08:10:51","guid":{"rendered":"https:\/\/www.erma-electronique.fr\/?page_id=4691"},"modified":"2025-03-25T10:21:36","modified_gmt":"2025-03-25T09:21:36","slug":"micro-plasturgie-tropicalisation-peinture","status":"publish","type":"page","link":"https:\/\/www.erma-electronique.fr\/en\/metiers\/micro-plasturgie-tropicalisation-peinture\/","title":{"rendered":"Micro-plasturgie, Tropicalisation, Peinture"},"content":{"rendered":"<div data-elementor-type=\"wp-page\" data-elementor-id=\"4691\" class=\"elementor elementor-4691\" data-elementor-post-type=\"page\">\n\t\t\t\t\t\t<section class=\"elementor-section elementor-top-section elementor-element elementor-element-a5e8e9f elementor-section-height-min-height elementor-section-items-bottom elementor-section-boxed elementor-section-height-default\" data-id=\"a5e8e9f\" data-element_type=\"section\" data-settings=\"{&quot;background_background&quot;:&quot;classic&quot;}\">\n\t\t\t\t\t\t\t<div class=\"elementor-background-overlay\"><\/div>\n\t\t\t\t\t\t\t<div class=\"elementor-container elementor-column-gap-no\">\n\t\t\t\t\t<div class=\"elementor-column elementor-col-100 elementor-top-column elementor-element elementor-element-9a2b95b\" data-id=\"9a2b95b\" data-element_type=\"column\">\n\t\t\t<div class=\"elementor-widget-wrap elementor-element-populated\">\n\t\t\t\t\t\t<div class=\"elementor-element elementor-element-6fd082a elementor-widget elementor-widget-heading\" data-id=\"6fd082a\" data-element_type=\"widget\" data-widget_type=\"heading.default\">\n\t\t\t\t<div class=\"elementor-widget-container\">\n\t\t\t<h6 class=\"elementor-heading-title elementor-size-default\">ERMA ELECTRONIQUE<\/h6>\t\t<\/div>\n\t\t\t\t<\/div>\n\t\t\t\t<div class=\"elementor-element elementor-element-25cea3a elementor-widget elementor-widget-heading\" data-id=\"25cea3a\" data-element_type=\"widget\" data-widget_type=\"heading.default\">\n\t\t\t\t<div class=\"elementor-widget-container\">\n\t\t\t<h6 class=\"elementor-heading-title elementor-size-default\">Nos M\u00e9tiers<\/h6>\t\t<\/div>\n\t\t\t\t<\/div>\n\t\t\t\t<div class=\"elementor-element elementor-element-0f597e8 elementor-widget elementor-widget-heading\" data-id=\"0f597e8\" data-element_type=\"widget\" data-widget_type=\"heading.default\">\n\t\t\t\t<div class=\"elementor-widget-container\">\n\t\t\t<h1 class=\"elementor-heading-title elementor-size-default\">Microplasturgie tropicalisation<\/h1>\t\t<\/div>\n\t\t\t\t<\/div>\n\t\t\t\t<div class=\"elementor-element elementor-element-c4778bd elementor-widget-divider--view-line elementor-widget elementor-widget-divider\" data-id=\"c4778bd\" data-element_type=\"widget\" data-widget_type=\"divider.default\">\n\t\t\t\t<div class=\"elementor-widget-container\">\n\t\t\t\t\t<div class=\"elementor-divider\">\n\t\t\t<span class=\"elementor-divider-separator\">\n\t\t\t\t\t\t<\/span>\n\t\t<\/div>\n\t\t\t\t<\/div>\n\t\t\t\t<\/div>\n\t\t\t\t\t<\/div>\n\t\t<\/div>\n\t\t\t\t\t<\/div>\n\t\t<\/section>\n\t\t\t\t<section class=\"elementor-section elementor-top-section elementor-element elementor-element-201c3d1 elementor-section-boxed elementor-section-height-default elementor-section-height-default\" data-id=\"201c3d1\" data-element_type=\"section\">\n\t\t\t\t\t\t<div class=\"elementor-container elementor-column-gap-default\">\n\t\t\t\t\t<div class=\"elementor-column elementor-col-100 elementor-top-column elementor-element elementor-element-bd4d3fc\" data-id=\"bd4d3fc\" data-element_type=\"column\">\n\t\t\t<div class=\"elementor-widget-wrap elementor-element-populated\">\n\t\t\t\t\t\t<div class=\"elementor-element elementor-element-aead486 elementor-widget elementor-widget-spacer\" data-id=\"aead486\" data-element_type=\"widget\" data-widget_type=\"spacer.default\">\n\t\t\t\t<div class=\"elementor-widget-container\">\n\t\t\t\t\t<div class=\"elementor-spacer\">\n\t\t\t<div class=\"elementor-spacer-inner\"><\/div>\n\t\t<\/div>\n\t\t\t\t<\/div>\n\t\t\t\t<\/div>\n\t\t\t\t\t<\/div>\n\t\t<\/div>\n\t\t\t\t\t<\/div>\n\t\t<\/section>\n\t\t\t\t<section class=\"elementor-section elementor-top-section elementor-element elementor-element-5410903 elementor-section-boxed elementor-section-height-default elementor-section-height-default\" data-id=\"5410903\" data-element_type=\"section\">\n\t\t\t\t\t\t<div class=\"elementor-container elementor-column-gap-default\">\n\t\t\t\t\t<div class=\"elementor-column elementor-col-66 elementor-top-column elementor-element elementor-element-1dee943\" data-id=\"1dee943\" data-element_type=\"column\">\n\t\t\t<div class=\"elementor-widget-wrap elementor-element-populated\">\n\t\t\t\t\t\t<div class=\"elementor-element elementor-element-f4fe89f elementor-widget elementor-widget-text-editor\" data-id=\"f4fe89f\" data-element_type=\"widget\" data-widget_type=\"text-editor.default\">\n\t\t\t\t<div class=\"elementor-widget-container\">\n\t\t\t\t\t\t\t<p><strong>Micro-Plasturgie<\/strong><\/p><ul><li>Micro-Plasturgie\u00a0basse-pression \u00e0 froid<\/li><li>Joints protection silicones<\/li><li>R\u00e9sines<\/li><li>Collages<\/li><\/ul><p><strong>Tropicalisation :<\/strong><\/p><ul><li>Travaux sur cartes \u00e9lectroniques<\/li><li>Vernis aqueux<\/li><li>Silicones<\/li><\/ul>\t\t\t\t\t\t<\/div>\n\t\t\t\t<\/div>\n\t\t\t\t\t<\/div>\n\t\t<\/div>\n\t\t\t\t<div class=\"elementor-column elementor-col-33 elementor-top-column elementor-element elementor-element-cd80cc5\" data-id=\"cd80cc5\" data-element_type=\"column\" data-settings=\"{&quot;background_background&quot;:&quot;slideshow&quot;,&quot;background_slideshow_slide_duration&quot;:3000,&quot;background_slideshow_gallery&quot;:[],&quot;background_slideshow_loop&quot;:&quot;yes&quot;,&quot;background_slideshow_slide_transition&quot;:&quot;fade&quot;,&quot;background_slideshow_transition_duration&quot;:500}\">\n\t\t\t<div class=\"elementor-widget-wrap elementor-element-populated\">\n\t\t\t\t\t\t<div class=\"elementor-element elementor-element-937fa75 elementor-arrows-position-inside elementor-pagination-position-outside elementor-widget elementor-widget-image-carousel\" data-id=\"937fa75\" data-element_type=\"widget\" data-settings=\"{&quot;slides_to_show&quot;:&quot;1&quot;,&quot;navigation&quot;:&quot;both&quot;,&quot;autoplay&quot;:&quot;yes&quot;,&quot;pause_on_hover&quot;:&quot;yes&quot;,&quot;pause_on_interaction&quot;:&quot;yes&quot;,&quot;autoplay_speed&quot;:5000,&quot;infinite&quot;:&quot;yes&quot;,&quot;effect&quot;:&quot;slide&quot;,&quot;speed&quot;:500}\" data-widget_type=\"image-carousel.default\">\n\t\t\t\t<div class=\"elementor-widget-container\">\n\t\t\t\t\t<div class=\"elementor-image-carousel-wrapper swiper-container\" dir=\"ltr\">\n\t\t\t<div class=\"elementor-image-carousel swiper-wrapper swiper-image-stretch\" aria-live=\"off\">\n\t\t\t\t\t\t\t\t<div class=\"swiper-slide\" role=\"group\" aria-roledescription=\"slide\" aria-label=\"1 of 11\"><figure class=\"swiper-slide-inner\"><img decoding=\"async\" class=\"swiper-slide-image\" src=\"https:\/\/www.erma-electronique.fr\/wp-content\/uploads\/2024\/05\/DOMAINES-INTER_Metiers_-Procedes-speciaux_MICRO-1-scaled.jpg\" alt=\"DOMAINES INTER_Me\u0301tiers_ Proce\u0301de\u0301s spe\u0301ciaux_MICRO (1)\" \/><\/figure><\/div><div class=\"swiper-slide\" role=\"group\" aria-roledescription=\"slide\" aria-label=\"2 of 11\"><figure class=\"swiper-slide-inner\"><img decoding=\"async\" class=\"swiper-slide-image\" src=\"https:\/\/www.erma-electronique.fr\/wp-content\/uploads\/2024\/05\/DOMAINES-INTER_Metiers_-Procedes-speciaux_MICRO-2.jpg\" alt=\"DOMAINES INTER_Me\u0301tiers_ Proce\u0301de\u0301s spe\u0301ciaux_MICRO (2)\" \/><\/figure><\/div><div class=\"swiper-slide\" role=\"group\" aria-roledescription=\"slide\" aria-label=\"3 of 11\"><figure class=\"swiper-slide-inner\"><img decoding=\"async\" class=\"swiper-slide-image\" src=\"https:\/\/www.erma-electronique.fr\/wp-content\/uploads\/2024\/05\/DOMAINES-INTER_Metiers_-Procedes-speciaux_MICRO-3.jpg\" alt=\"DOMAINES INTER_Me\u0301tiers_ Proce\u0301de\u0301s spe\u0301ciaux_MICRO (3)\" \/><\/figure><\/div><div class=\"swiper-slide\" role=\"group\" aria-roledescription=\"slide\" aria-label=\"4 of 11\"><figure class=\"swiper-slide-inner\"><img decoding=\"async\" class=\"swiper-slide-image\" src=\"https:\/\/www.erma-electronique.fr\/wp-content\/uploads\/2024\/05\/DOMAINES-INTER_Metiers_-Procedes-speciaux_MICRO-4.jpg\" alt=\"DOMAINES INTER_Me\u0301tiers_ Proce\u0301de\u0301s spe\u0301ciaux_MICRO (4)\" \/><\/figure><\/div><div class=\"swiper-slide\" role=\"group\" aria-roledescription=\"slide\" aria-label=\"5 of 11\"><figure class=\"swiper-slide-inner\"><img decoding=\"async\" class=\"swiper-slide-image\" src=\"https:\/\/www.erma-electronique.fr\/wp-content\/uploads\/2024\/05\/DOMAINES-INTER_Metiers_-Procedes-speciaux_MICRO-5.jpg\" alt=\"DOMAINES INTER_Me\u0301tiers_ Proce\u0301de\u0301s spe\u0301ciaux_MICRO (5)\" \/><\/figure><\/div><div class=\"swiper-slide\" role=\"group\" aria-roledescription=\"slide\" aria-label=\"6 of 11\"><figure class=\"swiper-slide-inner\"><img decoding=\"async\" class=\"swiper-slide-image\" src=\"https:\/\/www.erma-electronique.fr\/wp-content\/uploads\/2024\/05\/DOMAINES-INTER_Metiers_-Procedes-speciaux_MICRO-6.jpg\" alt=\"DOMAINES INTER_Me\u0301tiers_ Proce\u0301de\u0301s spe\u0301ciaux_MICRO (6)\" \/><\/figure><\/div><div class=\"swiper-slide\" role=\"group\" aria-roledescription=\"slide\" aria-label=\"7 of 11\"><figure class=\"swiper-slide-inner\"><img decoding=\"async\" class=\"swiper-slide-image\" src=\"https:\/\/www.erma-electronique.fr\/wp-content\/uploads\/2024\/05\/DOMAINES-INTER_Metiers_-Procedes-speciaux_MICRO-7.jpg\" alt=\"DOMAINES INTER_Me\u0301tiers_ Proce\u0301de\u0301s spe\u0301ciaux_MICRO (7)\" \/><\/figure><\/div><div class=\"swiper-slide\" role=\"group\" aria-roledescription=\"slide\" aria-label=\"8 of 11\"><figure class=\"swiper-slide-inner\"><img decoding=\"async\" class=\"swiper-slide-image\" src=\"https:\/\/www.erma-electronique.fr\/wp-content\/uploads\/2024\/05\/DOMAINES-INTER_Metiers_-Procedes-speciaux_MICRO-8.jpg\" alt=\"DOMAINES INTER_Me\u0301tiers_ Proce\u0301de\u0301s spe\u0301ciaux_MICRO (8)\" \/><\/figure><\/div><div class=\"swiper-slide\" role=\"group\" aria-roledescription=\"slide\" aria-label=\"9 of 11\"><figure class=\"swiper-slide-inner\"><img decoding=\"async\" class=\"swiper-slide-image\" src=\"https:\/\/www.erma-electronique.fr\/wp-content\/uploads\/2024\/05\/DOMAINES-INTER_Metiers_-Procedes-speciaux_MICRO-9.jpg\" alt=\"DOMAINES INTER_Me\u0301tiers_ Proce\u0301de\u0301s spe\u0301ciaux_MICRO (9)\" \/><\/figure><\/div><div class=\"swiper-slide\" role=\"group\" aria-roledescription=\"slide\" aria-label=\"10 of 11\"><figure class=\"swiper-slide-inner\"><img decoding=\"async\" class=\"swiper-slide-image\" src=\"https:\/\/www.erma-electronique.fr\/wp-content\/uploads\/2024\/05\/DOMAINES-INTER_Metiers_-Procedes-speciaux_MICRO-10.jpg\" alt=\"DOMAINES INTER_Me\u0301tiers_ Proce\u0301de\u0301s spe\u0301ciaux_MICRO (10)\" \/><\/figure><\/div><div class=\"swiper-slide\" role=\"group\" aria-roledescription=\"slide\" aria-label=\"11 of 11\"><figure class=\"swiper-slide-inner\"><img decoding=\"async\" class=\"swiper-slide-image\" src=\"https:\/\/www.erma-electronique.fr\/wp-content\/uploads\/2024\/05\/DOMAINES-INTER_Metiers_-Procedes-speciaux_MICRO-11.jpg\" alt=\"DOMAINES INTER_Me\u0301tiers_ Proce\u0301de\u0301s spe\u0301ciaux_MICRO (11)\" \/><\/figure><\/div>\t\t\t<\/div>\n\t\t\t\t\t\t\t\t\t\t\t\t<div class=\"elementor-swiper-button elementor-swiper-button-prev\" role=\"button\" tabindex=\"0\">\n\t\t\t\t\t\t<i aria-hidden=\"true\" class=\"eicon-chevron-left\"><\/i>\t\t\t\t\t<\/div>\n\t\t\t\t\t<div class=\"elementor-swiper-button elementor-swiper-button-next\" role=\"button\" tabindex=\"0\">\n\t\t\t\t\t\t<i aria-hidden=\"true\" class=\"eicon-chevron-right\"><\/i>\t\t\t\t\t<\/div>\n\t\t\t\t\n\t\t\t\t\t\t\t\t\t<div class=\"swiper-pagination\"><\/div>\n\t\t\t\t\t\t\t\t\t<\/div>\n\t\t\t\t<\/div>\n\t\t\t\t<\/div>\n\t\t\t\t\t<\/div>\n\t\t<\/div>\n\t\t\t\t\t<\/div>\n\t\t<\/section>\n\t\t\t\t<\/div>","protected":false},"excerpt":{"rendered":"<p>ERMA ELECTRONIQUE Nos M\u00e9tiers Microplasturgie tropicalisation Micro-Plasturgie Micro-Plasturgie\u00a0basse-pression \u00e0 froid Joints protection silicones R\u00e9sines Collages Tropicalisation : Travaux sur cartes \u00e9lectroniques Vernis aqueux Silicones<\/p>","protected":false},"author":3,"featured_media":0,"parent":2989,"menu_order":0,"comment_status":"closed","ping_status":"closed","template":"","meta":{"pmpro_default_level":0,"site-sidebar-layout":"no-sidebar","site-content-layout":"page-builder","ast-global-header-display":"","ast-main-header-display":"","ast-hfb-above-header-display":"","ast-hfb-below-header-display":"","ast-hfb-mobile-header-display":"","site-post-title":"disabled","ast-breadcrumbs-content":"","ast-featured-img":"disabled","footer-sml-layout":"","theme-transparent-header-meta":"","adv-header-id-meta":"","stick-header-meta":"","header-above-stick-meta":"","header-main-stick-meta":"","header-below-stick-meta":"","footnotes":""},"class_list":["post-4691","page","type-page","status-publish","hentry","pmpro-has-access"],"yoast_head":"<!-- This site is optimized with the Yoast SEO plugin v20.1 - https:\/\/yoast.com\/wordpress\/plugins\/seo\/ -->\n<title>Micro-plasturgie, Tropicalisation, Peinture - Erma electronique - Groupe charbonnier<\/title>\n<meta name=\"robots\" content=\"index, follow, max-snippet:-1, max-image-preview:large, max-video-preview:-1\" \/>\n<link rel=\"canonical\" href=\"https:\/\/www.erma-electronique.fr\/en\/metiers\/micro-plasturgie-tropicalisation-peinture\/\" \/>\n<meta property=\"og:locale\" content=\"en_GB\" \/>\n<meta property=\"og:type\" content=\"article\" \/>\n<meta property=\"og:title\" content=\"Micro-plasturgie, Tropicalisation, Peinture - Erma electronique - Groupe charbonnier\" \/>\n<meta property=\"og:description\" content=\"ERMA ELECTRONIQUE Nos M\u00e9tiers Microplasturgie tropicalisation Micro-Plasturgie Micro-Plasturgie\u00a0basse-pression \u00e0 froid Joints protection silicones R\u00e9sines Collages Tropicalisation : Travaux sur cartes \u00e9lectroniques Vernis aqueux Silicones\" \/>\n<meta property=\"og:url\" content=\"https:\/\/www.erma-electronique.fr\/en\/metiers\/micro-plasturgie-tropicalisation-peinture\/\" \/>\n<meta property=\"og:site_name\" content=\"Erma electronique - Groupe charbonnier\" \/>\n<meta property=\"article:modified_time\" content=\"2025-03-25T09:21:36+00:00\" \/>\n<meta property=\"og:image\" content=\"https:\/\/www.erma-electronique.fr\/wp-content\/uploads\/2024\/05\/DOMAINES-INTER_Metiers_-Procedes-speciaux_MICRO-1-scaled.jpg\" \/>\n<meta name=\"twitter:card\" content=\"summary_large_image\" \/>\n<meta name=\"twitter:label1\" content=\"Estimated reading time\" \/>\n\t<meta name=\"twitter:data1\" content=\"3 minutes\" \/>\n<script type=\"application\/ld+json\" class=\"yoast-schema-graph\">{\"@context\":\"https:\/\/schema.org\",\"@graph\":[{\"@type\":\"WebPage\",\"@id\":\"https:\/\/www.erma-electronique.fr\/metiers\/micro-plasturgie-tropicalisation-peinture\/\",\"url\":\"https:\/\/www.erma-electronique.fr\/metiers\/micro-plasturgie-tropicalisation-peinture\/\",\"name\":\"Micro-plasturgie, Tropicalisation, Peinture - Erma electronique - Groupe charbonnier\",\"isPartOf\":{\"@id\":\"https:\/\/www.erma-electronique.fr\/#website\"},\"datePublished\":\"2024-05-14T08:10:51+00:00\",\"dateModified\":\"2025-03-25T09:21:36+00:00\",\"breadcrumb\":{\"@id\":\"https:\/\/www.erma-electronique.fr\/metiers\/micro-plasturgie-tropicalisation-peinture\/#breadcrumb\"},\"inLanguage\":\"en-GB\",\"potentialAction\":[{\"@type\":\"ReadAction\",\"target\":[\"https:\/\/www.erma-electronique.fr\/metiers\/micro-plasturgie-tropicalisation-peinture\/\"]}]},{\"@type\":\"BreadcrumbList\",\"@id\":\"https:\/\/www.erma-electronique.fr\/metiers\/micro-plasturgie-tropicalisation-peinture\/#breadcrumb\",\"itemListElement\":[{\"@type\":\"ListItem\",\"position\":1,\"name\":\"Accueil\",\"item\":\"https:\/\/www.erma-electronique.fr\/\"},{\"@type\":\"ListItem\",\"position\":2,\"name\":\"M\u00e9tiers\",\"item\":\"https:\/\/www.erma-electronique.fr\/metiers\/\"},{\"@type\":\"ListItem\",\"position\":3,\"name\":\"Micro-plasturgie, Tropicalisation, Peinture\"}]},{\"@type\":\"WebSite\",\"@id\":\"https:\/\/www.erma-electronique.fr\/#website\",\"url\":\"https:\/\/www.erma-electronique.fr\/\",\"name\":\"Erma electronique - Groupe charbonnier\",\"description\":\"\",\"potentialAction\":[{\"@type\":\"SearchAction\",\"target\":{\"@type\":\"EntryPoint\",\"urlTemplate\":\"https:\/\/www.erma-electronique.fr\/?s={search_term_string}\"},\"query-input\":\"required name=search_term_string\"}],\"inLanguage\":\"en-GB\"}]}<\/script>\n<!-- \/ Yoast SEO plugin. -->","yoast_head_json":{"title":"Micro-plasturgie, Tropicalisation, Peinture - Erma electronique - Groupe charbonnier","robots":{"index":"index","follow":"follow","max-snippet":"max-snippet:-1","max-image-preview":"max-image-preview:large","max-video-preview":"max-video-preview:-1"},"canonical":"https:\/\/www.erma-electronique.fr\/en\/metiers\/micro-plasturgie-tropicalisation-peinture\/","og_locale":"en_GB","og_type":"article","og_title":"Micro-plasturgie, Tropicalisation, Peinture - Erma electronique - Groupe charbonnier","og_description":"ERMA ELECTRONIQUE Nos M\u00e9tiers Microplasturgie tropicalisation Micro-Plasturgie Micro-Plasturgie\u00a0basse-pression \u00e0 froid Joints protection silicones R\u00e9sines Collages Tropicalisation : Travaux sur cartes \u00e9lectroniques Vernis aqueux Silicones","og_url":"https:\/\/www.erma-electronique.fr\/en\/metiers\/micro-plasturgie-tropicalisation-peinture\/","og_site_name":"Erma electronique - Groupe charbonnier","article_modified_time":"2025-03-25T09:21:36+00:00","og_image":[{"url":"https:\/\/www.erma-electronique.fr\/wp-content\/uploads\/2024\/05\/DOMAINES-INTER_Metiers_-Procedes-speciaux_MICRO-1-scaled.jpg"}],"twitter_card":"summary_large_image","twitter_misc":{"Estimated reading time":"3 minutes"},"schema":{"@context":"https:\/\/schema.org","@graph":[{"@type":"WebPage","@id":"https:\/\/www.erma-electronique.fr\/metiers\/micro-plasturgie-tropicalisation-peinture\/","url":"https:\/\/www.erma-electronique.fr\/metiers\/micro-plasturgie-tropicalisation-peinture\/","name":"Micro-plasturgie, Tropicalisation, Peinture - Erma electronique - Groupe charbonnier","isPartOf":{"@id":"https:\/\/www.erma-electronique.fr\/#website"},"datePublished":"2024-05-14T08:10:51+00:00","dateModified":"2025-03-25T09:21:36+00:00","breadcrumb":{"@id":"https:\/\/www.erma-electronique.fr\/metiers\/micro-plasturgie-tropicalisation-peinture\/#breadcrumb"},"inLanguage":"en-GB","potentialAction":[{"@type":"ReadAction","target":["https:\/\/www.erma-electronique.fr\/metiers\/micro-plasturgie-tropicalisation-peinture\/"]}]},{"@type":"BreadcrumbList","@id":"https:\/\/www.erma-electronique.fr\/metiers\/micro-plasturgie-tropicalisation-peinture\/#breadcrumb","itemListElement":[{"@type":"ListItem","position":1,"name":"Accueil","item":"https:\/\/www.erma-electronique.fr\/"},{"@type":"ListItem","position":2,"name":"M\u00e9tiers","item":"https:\/\/www.erma-electronique.fr\/metiers\/"},{"@type":"ListItem","position":3,"name":"Micro-plasturgie, Tropicalisation, Peinture"}]},{"@type":"WebSite","@id":"https:\/\/www.erma-electronique.fr\/#website","url":"https:\/\/www.erma-electronique.fr\/","name":"Erma electronique - Groupe charbonnier","description":"","potentialAction":[{"@type":"SearchAction","target":{"@type":"EntryPoint","urlTemplate":"https:\/\/www.erma-electronique.fr\/?s={search_term_string}"},"query-input":"required name=search_term_string"}],"inLanguage":"en-GB"}]}},"_links":{"self":[{"href":"https:\/\/www.erma-electronique.fr\/en\/wp-json\/wp\/v2\/pages\/4691","targetHints":{"allow":["GET"]}}],"collection":[{"href":"https:\/\/www.erma-electronique.fr\/en\/wp-json\/wp\/v2\/pages"}],"about":[{"href":"https:\/\/www.erma-electronique.fr\/en\/wp-json\/wp\/v2\/types\/page"}],"author":[{"embeddable":true,"href":"https:\/\/www.erma-electronique.fr\/en\/wp-json\/wp\/v2\/users\/3"}],"replies":[{"embeddable":true,"href":"https:\/\/www.erma-electronique.fr\/en\/wp-json\/wp\/v2\/comments?post=4691"}],"version-history":[{"count":16,"href":"https:\/\/www.erma-electronique.fr\/en\/wp-json\/wp\/v2\/pages\/4691\/revisions"}],"predecessor-version":[{"id":4882,"href":"https:\/\/www.erma-electronique.fr\/en\/wp-json\/wp\/v2\/pages\/4691\/revisions\/4882"}],"up":[{"embeddable":true,"href":"https:\/\/www.erma-electronique.fr\/en\/wp-json\/wp\/v2\/pages\/2989"}],"wp:attachment":[{"href":"https:\/\/www.erma-electronique.fr\/en\/wp-json\/wp\/v2\/media?parent=4691"}],"curies":[{"name":"wp","href":"https:\/\/api.w.org\/{rel}","templated":true}]}}